{"id":12282,"date":"2025-05-17T13:31:14","date_gmt":"2025-05-17T10:31:14","guid":{"rendered":"https:\/\/bitessiulai.lt\/?post_type=product&#038;p=12282"},"modified":"2026-02-16T19:10:04","modified_gmt":"2026-02-16T17:10:04","slug":"chiaogoo-twist-red-lace-valas-prisukamiems-virbalams","status":"publish","type":"product","link":"https:\/\/bitessiulai.lt\/en\/product\/chiaogoo-twist-red-lace-valas-prisukamiems-virbalams\/","title":{"rendered":"ChiaoGoo Twist Red Lace line for screw-in rods"},"content":{"rendered":"<p>ChiaoGoo Twist Red Lace line for screw-in rods. The lines are made of memory-free, multi-strand steel with a red nylon coating, they are very durable and flexible, so they are easy to knit with rods.<\/p>\n<p><strong>S line\u00a0<\/strong>\u2013 medium thickness, suitable for use with\u00a0<strong>2.75mm \u2013 5.00mm<\/strong> with screw-on pins<\/p>\n<p><strong>L<\/strong>\u00a0<strong>line<\/strong> \u2013 the thickest line suitable for use with<strong> 5.00mm. \u2013 10mm <\/strong>with screw-on pins<\/p>","protected":false},"excerpt":{"rendered":"<p>ChiaoGoo Twist Red Lace valas prisukamiems virbalams. Valai pagaminti i\u0161 atminties neturin\u010dio, daugiagyslio plieno su raudona nailono danga, jie yra labai patvar\u016bs ir lankst\u016bs, tad su virbalais lengva megzti. S valas\u00a0\u2013 vidutinio storumo, tinkamas naudoti su\u00a02.75 mm &#8211; 5.00 mm prisukamais virbalais L\u00a0valas \u2013 storiausias valas, tinkamas naudoti su 5.00mm. &#8211; 10 mm prisukamais virbalais<\/p>","protected":false},"featured_media":12283,"comment_status":"open","ping_status":"closed","template":"","meta":[],"product_brand":[],"product_cat":[185,2419,180,2123],"product_tag":[],"giftcard-category":[],"class_list":{"0":"post-12282","1":"product","2":"type-product","3":"status-publish","4":"has-post-thumbnail","6":"product_cat-valai-virbalams","7":"product_cat-chiaogoo","8":"product_cat-mezgimo-priemones","9":"product_cat-mezgimo-priemoniu-gamintojai","11":"first","12":"instock","13":"taxable","14":"shipping-taxable","15":"purchasable","16":"product-type-variable"},"_links":{"self":[{"href":"https:\/\/bitessiulai.lt\/en\/wp-json\/wp\/v2\/product\/12282","targetHints":{"allow":["GET"]}}],"collection":[{"href":"https:\/\/bitessiulai.lt\/en\/wp-json\/wp\/v2\/product"}],"about":[{"href":"https:\/\/bitessiulai.lt\/en\/wp-json\/wp\/v2\/types\/product"}],"replies":[{"embeddable":true,"href":"https:\/\/bitessiulai.lt\/en\/wp-json\/wp\/v2\/comments?post=12282"}],"version-history":[{"count":1,"href":"https:\/\/bitessiulai.lt\/en\/wp-json\/wp\/v2\/product\/12282\/revisions"}],"predecessor-version":[{"id":20413,"href":"https:\/\/bitessiulai.lt\/en\/wp-json\/wp\/v2\/product\/12282\/revisions\/20413"}],"wp:featuredmedia":[{"embeddable":true,"href":"https:\/\/bitessiulai.lt\/en\/wp-json\/wp\/v2\/media\/12283"}],"wp:attachment":[{"href":"https:\/\/bitessiulai.lt\/en\/wp-json\/wp\/v2\/media?parent=12282"}],"wp:term":[{"taxonomy":"product_brand","embeddable":true,"href":"https:\/\/bitessiulai.lt\/en\/wp-json\/wp\/v2\/product_brand?post=12282"},{"taxonomy":"product_cat","embeddable":true,"href":"https:\/\/bitessiulai.lt\/en\/wp-json\/wp\/v2\/product_cat?post=12282"},{"taxonomy":"product_tag","embeddable":true,"href":"https:\/\/bitessiulai.lt\/en\/wp-json\/wp\/v2\/product_tag?post=12282"},{"taxonomy":"giftcard-category","embeddable":true,"href":"https:\/\/bitessiulai.lt\/en\/wp-json\/wp\/v2\/giftcard-category?post=12282"}],"curies":[{"name":"wp","href":"https:\/\/api.w.org\/{rel}","templated":true}]}}