{"id":10715,"date":"2025-03-26T11:44:45","date_gmt":"2025-03-26T09:44:45","guid":{"rendered":"https:\/\/bitessiulai.lt\/?post_type=product&#038;p=10715"},"modified":"2026-04-03T16:46:52","modified_gmt":"2026-04-03T13:46:52","slug":"lanoso-ir-yarnart-rinkinukas-10","status":"publish","type":"product","link":"https:\/\/bitessiulai.lt\/en\/product\/lanoso-ir-yarnart-rinkinukas-10\/","title":{"rendered":"Lanoso and YarnArt set"},"content":{"rendered":"<h6><strong>Lanoso and YarnArt set:<\/strong><\/h6>\n<ul>\n<li>Lanos Single 2pcs.<\/li>\n<li>YarnArt Symphony Dream 4pcs.<\/li>\n<\/ul>\n<p><strong>Lanos Single<\/strong><\/p>\n<p><img fetchpriority=\"high\" decoding=\"async\" class=\"alignnone size-medium wp-image-10717\" src=\"http:\/\/bitessiulai.lt\/wp-content\/uploads\/2025\/03\/08674a8a-2d7f-4040-a82a-2611845e18d5-600x619-1-291x300.jpg\" alt=\"\" width=\"291\" height=\"300\" srcset=\"https:\/\/bitessiulai.lt\/wp-content\/uploads\/2025\/03\/08674a8a-2d7f-4040-a82a-2611845e18d5-600x619-1-291x300.jpg 291w, https:\/\/bitessiulai.lt\/wp-content\/uploads\/2025\/03\/08674a8a-2d7f-4040-a82a-2611845e18d5-600x619-1-12x12.jpg 12w, https:\/\/bitessiulai.lt\/wp-content\/uploads\/2025\/03\/08674a8a-2d7f-4040-a82a-2611845e18d5-600x619-1-145x150.jpg 145w, https:\/\/bitessiulai.lt\/wp-content\/uploads\/2025\/03\/08674a8a-2d7f-4040-a82a-2611845e18d5-600x619-1.jpg 600w\" sizes=\"(max-width: 291px) 100vw, 291px\" \/><\/p>\n<p>(Color: 928)<\/p>\n<ul>\n<li dir=\"auto\"><strong>Composition:<\/strong> 90% polyamide, 10% polyester<\/li>\n<li dir=\"auto\"><strong>Weight\/length:<\/strong> 100 years = approximately 70 years.<\/li>\n<li dir=\"auto\"><strong>Recommended knitting needle size:<\/strong> 5 \u2013 6 mm.<\/li>\n<li dir=\"auto\"><strong>Recommended size of the vase:<\/strong> 5 \u2013 6 mm.<\/li>\n<\/ul>\n<p>&nbsp;<\/p>\n<p><span class=\"html-span xexx8yu x4uap5 x18d9i69 xkhd6sd x1hl2dhg x16tdsg8 x1vvkbs x3nfvp2 x1j61x8r x1fcty0u xdj266r xat24cr xgzva0m xhhsvwb xxymvpz xlup9mm x1kky2od\"><img decoding=\"async\" class=\"xz74otr\" src=\"https:\/\/static.xx.fbcdn.net\/images\/emoji.php\/v9\/t2d\/1\/16\/1f4cd.png\" alt=\"\ud83d\udccd\" width=\"16\" height=\"16\" \/><\/span> <strong>Price \u20ac3.70<\/strong><\/p>\n<p><strong>YarnArt Symphony Dream<\/strong><\/p>\n<p><img decoding=\"async\" class=\"alignnone size-medium wp-image-10718\" src=\"http:\/\/bitessiulai.lt\/wp-content\/uploads\/2025\/03\/YARNART_SYMPHONY_DREAM_3108_DETAY-600x600-1-300x300.jpg\" alt=\"\" width=\"300\" height=\"300\" srcset=\"https:\/\/bitessiulai.lt\/wp-content\/uploads\/2025\/03\/YARNART_SYMPHONY_DREAM_3108_DETAY-600x600-1-300x300.jpg 300w, https:\/\/bitessiulai.lt\/wp-content\/uploads\/2025\/03\/YARNART_SYMPHONY_DREAM_3108_DETAY-600x600-1-150x150.jpg 150w, https:\/\/bitessiulai.lt\/wp-content\/uploads\/2025\/03\/YARNART_SYMPHONY_DREAM_3108_DETAY-600x600-1-12x12.jpg 12w, https:\/\/bitessiulai.lt\/wp-content\/uploads\/2025\/03\/YARNART_SYMPHONY_DREAM_3108_DETAY-600x600-1-96x96.jpg 96w, https:\/\/bitessiulai.lt\/wp-content\/uploads\/2025\/03\/YARNART_SYMPHONY_DREAM_3108_DETAY-600x600-1.jpg 600w\" sizes=\"(max-width: 300px) 100vw, 300px\" \/><\/p>\n<p>(Color: 3108)<\/p>\n<ul>\n<li dir=\"auto\"><strong>Composition:<\/strong> 80% cotton, 20% viscose<\/li>\n<li dir=\"auto\"><strong>Weight\/length:<\/strong> 150 years = approximately 245 years.<\/li>\n<li dir=\"auto\"><strong>Recommended knitting needle size:<\/strong> 4 mm.<\/li>\n<li dir=\"auto\"><strong>Recommended size of the vase:<\/strong> 4 mm.<\/li>\n<\/ul>\n<p>&nbsp;<\/p>\n<p><span class=\"html-span xexx8yu x4uap5 x18d9i69 xkhd6sd x1hl2dhg x16tdsg8 x1vvkbs x3nfvp2 x1j61x8r x1fcty0u xdj266r xat24cr xgzva0m xhhsvwb xxymvpz xlup9mm x1kky2od\"><img decoding=\"async\" class=\"xz74otr\" src=\"https:\/\/static.xx.fbcdn.net\/images\/emoji.php\/v9\/t2d\/1\/16\/1f4cd.png\" alt=\"\ud83d\udccd\" width=\"16\" height=\"16\" \/><\/span> <strong>Price \u20ac3.20<\/strong><\/p>\n<p><span class=\"html-span xexx8yu x4uap5 x18d9i69 xkhd6sd x1hl2dhg x16tdsg8 x1vvkbs x3nfvp2 x1j61x8r x1fcty0u xdj266r xat24cr xgzva0m xhhsvwb xxymvpz xlup9mm x1kky2od\"><img decoding=\"async\" class=\"xz74otr\" src=\"https:\/\/static.xx.fbcdn.net\/images\/emoji.php\/v9\/t2d\/1\/16\/1f4cd.png\" alt=\"\ud83d\udccd\" width=\"16\" height=\"16\" \/>If the Lanoso and YarnArt set is unavailable or a larger quantity is required, please contact us. <img decoding=\"async\" class=\"xz74otr\" src=\"https:\/\/static.xx.fbcdn.net\/images\/emoji.php\/v9\/t2d\/1\/16\/1f4cd.png\" alt=\"\ud83d\udccd\" width=\"16\" height=\"16\" \/><\/span><\/p>\n<div class=\"item\">\n<ul>\n<li class=\"text\">+370 672 44443<\/li>\n<\/ul>\n<\/div>\n<div class=\"item\">\n<ul>\n<li class=\"text\">info@bitessiulai.lt<\/li>\n<\/ul>\n<\/div>\n<p>&nbsp;<\/p>\n<p>*The colors you see on your screen may differ slightly from the actual thread color.<\/p>","protected":false},"excerpt":{"rendered":"<p>Lanoso ir YarnArt rinkinukas: Lanoso Single 2vnt. YarnArt Symphony Dream 4vnt. Lanoso Single (Spalva: 928) Sud\u0117tis: 90% poliamidas, 10% poliesteris Svoris\/ilgis: 100 g.= ma\u017edaug 70 m. Rekomenduojamas virbal\u0173 dydis: 5 \u2013 6\u00a0 mm. Rekomenduojamas va\u0161elio dydis: 5 \u2013 6\u00a0 mm. &nbsp; Kaina 3,70\u20ac YarnArt Symphony Dream (Spalva: 3108) Sud\u0117tis: 80% medviln\u0117, 20% viskoz\u0117 Svoris\/ilgis: 150 g.= ma\u017edaug 245m. Rekomenduojamas virbal\u0173 dydis: 4\u00a0 mm. Rekomenduojamas va\u0161elio dydis: 4\u00a0 mm. &nbsp; Kaina 3,20\u20ac Jeigu prekyboje Lanoso ir YarnArt rinkinys yra neprieinamas n\u0117ra arba reikalingas didesnis kiekis, susiekite su Mumis +370 672 44443 info@bitessiulai.lt &nbsp; *Ekrane matomos spalvos gali \u0161iek tiek skirtis nuo tikrosios si\u016bl\u0173 spalvos.<\/p>","protected":false},"featured_media":10716,"comment_status":"open","ping_status":"closed","template":"","meta":[],"product_brand":[],"product_cat":[176,3561],"product_tag":[],"giftcard-category":[],"class_list":{"0":"post-10715","1":"product","2":"type-product","3":"status-publish","4":"has-post-thumbnail","6":"product_cat-siulu-rinkinukai","7":"product_cat-rinkinukai-su-yarnart-symphony-dream","9":"first","10":"instock","11":"taxable","12":"shipping-taxable","13":"purchasable","14":"product-type-simple"},"_links":{"self":[{"href":"https:\/\/bitessiulai.lt\/en\/wp-json\/wp\/v2\/product\/10715","targetHints":{"allow":["GET"]}}],"collection":[{"href":"https:\/\/bitessiulai.lt\/en\/wp-json\/wp\/v2\/product"}],"about":[{"href":"https:\/\/bitessiulai.lt\/en\/wp-json\/wp\/v2\/types\/product"}],"replies":[{"embeddable":true,"href":"https:\/\/bitessiulai.lt\/en\/wp-json\/wp\/v2\/comments?post=10715"}],"version-history":[{"count":1,"href":"https:\/\/bitessiulai.lt\/en\/wp-json\/wp\/v2\/product\/10715\/revisions"}],"predecessor-version":[{"id":24803,"href":"https:\/\/bitessiulai.lt\/en\/wp-json\/wp\/v2\/product\/10715\/revisions\/24803"}],"wp:featuredmedia":[{"embeddable":true,"href":"https:\/\/bitessiulai.lt\/en\/wp-json\/wp\/v2\/media\/10716"}],"wp:attachment":[{"href":"https:\/\/bitessiulai.lt\/en\/wp-json\/wp\/v2\/media?parent=10715"}],"wp:term":[{"taxonomy":"product_brand","embeddable":true,"href":"https:\/\/bitessiulai.lt\/en\/wp-json\/wp\/v2\/product_brand?post=10715"},{"taxonomy":"product_cat","embeddable":true,"href":"https:\/\/bitessiulai.lt\/en\/wp-json\/wp\/v2\/product_cat?post=10715"},{"taxonomy":"product_tag","embeddable":true,"href":"https:\/\/bitessiulai.lt\/en\/wp-json\/wp\/v2\/product_tag?post=10715"},{"taxonomy":"giftcard-category","embeddable":true,"href":"https:\/\/bitessiulai.lt\/en\/wp-json\/wp\/v2\/giftcard-category?post=10715"}],"curies":[{"name":"wp","href":"https:\/\/api.w.org\/{rel}","templated":true}]}}