{"id":10602,"date":"2025-03-23T17:29:42","date_gmt":"2025-03-23T15:29:42","guid":{"rendered":"https:\/\/bitessiulai.lt\/?post_type=product&#038;p=10602"},"modified":"2025-12-19T17:12:40","modified_gmt":"2025-12-19T15:12:40","slug":"milward-2-skyluciu-sagos-9","status":"publish","type":"product","link":"https:\/\/bitessiulai.lt\/en\/product\/milward-2-skyluciu-sagos-9\/","title":{"rendered":"Milward 2-hole buttons"},"content":{"rendered":"<p>\u0160ios gra\u017eios Milward 2 skylu\u010di\u0173 sagos yra ne\u012ftik\u0117tinai universalios: jas galite naudoti prie (rank\u0173 darbo) drabu\u017ei\u0173, nam\u0173 dekoro element\u0173 ir aksesuar\u0173. \u0160ios apvalios sagos su baltais ta\u0161keliais gali b\u016bti prisi\u016btos rankomis per dvi skylutes. Jie pagaminti i\u0161 nailono ir skalbiami iki 40\u00b0C. Sagos supakuoti \u012f stiling\u0105 kartonin\u012f vok\u0105.<\/p>\n<p>15mm. x 6pcs.<\/p>\n<p><img fetchpriority=\"high\" decoding=\"async\" class=\"alignnone size-medium wp-image-10603\" src=\"http:\/\/bitessiulai.lt\/wp-content\/uploads\/2025\/03\/mg9033385-3-300x300.webp\" alt=\"\" width=\"300\" height=\"300\" srcset=\"https:\/\/bitessiulai.lt\/wp-content\/uploads\/2025\/03\/mg9033385-3-300x300.webp 300w, https:\/\/bitessiulai.lt\/wp-content\/uploads\/2025\/03\/mg9033385-3-150x150.webp 150w, https:\/\/bitessiulai.lt\/wp-content\/uploads\/2025\/03\/mg9033385-3-12x12.webp 12w, https:\/\/bitessiulai.lt\/wp-content\/uploads\/2025\/03\/mg9033385-3-96x96.webp 96w, https:\/\/bitessiulai.lt\/wp-content\/uploads\/2025\/03\/mg9033385-3.webp 583w\" sizes=\"(max-width: 300px) 100vw, 300px\" \/><\/p>\n<p>*Colors seen on screen may differ slightly from actual color.<\/p>","protected":false},"excerpt":{"rendered":"<p>\u0160ios gra\u017eios Milward 2 skylu\u010di\u0173 sagos yra ne\u012ftik\u0117tinai universalios: jas galite naudoti prie (rank\u0173 darbo) drabu\u017ei\u0173, nam\u0173 dekoro element\u0173 ir aksesuar\u0173. \u0160ios apvalios sagos su baltais ta\u0161keliais gali b\u016bti prisi\u016btos rankomis per dvi skylutes. Jie pagaminti i\u0161 nailono ir skalbiami iki 40\u00b0C. Sagos supakuoti \u012f stiling\u0105 kartonin\u012f vok\u0105. 15mm. x 6vnt. *Ekrane matomos spalvos gali \u0161iek tiek skirtis nuo tikrosios spalvos.<\/p>","protected":false},"featured_media":10605,"comment_status":"open","ping_status":"closed","template":"","meta":[],"product_brand":[],"product_cat":[192,210],"product_tag":[],"giftcard-category":[],"class_list":{"0":"post-10602","1":"product","2":"type-product","3":"status-publish","4":"has-post-thumbnail","6":"product_cat-priedai-mezgimui","7":"product_cat-sagos","9":"first","10":"instock","11":"taxable","12":"shipping-taxable","13":"purchasable","14":"product-type-simple"},"_links":{"self":[{"href":"https:\/\/bitessiulai.lt\/en\/wp-json\/wp\/v2\/product\/10602","targetHints":{"allow":["GET"]}}],"collection":[{"href":"https:\/\/bitessiulai.lt\/en\/wp-json\/wp\/v2\/product"}],"about":[{"href":"https:\/\/bitessiulai.lt\/en\/wp-json\/wp\/v2\/types\/product"}],"replies":[{"embeddable":true,"href":"https:\/\/bitessiulai.lt\/en\/wp-json\/wp\/v2\/comments?post=10602"}],"version-history":[{"count":1,"href":"https:\/\/bitessiulai.lt\/en\/wp-json\/wp\/v2\/product\/10602\/revisions"}],"predecessor-version":[{"id":20997,"href":"https:\/\/bitessiulai.lt\/en\/wp-json\/wp\/v2\/product\/10602\/revisions\/20997"}],"wp:featuredmedia":[{"embeddable":true,"href":"https:\/\/bitessiulai.lt\/en\/wp-json\/wp\/v2\/media\/10605"}],"wp:attachment":[{"href":"https:\/\/bitessiulai.lt\/en\/wp-json\/wp\/v2\/media?parent=10602"}],"wp:term":[{"taxonomy":"product_brand","embeddable":true,"href":"https:\/\/bitessiulai.lt\/en\/wp-json\/wp\/v2\/product_brand?post=10602"},{"taxonomy":"product_cat","embeddable":true,"href":"https:\/\/bitessiulai.lt\/en\/wp-json\/wp\/v2\/product_cat?post=10602"},{"taxonomy":"product_tag","embeddable":true,"href":"https:\/\/bitessiulai.lt\/en\/wp-json\/wp\/v2\/product_tag?post=10602"},{"taxonomy":"giftcard-category","embeddable":true,"href":"https:\/\/bitessiulai.lt\/en\/wp-json\/wp\/v2\/giftcard-category?post=10602"}],"curies":[{"name":"wp","href":"https:\/\/api.w.org\/{rel}","templated":true}]}}