{"id":10520,"date":"2025-03-23T16:25:49","date_gmt":"2025-03-23T14:25:49","guid":{"rendered":"https:\/\/bitessiulai.lt\/?post_type=product&#038;p=10520"},"modified":"2025-09-12T16:04:22","modified_gmt":"2025-09-12T13:04:22","slug":"scheepjes-marmurinis-juodai-baltas-mezgejos-dubuo","status":"publish","type":"product","link":"https:\/\/bitessiulai.lt\/en\/product\/scheepjes-marmurinis-juodai-baltas-mezgejos-dubuo\/","title":{"rendered":"Scheepjes Marble Black and White Knitter&#039;s Bowl"},"content":{"rendered":"<p>Would you like to be able to crochet or knit without the ball of yarn rolling around? The Scheepjes marble black and white knitter&#039;s bowl is perfect for this. <b>decision<\/b> for you. Place the ball of yarn in the bowl and thread the yarn through the spiral opening on the side of the bowl. Since the ball of yarn can move freely and unwind in the yarn bowl, you can concentrate on knitting or crocheting without worries. This yarn bowl is made of plastic with a black and white marble effect. This lightly polished yarn bowl is 15 cm wide and 9 cm high. Each yarn bowl is handmade and therefore unique, which means that each bowl may look slightly different.<\/p>\n<p><img fetchpriority=\"high\" decoding=\"async\" class=\"alignnone size-medium wp-image-10521\" src=\"http:\/\/bitessiulai.lt\/wp-content\/uploads\/2025\/03\/23349-3_1_1-300x300.webp\" alt=\"\" width=\"300\" height=\"300\" srcset=\"https:\/\/bitessiulai.lt\/wp-content\/uploads\/2025\/03\/23349-3_1_1-300x300.webp 300w, https:\/\/bitessiulai.lt\/wp-content\/uploads\/2025\/03\/23349-3_1_1-150x150.webp 150w, https:\/\/bitessiulai.lt\/wp-content\/uploads\/2025\/03\/23349-3_1_1-12x12.webp 12w, https:\/\/bitessiulai.lt\/wp-content\/uploads\/2025\/03\/23349-3_1_1-600x600.webp 600w, https:\/\/bitessiulai.lt\/wp-content\/uploads\/2025\/03\/23349-3_1_1-96x96.webp 96w, https:\/\/bitessiulai.lt\/wp-content\/uploads\/2025\/03\/23349-3_1_1.webp 700w\" sizes=\"(max-width: 300px) 100vw, 300px\" \/><\/p>\n<p>*Colors seen on screen may differ slightly from actual color.<\/p>","protected":false},"excerpt":{"rendered":"<p>Ar nor\u0117tum\u0117te tur\u0117ti galimyb\u0119 nerti ar megzti, kad si\u016bl\u0173 kamuoliukas nenuried\u0117t\u0173? Scheepjes marmurinis juodai baltas mezg\u0117jos dubuo yra tinkamas sprendimas jums. \u012ed\u0117kite si\u016bl\u0173 kamuoliuk\u0105 \u012f duben\u012f ir perki\u0161kite si\u016bl\u0105 per spiralin\u0119 ang\u0105 dubens \u0161one. Kadangi si\u016bl\u0173 rutulys gali laisvai jud\u0117ti ir i\u0161sivynioti si\u016bl\u0173 dubenyje, galite be r\u016bpes\u010di\u0173 susikoncentruoti \u012f mezgim\u0105 ar n\u0117rim\u0105. \u0160is verpal\u0173 dubuo pagamintas i\u0161 plastiko, turin\u010dio juodai balt\u0105 marmurin\u012f efekt\u0105. \u0160is \u0161velniai poliruot\u0173 si\u016bl\u0173 dubuo yra 15 cm plo\u010dio ir 9 cm auk\u0161\u010dio. Kiekvienas si\u016bl\u0173 dubuo yra rank\u0173 darbo, tod\u0117l unikalus, o tai rei\u0161kia, kad kiekvienas dubuo gali atrodyti \u0161iek tiek kitaip. *Ekrane matomos spalvos gali \u0161iek tiek skirtis nuo tikrosios spalvos.<\/p>","protected":false},"featured_media":10523,"comment_status":"open","ping_status":"closed","template":"","meta":[],"product_brand":[],"product_cat":[192,916],"product_tag":[],"giftcard-category":[],"class_list":{"0":"post-10520","1":"product","2":"type-product","3":"status-publish","4":"has-post-thumbnail","6":"product_cat-priedai-mezgimui","7":"product_cat-kitos-priemones","9":"first","10":"instock","11":"taxable","12":"shipping-taxable","13":"purchasable","14":"product-type-simple"},"_links":{"self":[{"href":"https:\/\/bitessiulai.lt\/en\/wp-json\/wp\/v2\/product\/10520","targetHints":{"allow":["GET"]}}],"collection":[{"href":"https:\/\/bitessiulai.lt\/en\/wp-json\/wp\/v2\/product"}],"about":[{"href":"https:\/\/bitessiulai.lt\/en\/wp-json\/wp\/v2\/types\/product"}],"replies":[{"embeddable":true,"href":"https:\/\/bitessiulai.lt\/en\/wp-json\/wp\/v2\/comments?post=10520"}],"version-history":[{"count":0,"href":"https:\/\/bitessiulai.lt\/en\/wp-json\/wp\/v2\/product\/10520\/revisions"}],"wp:featuredmedia":[{"embeddable":true,"href":"https:\/\/bitessiulai.lt\/en\/wp-json\/wp\/v2\/media\/10523"}],"wp:attachment":[{"href":"https:\/\/bitessiulai.lt\/en\/wp-json\/wp\/v2\/media?parent=10520"}],"wp:term":[{"taxonomy":"product_brand","embeddable":true,"href":"https:\/\/bitessiulai.lt\/en\/wp-json\/wp\/v2\/product_brand?post=10520"},{"taxonomy":"product_cat","embeddable":true,"href":"https:\/\/bitessiulai.lt\/en\/wp-json\/wp\/v2\/product_cat?post=10520"},{"taxonomy":"product_tag","embeddable":true,"href":"https:\/\/bitessiulai.lt\/en\/wp-json\/wp\/v2\/product_tag?post=10520"},{"taxonomy":"giftcard-category","embeddable":true,"href":"https:\/\/bitessiulai.lt\/en\/wp-json\/wp\/v2\/giftcard-category?post=10520"}],"curies":[{"name":"wp","href":"https:\/\/api.w.org\/{rel}","templated":true}]}}