{"id":10517,"date":"2025-03-23T16:12:24","date_gmt":"2025-03-23T14:12:24","guid":{"rendered":"https:\/\/bitessiulai.lt\/?post_type=product&#038;p=10517"},"modified":"2026-01-21T11:08:15","modified_gmt":"2026-01-21T09:08:15","slug":"peledos-sagos","status":"publish","type":"product","link":"https:\/\/bitessiulai.lt\/en\/product\/peledos-sagos\/","title":{"rendered":"Owl buttons"},"content":{"rendered":"<p>These cute, colorful wooden owl buttons will add a fun finishing touch to a variety of creative projects. Whether you want to decorate homemade bags, scarves and hats, or use them as a clasp on cardigans or shawls, these buttons will work perfectly. Each button has two holes and is designed to be sewn on by hand. All owl buttons are size 40 (25 mm).<\/p>\n<p>*Colors seen on screen may differ slightly from actual color.<\/p>","protected":false},"excerpt":{"rendered":"<p>\u0160ios mielos, spalvotos medin\u0117s pel\u0117dos sagos suteiks smag\u0173 u\u017ebaigim\u0105 \u012fvairiems k\u016brybiniams projektams. Nesvarbu, ar norite papuo\u0161ti naminius krep\u0161ius, \u0161alikus ir skryb\u0117les, ar naudoti ant kardigan\u0173 ar skar\u0173 kaip u\u017esegim\u0105, \u0161ios sagos puikiai tiks. Kiekviena saga turi dvi skylutes ir yra skirtas susi\u016bti rankomis. Visos pel\u0117dos sagos yra 40 (25 mm) dyd\u017eio. *Ekrane matomos spalvos gali \u0161iek tiek skirtis nuo tikrosios spalvos.<\/p>","protected":false},"featured_media":10518,"comment_status":"open","ping_status":"closed","template":"","meta":[],"product_brand":[],"product_cat":[15,192,210],"product_tag":[],"giftcard-category":[],"class_list":{"0":"post-10517","1":"product","2":"type-product","3":"status-publish","4":"has-post-thumbnail","6":"product_cat-be-kategorijos","7":"product_cat-priedai-mezgimui","8":"product_cat-sagos","10":"first","11":"instock","12":"taxable","13":"shipping-taxable","14":"purchasable","15":"product-type-simple"},"_links":{"self":[{"href":"https:\/\/bitessiulai.lt\/en\/wp-json\/wp\/v2\/product\/10517","targetHints":{"allow":["GET"]}}],"collection":[{"href":"https:\/\/bitessiulai.lt\/en\/wp-json\/wp\/v2\/product"}],"about":[{"href":"https:\/\/bitessiulai.lt\/en\/wp-json\/wp\/v2\/types\/product"}],"replies":[{"embeddable":true,"href":"https:\/\/bitessiulai.lt\/en\/wp-json\/wp\/v2\/comments?post=10517"}],"version-history":[{"count":0,"href":"https:\/\/bitessiulai.lt\/en\/wp-json\/wp\/v2\/product\/10517\/revisions"}],"wp:featuredmedia":[{"embeddable":true,"href":"https:\/\/bitessiulai.lt\/en\/wp-json\/wp\/v2\/media\/10518"}],"wp:attachment":[{"href":"https:\/\/bitessiulai.lt\/en\/wp-json\/wp\/v2\/media?parent=10517"}],"wp:term":[{"taxonomy":"product_brand","embeddable":true,"href":"https:\/\/bitessiulai.lt\/en\/wp-json\/wp\/v2\/product_brand?post=10517"},{"taxonomy":"product_cat","embeddable":true,"href":"https:\/\/bitessiulai.lt\/en\/wp-json\/wp\/v2\/product_cat?post=10517"},{"taxonomy":"product_tag","embeddable":true,"href":"https:\/\/bitessiulai.lt\/en\/wp-json\/wp\/v2\/product_tag?post=10517"},{"taxonomy":"giftcard-category","embeddable":true,"href":"https:\/\/bitessiulai.lt\/en\/wp-json\/wp\/v2\/giftcard-category?post=10517"}],"curies":[{"name":"wp","href":"https:\/\/api.w.org\/{rel}","templated":true}]}}