{"id":9045,"date":"2025-03-02T19:12:08","date_gmt":"2025-03-02T17:12:08","guid":{"rendered":"https:\/\/bitessiulai.lt\/?post_type=product&#038;p=9045"},"modified":"2026-02-15T19:26:32","modified_gmt":"2026-02-15T17:26:32","slug":"knitpro-mezgimo-akiu-laikikliai","status":"publish","type":"product","link":"https:\/\/bitessiulai.lt\/de\/produkt\/knitpro-mezgimo-akiu-laikikliai\/","title":{"rendered":"KnitPro Strick\u00f6senhalter"},"content":{"rendered":"<p>KnitPro Strick\u00f6senhalter. Sorgen Sie mit den praktischen KnitPro Aluminium-Maschenhaltern daf\u00fcr, dass Ihre Strickarbeit ihre Form beh\u00e4lt! Mit diesen Schmuckst\u00fccken k\u00f6nnen Sie Ihre Maschen ganz einfach sichern und verriegeln, sodass Sie sich entspannen k\u00f6nnen, ohne sich Sorgen machen zu m\u00fcssen, dass Ihre harte Arbeit auseinanderf\u00e4llt (im wahrsten Sinne des Wortes). Jede Packung enth\u00e4lt drei verschieden gro\u00dfe, farbenfrohe Maschenhalter: klein (8,3 cm), mittel (11,5 cm) und gro\u00df (16,50 cm).<\/p>\n<p><img fetchpriority=\"high\" decoding=\"async\" class=\"alignnone size-medium wp-image-9047\" src=\"http:\/\/bitessiulai.lt\/wp-content\/uploads\/2025\/03\/k45502-3-300x300.webp\" alt=\"\" width=\"300\" height=\"300\" srcset=\"https:\/\/bitessiulai.lt\/wp-content\/uploads\/2025\/03\/k45502-3-300x300.webp 300w, https:\/\/bitessiulai.lt\/wp-content\/uploads\/2025\/03\/k45502-3-150x150.webp 150w, https:\/\/bitessiulai.lt\/wp-content\/uploads\/2025\/03\/k45502-3-12x12.webp 12w, https:\/\/bitessiulai.lt\/wp-content\/uploads\/2025\/03\/k45502-3-600x600.webp 600w, https:\/\/bitessiulai.lt\/wp-content\/uploads\/2025\/03\/k45502-3-96x96.webp 96w, https:\/\/bitessiulai.lt\/wp-content\/uploads\/2025\/03\/k45502-3.webp 700w\" sizes=\"(max-width: 300px) 100vw, 300px\" \/> <img decoding=\"async\" class=\"alignnone size-medium wp-image-9046\" src=\"http:\/\/bitessiulai.lt\/wp-content\/uploads\/2025\/03\/k45502-4-300x300.webp\" alt=\"\" width=\"300\" height=\"300\" srcset=\"https:\/\/bitessiulai.lt\/wp-content\/uploads\/2025\/03\/k45502-4-300x300.webp 300w, https:\/\/bitessiulai.lt\/wp-content\/uploads\/2025\/03\/k45502-4-150x150.webp 150w, https:\/\/bitessiulai.lt\/wp-content\/uploads\/2025\/03\/k45502-4-12x12.webp 12w, https:\/\/bitessiulai.lt\/wp-content\/uploads\/2025\/03\/k45502-4-600x600.webp 600w, https:\/\/bitessiulai.lt\/wp-content\/uploads\/2025\/03\/k45502-4-96x96.webp 96w, https:\/\/bitessiulai.lt\/wp-content\/uploads\/2025\/03\/k45502-4.webp 700w\" sizes=\"(max-width: 300px) 100vw, 300px\" \/><\/p>\n<p>*Die auf dem Bildschirm angezeigten Farben k\u00f6nnen leicht von der tats\u00e4chlichen Farbe abweichen.<\/p>\n<p>&nbsp;<\/p>","protected":false},"excerpt":{"rendered":"<p>KnitPro mezgimo aki\u0173 laikikliai. \u012esitikinkite, kad j\u016bs\u0173 mezginys i\u0161laikys form\u0105, naudodami prakti\u0161kus KnitPro aliuminio dygsnio laikiklius! \u0160ie brangakmeniai leid\u017eia lengvai pritvirtinti ir u\u017efiksuoti si\u016bles, kad gal\u0117tum\u0117te pails\u0117ti nesijaudindami, kad j\u016bs\u0173 sunkus darbas subyr\u0117s \u012f gabalus (tiesiogine prasme). Kiekvienoje pakuot\u0117je yra trys skirting\u0173 dyd\u017ei\u0173 spalvoti dygsnio laikikliai: ma\u017eas (8,3 cm), vidutinis (11,5 cm) ir didelis (16,50 cm). *Ekrane matomos spalvos gali \u0161iek tiek skirtis nuo tikrosios spalvos. &nbsp;<\/p>","protected":false},"featured_media":9049,"comment_status":"open","ping_status":"closed","template":"","meta":[],"product_brand":[],"product_cat":[194,192],"product_tag":[],"giftcard-category":[],"class_list":{"0":"post-9045","1":"product","2":"type-product","3":"status-publish","4":"has-post-thumbnail","6":"product_cat-akiu-zymekliai","7":"product_cat-priedai-mezgimui","9":"first","10":"instock","11":"taxable","12":"shipping-taxable","13":"purchasable","14":"product-type-simple"},"_links":{"self":[{"href":"https:\/\/bitessiulai.lt\/de\/wp-json\/wp\/v2\/product\/9045","targetHints":{"allow":["GET"]}}],"collection":[{"href":"https:\/\/bitessiulai.lt\/de\/wp-json\/wp\/v2\/product"}],"about":[{"href":"https:\/\/bitessiulai.lt\/de\/wp-json\/wp\/v2\/types\/product"}],"replies":[{"embeddable":true,"href":"https:\/\/bitessiulai.lt\/de\/wp-json\/wp\/v2\/comments?post=9045"}],"version-history":[{"count":1,"href":"https:\/\/bitessiulai.lt\/de\/wp-json\/wp\/v2\/product\/9045\/revisions"}],"predecessor-version":[{"id":20394,"href":"https:\/\/bitessiulai.lt\/de\/wp-json\/wp\/v2\/product\/9045\/revisions\/20394"}],"wp:featuredmedia":[{"embeddable":true,"href":"https:\/\/bitessiulai.lt\/de\/wp-json\/wp\/v2\/media\/9049"}],"wp:attachment":[{"href":"https:\/\/bitessiulai.lt\/de\/wp-json\/wp\/v2\/media?parent=9045"}],"wp:term":[{"taxonomy":"product_brand","embeddable":true,"href":"https:\/\/bitessiulai.lt\/de\/wp-json\/wp\/v2\/product_brand?post=9045"},{"taxonomy":"product_cat","embeddable":true,"href":"https:\/\/bitessiulai.lt\/de\/wp-json\/wp\/v2\/product_cat?post=9045"},{"taxonomy":"product_tag","embeddable":true,"href":"https:\/\/bitessiulai.lt\/de\/wp-json\/wp\/v2\/product_tag?post=9045"},{"taxonomy":"giftcard-category","embeddable":true,"href":"https:\/\/bitessiulai.lt\/de\/wp-json\/wp\/v2\/giftcard-category?post=9045"}],"curies":[{"name":"wp","href":"https:\/\/api.w.org\/{rel}","templated":true}]}}