{"id":8929,"date":"2025-03-01T21:19:44","date_gmt":"2025-03-01T19:19:44","guid":{"rendered":"https:\/\/bitessiulai.lt\/?post_type=product&#038;p=8929"},"modified":"2025-06-09T17:14:39","modified_gmt":"2025-06-09T14:14:39","slug":"tulip-etimo-nerimo-vaseliu-rinkinys-karaliskas-sidabras","status":"publish","type":"product","link":"https:\/\/bitessiulai.lt\/de\/produkt\/tulip-etimo-nerimo-vaseliu-rinkinys-karaliskas-sidabras\/","title":{"rendered":"Tulip Etimo H\u00e4kelnadelset Royal Silver"},"content":{"rendered":"<div class=\"value\">Tulip Etimo H\u00e4kelnadel-Set in Royal Silver. Das Tulip ETIMO H\u00e4kelnadel-Set aus Stahl enth\u00e4lt 8 weiche H\u00e4kelnadeln in den Gr\u00f6\u00dfen 0,50 mm, 0,60 mm, 0,75 mm, 0,90 mm, 1,00 mm, 1,25 mm, 1,50 mm und 1,75 mm sowie eine hochwertige italienische Schere. Die Nadeln haben einen weichen, gepolsterten Griff und liegen gut in der Hand, um Erm\u00fcdungserscheinungen vorzubeugen und komfortables H\u00e4keln zu erm\u00f6glichen! Das Tulip ETIMO H\u00e4kelnadel-Set aus Stahl wird in einem sch\u00f6nen, blau gestreiften Etui zur einfachen Aufbewahrung geliefert.<\/div>\n<div><img fetchpriority=\"high\" decoding=\"async\" class=\"alignnone size-medium wp-image-8931\" src=\"http:\/\/bitessiulai.lt\/wp-content\/uploads\/2025\/03\/TLS-002-2-300x300.webp\" alt=\"\" width=\"300\" height=\"300\" srcset=\"https:\/\/bitessiulai.lt\/wp-content\/uploads\/2025\/03\/TLS-002-2-300x300.webp 300w, https:\/\/bitessiulai.lt\/wp-content\/uploads\/2025\/03\/TLS-002-2-150x150.webp 150w, https:\/\/bitessiulai.lt\/wp-content\/uploads\/2025\/03\/TLS-002-2-12x12.webp 12w, https:\/\/bitessiulai.lt\/wp-content\/uploads\/2025\/03\/TLS-002-2-600x600.webp 600w, https:\/\/bitessiulai.lt\/wp-content\/uploads\/2025\/03\/TLS-002-2-96x96.webp 96w, https:\/\/bitessiulai.lt\/wp-content\/uploads\/2025\/03\/TLS-002-2.webp 700w\" sizes=\"(max-width: 300px) 100vw, 300px\" \/><\/div>\n<div>*Die auf dem Bildschirm angezeigten Farben k\u00f6nnen leicht von der tats\u00e4chlichen Farbe abweichen.<\/div>","protected":false},"excerpt":{"rendered":"<p>Tulip Etimo n\u0117rimo v\u0105\u0161eli\u0173 rinkinys karali\u0161kas sidabras. \u201eTulip ETIMO\u201c plieno n\u0117rimo v\u0105\u0161eli\u0173 rinkinyje yra 8 mink\u0161tos rankenos v\u0105\u0161eliai, kuri\u0173 dydis yra 0,50 mm, 0,60 mm, 0,75 mm, 0,90 mm, 1,00 mm, 1,25 mm, 1,50 mm ir 1,75 mm, rinkinyje rasite vien\u0105 por\u0105 Italijoje pagamint\u0173 auk\u0161tos kokyb\u0117s \u017eirkli\u0173. V\u0105\u0161eliai pasi\u017eymi mink\u0161ta pagalv\u0117l\u0117s rankena, taip pat lengvai suimama forma, skirta i\u0161vengti nuovargio ir u\u017etikrinti patog\u0173 n\u0117rim\u0105!\u00a0 \u201eTulip ETIMO\u201c plieninis n\u0117rimo kabliuk\u0173 rinkinys yra gra\u017eiame m\u0117lynai dry\u017euotame d\u0117kle, kad b\u016bt\u0173 patogu laikyti. *Ekrane matomos spalvos gali \u0161iek tiek skirtis nuo tikrosios spalvos.<\/p>","protected":false},"featured_media":8931,"comment_status":"open","ping_status":"closed","template":"","meta":[],"product_brand":[],"product_cat":[180,190,191],"product_tag":[],"giftcard-category":[],"class_list":{"0":"post-8929","1":"product","2":"type-product","3":"status-publish","4":"has-post-thumbnail","6":"product_cat-mezgimo-priemones","7":"product_cat-nerimo-vaseliai","8":"product_cat-vaseliu-rinkiniai","10":"first","11":"instock","12":"taxable","13":"shipping-taxable","14":"purchasable","15":"product-type-simple"},"_links":{"self":[{"href":"https:\/\/bitessiulai.lt\/de\/wp-json\/wp\/v2\/product\/8929","targetHints":{"allow":["GET"]}}],"collection":[{"href":"https:\/\/bitessiulai.lt\/de\/wp-json\/wp\/v2\/product"}],"about":[{"href":"https:\/\/bitessiulai.lt\/de\/wp-json\/wp\/v2\/types\/product"}],"replies":[{"embeddable":true,"href":"https:\/\/bitessiulai.lt\/de\/wp-json\/wp\/v2\/comments?post=8929"}],"version-history":[{"count":0,"href":"https:\/\/bitessiulai.lt\/de\/wp-json\/wp\/v2\/product\/8929\/revisions"}],"wp:featuredmedia":[{"embeddable":true,"href":"https:\/\/bitessiulai.lt\/de\/wp-json\/wp\/v2\/media\/8931"}],"wp:attachment":[{"href":"https:\/\/bitessiulai.lt\/de\/wp-json\/wp\/v2\/media?parent=8929"}],"wp:term":[{"taxonomy":"product_brand","embeddable":true,"href":"https:\/\/bitessiulai.lt\/de\/wp-json\/wp\/v2\/product_brand?post=8929"},{"taxonomy":"product_cat","embeddable":true,"href":"https:\/\/bitessiulai.lt\/de\/wp-json\/wp\/v2\/product_cat?post=8929"},{"taxonomy":"product_tag","embeddable":true,"href":"https:\/\/bitessiulai.lt\/de\/wp-json\/wp\/v2\/product_tag?post=8929"},{"taxonomy":"giftcard-category","embeddable":true,"href":"https:\/\/bitessiulai.lt\/de\/wp-json\/wp\/v2\/giftcard-category?post=8929"}],"curies":[{"name":"wp","href":"https:\/\/api.w.org\/{rel}","templated":true}]}}