{"id":8734,"date":"2025-02-28T12:01:25","date_gmt":"2025-02-28T10:01:25","guid":{"rendered":"https:\/\/bitessiulai.lt\/?post_type=product&#038;p=8734"},"modified":"2026-03-10T13:01:43","modified_gmt":"2026-03-10T11:01:43","slug":"yarnart-siulu-rinkinukas","status":"publish","type":"product","link":"https:\/\/bitessiulai.lt\/de\/produkt\/yarnart-siulu-rinkinukas\/","title":{"rendered":"YarnArt Garnset"},"content":{"rendered":"<h5 dir=\"auto\"><strong>YarnArt Garnset:<\/strong><\/h5>\n<ul>\n<li>YarnArt Vista 4Stk.<\/li>\n<li>YarnArt Puma 2Stk.<\/li>\n<\/ul>\n<p><strong>YarnArt Vista\u00a0<\/strong><\/p>\n<p><img fetchpriority=\"high\" decoding=\"async\" class=\"alignnone size-medium wp-image-8740\" src=\"http:\/\/bitessiulai.lt\/wp-content\/uploads\/2025\/02\/YARNART_VISTA_9210-600x600-1-300x300.jpg\" alt=\"\" width=\"300\" height=\"300\" srcset=\"https:\/\/bitessiulai.lt\/wp-content\/uploads\/2025\/02\/YARNART_VISTA_9210-600x600-1-300x300.jpg 300w, https:\/\/bitessiulai.lt\/wp-content\/uploads\/2025\/02\/YARNART_VISTA_9210-600x600-1-150x150.jpg 150w, https:\/\/bitessiulai.lt\/wp-content\/uploads\/2025\/02\/YARNART_VISTA_9210-600x600-1-12x12.jpg 12w, https:\/\/bitessiulai.lt\/wp-content\/uploads\/2025\/02\/YARNART_VISTA_9210-600x600-1-96x96.jpg 96w, https:\/\/bitessiulai.lt\/wp-content\/uploads\/2025\/02\/YARNART_VISTA_9210-600x600-1.jpg 600w\" sizes=\"(max-width: 300px) 100vw, 300px\" \/><\/p>\n<p>(Farbe: 9210)<\/p>\n<ul>\n<li dir=\"auto\"><strong>Zusammensetzung:<\/strong> 25% Wolle, 75% Acryl<\/li>\n<li dir=\"auto\"><strong>Gewicht\/L\u00e4nge:<\/strong> 100 Jahre = ungef\u00e4hr 280 Jahre.<\/li>\n<li dir=\"auto\"><strong>Empfohlene Stricknadelst\u00e4rke:<\/strong> 4 mm.<\/li>\n<li dir=\"auto\"><strong>Empfohlene Gr\u00f6\u00dfe der Vase:<\/strong> 4 mm.<\/li>\n<\/ul>\n<p>&nbsp;<\/p>\n<p><span class=\"html-span xexx8yu x4uap5 x18d9i69 xkhd6sd x1hl2dhg x16tdsg8 x1vvkbs x3nfvp2 x1j61x8r x1fcty0u xdj266r xat24cr xgzva0m xhhsvwb xxymvpz xlup9mm x1kky2od\"><img decoding=\"async\" class=\"xz74otr\" src=\"https:\/\/static.xx.fbcdn.net\/images\/emoji.php\/v9\/t2d\/1\/16\/1f4cd.png\" alt=\"\ud83d\udccd\" width=\"16\" height=\"16\" \/><\/span> <strong>Preis 2,50 \u20ac<\/strong><\/p>\n<p><b>YarnArt Puma<\/b><\/p>\n<p><img decoding=\"async\" class=\"alignnone size-medium wp-image-8739\" src=\"http:\/\/bitessiulai.lt\/wp-content\/uploads\/2025\/02\/YARNART_PIUMA_4418_DETAY-600x600-1-300x300.jpg\" alt=\"\" width=\"300\" height=\"300\" srcset=\"https:\/\/bitessiulai.lt\/wp-content\/uploads\/2025\/02\/YARNART_PIUMA_4418_DETAY-600x600-1-300x300.jpg 300w, https:\/\/bitessiulai.lt\/wp-content\/uploads\/2025\/02\/YARNART_PIUMA_4418_DETAY-600x600-1-150x150.jpg 150w, https:\/\/bitessiulai.lt\/wp-content\/uploads\/2025\/02\/YARNART_PIUMA_4418_DETAY-600x600-1-12x12.jpg 12w, https:\/\/bitessiulai.lt\/wp-content\/uploads\/2025\/02\/YARNART_PIUMA_4418_DETAY-600x600-1-96x96.jpg 96w, https:\/\/bitessiulai.lt\/wp-content\/uploads\/2025\/02\/YARNART_PIUMA_4418_DETAY-600x600-1.jpg 600w\" sizes=\"(max-width: 300px) 100vw, 300px\" \/><\/p>\n<p>(Farbe: 4418)<\/p>\n<ul>\n<li><strong>Zusammensetzung:<\/strong> 100% Polyester<\/li>\n<li><strong>Gewicht\/L\u00e4nge:<\/strong> 50 Jahre = ungef\u00e4hr 100 Jahre.<\/li>\n<li><strong>Empfohlene Stricknadelst\u00e4rke: <\/strong>5 mm.<\/li>\n<li><strong>Empfohlene Gr\u00f6\u00dfe der Vase:<\/strong> 5 mm.<\/li>\n<\/ul>\n<p>&nbsp;<\/p>\n<p><span class=\"html-span xexx8yu x4uap5 x18d9i69 xkhd6sd x1hl2dhg x16tdsg8 x1vvkbs x3nfvp2 x1j61x8r x1fcty0u xdj266r xat24cr xgzva0m xhhsvwb xxymvpz xlup9mm x1kky2od\"><img decoding=\"async\" class=\"xz74otr\" src=\"https:\/\/static.xx.fbcdn.net\/images\/emoji.php\/v9\/t2d\/1\/16\/1f4cd.png\" alt=\"\ud83d\udccd\" width=\"16\" height=\"16\" \/><\/span> <strong>Preis 1,50 \u20ac<\/strong><\/p>\n<p><span class=\"html-span xexx8yu x4uap5 x18d9i69 xkhd6sd x1hl2dhg x16tdsg8 x1vvkbs x3nfvp2 x1j61x8r x1fcty0u xdj266r xat24cr xgzva0m xhhsvwb xxymvpz xlup9mm x1kky2od\"><img decoding=\"async\" class=\"xz74otr\" src=\"https:\/\/static.xx.fbcdn.net\/images\/emoji.php\/v9\/t2d\/1\/16\/1f4cd.png\" alt=\"\ud83d\udccd\" width=\"16\" height=\"16\" \/>Sollte das Set nicht verf\u00fcgbar sein oder Sie eine gr\u00f6\u00dfere Menge ben\u00f6tigen, kontaktieren Sie uns bitte. <img decoding=\"async\" class=\"xz74otr\" src=\"https:\/\/static.xx.fbcdn.net\/images\/emoji.php\/v9\/t2d\/1\/16\/1f4cd.png\" alt=\"\ud83d\udccd\" width=\"16\" height=\"16\" \/><\/span><\/p>\n<div class=\"item\">\n<ul>\n<li class=\"text\">+370 672 44443<\/li>\n<\/ul>\n<\/div>\n<div class=\"item\">\n<ul>\n<li class=\"text\">info@bitessiulai.lt<\/li>\n<\/ul>\n<\/div>\n<p>&nbsp;<\/p>\n<p>*Die Farben, die Sie auf Ihrem Bildschirm sehen, k\u00f6nnen leicht von der tats\u00e4chlichen Garnfarbe abweichen.<\/p>","protected":false},"excerpt":{"rendered":"<p>YarnArt si\u016bl\u0173 rinkinukas\u00a0: YarnArt Vista 4vnt. YarnArt Piuma\u00a0 2vnt. YarnArt Vista\u00a0 (Spalva: 9210) Sud\u0117tis: 25% vilna, 75% akrilas Svoris\/ilgis: 100 g.= ma\u017edaug 280 m. Rekomenduojamas virbal\u0173 dydis: 4 mm. Rekomenduojamas va\u0161elio dydis: 4 mm. &nbsp; Kaina 2,50\u20ac YarnArt Piuma (Spalva: 4418) Sud\u0117tis: 100% poliesteris Svoris\/ilgis: 50 g.= ma\u017edaug 100 m. Rekomenduojamas virbal\u0173 dydis: 5\u00a0mm. Rekomenduojamas va\u0161elio dydis: 5 mm. &nbsp; Kaina 1,50\u20ac Jeigu prekyboje rinkinio n\u0117ra arba reikalingas didesnis kiekis, susiekite su Mumis +370 672 44443 info@bitessiulai.lt &nbsp; *Ekrane matomos spalvos gali \u0161iek tiek skirtis nuo tikrosios si\u016bl\u0173 spalvos.<\/p>","protected":false},"featured_media":8735,"comment_status":"open","ping_status":"closed","template":"","meta":[],"product_brand":[],"product_cat":[176,3566],"product_tag":[],"giftcard-category":[],"class_list":{"0":"post-8734","1":"product","2":"type-product","3":"status-publish","4":"has-post-thumbnail","6":"product_cat-siulu-rinkinukai","7":"product_cat-rinkinukai-su-yarnart-vista","9":"first","10":"instock","11":"taxable","12":"shipping-taxable","13":"purchasable","14":"product-type-simple"},"_links":{"self":[{"href":"https:\/\/bitessiulai.lt\/de\/wp-json\/wp\/v2\/product\/8734","targetHints":{"allow":["GET"]}}],"collection":[{"href":"https:\/\/bitessiulai.lt\/de\/wp-json\/wp\/v2\/product"}],"about":[{"href":"https:\/\/bitessiulai.lt\/de\/wp-json\/wp\/v2\/types\/product"}],"replies":[{"embeddable":true,"href":"https:\/\/bitessiulai.lt\/de\/wp-json\/wp\/v2\/comments?post=8734"}],"version-history":[{"count":2,"href":"https:\/\/bitessiulai.lt\/de\/wp-json\/wp\/v2\/product\/8734\/revisions"}],"predecessor-version":[{"id":23666,"href":"https:\/\/bitessiulai.lt\/de\/wp-json\/wp\/v2\/product\/8734\/revisions\/23666"}],"wp:featuredmedia":[{"embeddable":true,"href":"https:\/\/bitessiulai.lt\/de\/wp-json\/wp\/v2\/media\/8735"}],"wp:attachment":[{"href":"https:\/\/bitessiulai.lt\/de\/wp-json\/wp\/v2\/media?parent=8734"}],"wp:term":[{"taxonomy":"product_brand","embeddable":true,"href":"https:\/\/bitessiulai.lt\/de\/wp-json\/wp\/v2\/product_brand?post=8734"},{"taxonomy":"product_cat","embeddable":true,"href":"https:\/\/bitessiulai.lt\/de\/wp-json\/wp\/v2\/product_cat?post=8734"},{"taxonomy":"product_tag","embeddable":true,"href":"https:\/\/bitessiulai.lt\/de\/wp-json\/wp\/v2\/product_tag?post=8734"},{"taxonomy":"giftcard-category","embeddable":true,"href":"https:\/\/bitessiulai.lt\/de\/wp-json\/wp\/v2\/giftcard-category?post=8734"}],"curies":[{"name":"wp","href":"https:\/\/api.w.org\/{rel}","templated":true}]}}