{"id":8691,"date":"2025-02-28T09:49:25","date_gmt":"2025-02-28T07:49:25","guid":{"rendered":"https:\/\/bitessiulai.lt\/?post_type=product&#038;p=8691"},"modified":"2025-10-13T15:26:37","modified_gmt":"2025-10-13T12:26:37","slug":"yarnart-ir-gazzal-siulu-rinkinukas-11","status":"publish","type":"product","link":"https:\/\/bitessiulai.lt\/de\/produkt\/yarnart-ir-gazzal-siulu-rinkinukas-11\/","title":{"rendered":"Garnset von YarnArt und Gazzal"},"content":{"rendered":"<h5 dir=\"auto\"><strong>Garnset von YarnArt und Gazzal:<\/strong><\/h5>\n<ul>\n<li>YarnArt Stilvolles Alpaka, 2 St\u00fcck.<\/li>\n<li>Gazzal Super Kid Mohair 5Stk.<\/li>\n<\/ul>\n<p><strong>YarnArt Stilvolles Alpaka<\/strong><\/p>\n<p><img fetchpriority=\"high\" decoding=\"async\" class=\"alignnone size-medium wp-image-8693\" src=\"http:\/\/bitessiulai.lt\/wp-content\/uploads\/2025\/02\/YARNART_STYLISH_ALPACA_7702_USTTEN-600x600-1-300x300.jpg\" alt=\"\" width=\"300\" height=\"300\" srcset=\"https:\/\/bitessiulai.lt\/wp-content\/uploads\/2025\/02\/YARNART_STYLISH_ALPACA_7702_USTTEN-600x600-1-300x300.jpg 300w, https:\/\/bitessiulai.lt\/wp-content\/uploads\/2025\/02\/YARNART_STYLISH_ALPACA_7702_USTTEN-600x600-1-150x150.jpg 150w, https:\/\/bitessiulai.lt\/wp-content\/uploads\/2025\/02\/YARNART_STYLISH_ALPACA_7702_USTTEN-600x600-1-12x12.jpg 12w, https:\/\/bitessiulai.lt\/wp-content\/uploads\/2025\/02\/YARNART_STYLISH_ALPACA_7702_USTTEN-600x600-1-96x96.jpg 96w, https:\/\/bitessiulai.lt\/wp-content\/uploads\/2025\/02\/YARNART_STYLISH_ALPACA_7702_USTTEN-600x600-1.jpg 600w\" sizes=\"(max-width: 300px) 100vw, 300px\" \/><\/p>\n<p>(Farbe: 7702)<\/p>\n<ul>\n<li dir=\"auto\"><strong>Zusammensetzung:<\/strong> 25% Alpaka, 75% Acryl<\/li>\n<li dir=\"auto\"><strong>Gewicht\/L\u00e4nge:<\/strong> 150 Jahre = ungef\u00e4hr 525 Jahre.<\/li>\n<li dir=\"auto\"><strong>Empfohlene Stricknadelst\u00e4rke:<\/strong> 3,5 mm.<\/li>\n<li dir=\"auto\"><strong>Empfohlene Gr\u00f6\u00dfe der Vase:<\/strong> 3 mm.<\/li>\n<\/ul>\n<p>&nbsp;<\/p>\n<p><span class=\"html-span xexx8yu x4uap5 x18d9i69 xkhd6sd x1hl2dhg x16tdsg8 x1vvkbs x3nfvp2 x1j61x8r x1fcty0u xdj266r xat24cr xgzva0m xhhsvwb xxymvpz xlup9mm x1kky2od\"><img decoding=\"async\" class=\"xz74otr\" src=\"https:\/\/static.xx.fbcdn.net\/images\/emoji.php\/v9\/t2d\/1\/16\/1f4cd.png\" alt=\"\ud83d\udccd\" width=\"16\" height=\"16\" \/><\/span> <strong>Preis 4,80 \u20ac<\/strong><\/p>\n<p><strong>Gazzal Super Kid Mohair<\/strong><\/p>\n<p><img decoding=\"async\" class=\"alignnone size-medium wp-image-8692\" src=\"http:\/\/bitessiulai.lt\/wp-content\/uploads\/2025\/02\/super-kid-mohair-64428-901-10-B-600x600-1-300x300.jpg\" alt=\"\" width=\"300\" height=\"300\" srcset=\"https:\/\/bitessiulai.lt\/wp-content\/uploads\/2025\/02\/super-kid-mohair-64428-901-10-B-600x600-1-300x300.jpg 300w, https:\/\/bitessiulai.lt\/wp-content\/uploads\/2025\/02\/super-kid-mohair-64428-901-10-B-600x600-1-150x150.jpg 150w, https:\/\/bitessiulai.lt\/wp-content\/uploads\/2025\/02\/super-kid-mohair-64428-901-10-B-600x600-1-12x12.jpg 12w, https:\/\/bitessiulai.lt\/wp-content\/uploads\/2025\/02\/super-kid-mohair-64428-901-10-B-600x600-1-96x96.jpg 96w, https:\/\/bitessiulai.lt\/wp-content\/uploads\/2025\/02\/super-kid-mohair-64428-901-10-B-600x600-1.jpg 600w\" sizes=\"(max-width: 300px) 100vw, 300px\" \/><\/p>\n<p>(Farbe: 64428)<\/p>\n<ul>\n<li><strong>Zusammensetzung:<\/strong> 47% Super Kid Mohair, 31% Merinowolle, 22% Polyamid<\/li>\n<li><strong>Gewicht\/L\u00e4nge:<\/strong> 25 Jahre = ungef\u00e4hr 237 Jahre.<\/li>\n<li><strong>Empfohlene Stricknadelst\u00e4rke: <\/strong>3 mm.<\/li>\n<li><strong>Empfohlene Gr\u00f6\u00dfe der Vase:<\/strong> 2,5 \u2013 3 mm.<\/li>\n<\/ul>\n<p>&nbsp;<\/p>\n<p><span class=\"html-span xexx8yu x4uap5 x18d9i69 xkhd6sd x1hl2dhg x16tdsg8 x1vvkbs x3nfvp2 x1j61x8r x1fcty0u xdj266r xat24cr xgzva0m xhhsvwb xxymvpz xlup9mm x1kky2od\"><img decoding=\"async\" class=\"xz74otr\" src=\"https:\/\/static.xx.fbcdn.net\/images\/emoji.php\/v9\/t2d\/1\/16\/1f4cd.png\" alt=\"\ud83d\udccd\" width=\"16\" height=\"16\" \/><\/span> <strong>Preis 2,99 \u20ac<\/strong><\/p>\n<p><span class=\"html-span xexx8yu x4uap5 x18d9i69 xkhd6sd x1hl2dhg x16tdsg8 x1vvkbs x3nfvp2 x1j61x8r x1fcty0u xdj266r xat24cr xgzva0m xhhsvwb xxymvpz xlup9mm x1kky2od\"><img decoding=\"async\" class=\"xz74otr\" src=\"https:\/\/static.xx.fbcdn.net\/images\/emoji.php\/v9\/t2d\/1\/16\/1f4cd.png\" alt=\"\ud83d\udccd\" width=\"16\" height=\"16\" \/>Sollte das Set nicht verf\u00fcgbar sein oder Sie eine gr\u00f6\u00dfere Menge ben\u00f6tigen, kontaktieren Sie uns bitte. <img decoding=\"async\" class=\"xz74otr\" src=\"https:\/\/static.xx.fbcdn.net\/images\/emoji.php\/v9\/t2d\/1\/16\/1f4cd.png\" alt=\"\ud83d\udccd\" width=\"16\" height=\"16\" \/><\/span><\/p>\n<div class=\"item\">\n<ul>\n<li class=\"text\">+370 672 44443<\/li>\n<\/ul>\n<\/div>\n<div class=\"item\">\n<ul>\n<li class=\"text\">info@bitessiulai.lt<\/li>\n<\/ul>\n<\/div>\n<p>&nbsp;<\/p>\n<p>*Die Farben, die Sie auf Ihrem Bildschirm sehen, k\u00f6nnen leicht von der tats\u00e4chlichen Garnfarbe abweichen.<\/p>","protected":false},"excerpt":{"rendered":"<p>YarnArt ir Gazzal si\u016bl\u0173 rinkinukas\u00a0: YarnArt Stylish Alpaca 2vnt. Gazzal Super Kid Mohair\u00a0 5vnt. YarnArt Stylish Alpaca (Spalva: 7702) Sud\u0117tis: 25% alpaka, 75% akrilas Svoris\/ilgis: 150 g.= ma\u017edaug 525 m. Rekomenduojamas virbal\u0173 dydis: 3,5 mm. Rekomenduojamas va\u0161elio dydis: 3 mm. &nbsp; Kaina 4,80\u20ac Gazzal Super Kid Mohair (Spalva: 64428) Sud\u0117tis: 47% super kid mohera, 31% merino vilna, 22% poliamidas Svoris\/ilgis: 25 g.= ma\u017edaug 237 m. Rekomenduojamas virbal\u0173 dydis: 3 mm. Rekomenduojamas va\u0161elio dydis: 2,5 &#8211; 3 mm. &nbsp; Kaina 2,99\u20ac Jeigu prekyboje rinkinio n\u0117ra arba reikalingas didesnis kiekis, susiekite su Mumis +370 672 44443 info@bitessiulai.lt &nbsp; *Ekrane matomos spalvos gali \u0161iek tiek skirtis nuo tikrosios si\u016bl\u0173 spalvos.<\/p>","protected":false},"featured_media":8640,"comment_status":"open","ping_status":"closed","template":"","meta":[],"product_brand":[],"product_cat":[176,3571,3431],"product_tag":[],"giftcard-category":[],"class_list":{"0":"post-8691","1":"product","2":"type-product","3":"status-publish","4":"has-post-thumbnail","6":"product_cat-siulu-rinkinukai","7":"product_cat-rinkinukai-su-gazzal-super-kid-mohair-siulu-rinkinukai","8":"product_cat-rinkinukai-su-yarnart-stylish-alpaca","10":"first","11":"instock","12":"taxable","13":"shipping-taxable","14":"purchasable","15":"product-type-simple"},"_links":{"self":[{"href":"https:\/\/bitessiulai.lt\/de\/wp-json\/wp\/v2\/product\/8691","targetHints":{"allow":["GET"]}}],"collection":[{"href":"https:\/\/bitessiulai.lt\/de\/wp-json\/wp\/v2\/product"}],"about":[{"href":"https:\/\/bitessiulai.lt\/de\/wp-json\/wp\/v2\/types\/product"}],"replies":[{"embeddable":true,"href":"https:\/\/bitessiulai.lt\/de\/wp-json\/wp\/v2\/comments?post=8691"}],"version-history":[{"count":0,"href":"https:\/\/bitessiulai.lt\/de\/wp-json\/wp\/v2\/product\/8691\/revisions"}],"wp:featuredmedia":[{"embeddable":true,"href":"https:\/\/bitessiulai.lt\/de\/wp-json\/wp\/v2\/media\/8640"}],"wp:attachment":[{"href":"https:\/\/bitessiulai.lt\/de\/wp-json\/wp\/v2\/media?parent=8691"}],"wp:term":[{"taxonomy":"product_brand","embeddable":true,"href":"https:\/\/bitessiulai.lt\/de\/wp-json\/wp\/v2\/product_brand?post=8691"},{"taxonomy":"product_cat","embeddable":true,"href":"https:\/\/bitessiulai.lt\/de\/wp-json\/wp\/v2\/product_cat?post=8691"},{"taxonomy":"product_tag","embeddable":true,"href":"https:\/\/bitessiulai.lt\/de\/wp-json\/wp\/v2\/product_tag?post=8691"},{"taxonomy":"giftcard-category","embeddable":true,"href":"https:\/\/bitessiulai.lt\/de\/wp-json\/wp\/v2\/giftcard-category?post=8691"}],"curies":[{"name":"wp","href":"https:\/\/api.w.org\/{rel}","templated":true}]}}