{"id":8495,"date":"2025-02-23T16:31:34","date_gmt":"2025-02-23T14:31:34","guid":{"rendered":"https:\/\/bitessiulai.lt\/?post_type=product&#038;p=8495"},"modified":"2025-12-13T20:15:45","modified_gmt":"2025-12-13T18:15:45","slug":"madeira-zirkles","status":"publish","type":"product","link":"https:\/\/bitessiulai.lt\/de\/produkt\/madeira-zirkles\/","title":{"rendered":"Madeira-Schere"},"content":{"rendered":"<p>Diese stilvolle, klassische Madeira-Schere bietet Schneidkraft und Pr\u00e4zision! Die extrad\u00fcnnen Klingen erleichtern das Schneiden schmaler N\u00e4hte. Geeignet f\u00fcr allgemeine Strick- und N\u00e4harbeiten, ist diese Schere ein Muss in jedem Handwerker-Werkzeugkasten! Praktische Gr\u00f6\u00dfe und sehr scharf.<\/p>","protected":false},"excerpt":{"rendered":"<p>Diese stilvolle, klassische Madeira-Schere bietet Schneidkraft und Pr\u00e4zision! Die extrad\u00fcnnen Klingen erleichtern das Schneiden schmaler N\u00e4hte. Geeignet f\u00fcr allgemeine Strick- und N\u00e4harbeiten, ist diese Schere ein Muss in jedem Handwerker-Werkzeugkasten! Praktische Gr\u00f6\u00dfe und sehr scharf.<\/p>","protected":false},"featured_media":8496,"comment_status":"open","ping_status":"closed","template":"","meta":[],"product_brand":[],"product_cat":[15,192,215],"product_tag":[],"giftcard-category":[],"class_list":{"0":"post-8495","1":"product","2":"type-product","3":"status-publish","4":"has-post-thumbnail","6":"product_cat-be-kategorijos","7":"product_cat-priedai-mezgimui","8":"product_cat-zirkles","10":"first","11":"instock","12":"taxable","13":"shipping-taxable","14":"purchasable","15":"product-type-simple"},"_links":{"self":[{"href":"https:\/\/bitessiulai.lt\/de\/wp-json\/wp\/v2\/product\/8495","targetHints":{"allow":["GET"]}}],"collection":[{"href":"https:\/\/bitessiulai.lt\/de\/wp-json\/wp\/v2\/product"}],"about":[{"href":"https:\/\/bitessiulai.lt\/de\/wp-json\/wp\/v2\/types\/product"}],"replies":[{"embeddable":true,"href":"https:\/\/bitessiulai.lt\/de\/wp-json\/wp\/v2\/comments?post=8495"}],"version-history":[{"count":0,"href":"https:\/\/bitessiulai.lt\/de\/wp-json\/wp\/v2\/product\/8495\/revisions"}],"wp:featuredmedia":[{"embeddable":true,"href":"https:\/\/bitessiulai.lt\/de\/wp-json\/wp\/v2\/media\/8496"}],"wp:attachment":[{"href":"https:\/\/bitessiulai.lt\/de\/wp-json\/wp\/v2\/media?parent=8495"}],"wp:term":[{"taxonomy":"product_brand","embeddable":true,"href":"https:\/\/bitessiulai.lt\/de\/wp-json\/wp\/v2\/product_brand?post=8495"},{"taxonomy":"product_cat","embeddable":true,"href":"https:\/\/bitessiulai.lt\/de\/wp-json\/wp\/v2\/product_cat?post=8495"},{"taxonomy":"product_tag","embeddable":true,"href":"https:\/\/bitessiulai.lt\/de\/wp-json\/wp\/v2\/product_tag?post=8495"},{"taxonomy":"giftcard-category","embeddable":true,"href":"https:\/\/bitessiulai.lt\/de\/wp-json\/wp\/v2\/giftcard-category?post=8495"}],"curies":[{"name":"wp","href":"https:\/\/api.w.org\/{rel}","templated":true}]}}