{"id":8456,"date":"2025-02-23T16:09:02","date_gmt":"2025-02-23T14:09:02","guid":{"rendered":"https:\/\/bitessiulai.lt\/?post_type=product&#038;p=8456"},"modified":"2025-12-28T13:22:03","modified_gmt":"2025-12-28T11:22:03","slug":"chiaogoo-matavimo-juosta-150cm","status":"publish","type":"product","link":"https:\/\/bitessiulai.lt\/de\/produkt\/chiaogoo-matavimo-juosta-150cm\/","title":{"rendered":"ChiaoGoo Ma\u00dfband 150cm"},"content":{"rendered":"<p>Mit dem ChiaoGoo-Ma\u00dfband ist das Messen aller Ihrer Projekte ein Kinderspiel. Dieses flexible ChiaoGoo-Ma\u00dfband 150 cm l\u00e4sst sich m\u00fchelos in sein wei\u00dfes Geh\u00e4use zur\u00fcckrollen und sorgt daf\u00fcr, dass sich das Ma\u00dfband nicht verheddert.<\/p>","protected":false},"excerpt":{"rendered":"<p>Mit dem ChiaoGoo-Ma\u00dfband ist das Messen aller Ihrer Projekte ein Kinderspiel. Dieses flexible ChiaoGoo-Ma\u00dfband 150 cm l\u00e4sst sich m\u00fchelos in sein wei\u00dfes Geh\u00e4use zur\u00fcckrollen und sorgt daf\u00fcr, dass sich das Ma\u00dfband nicht verheddert.<\/p>","protected":false},"featured_media":8457,"comment_status":"open","ping_status":"closed","template":"","meta":[],"product_brand":[],"product_cat":[202,192],"product_tag":[],"giftcard-category":[],"class_list":{"0":"post-8456","1":"product","2":"type-product","3":"status-publish","4":"has-post-thumbnail","6":"product_cat-matavimo-priemones","7":"product_cat-priedai-mezgimui","9":"first","10":"outofstock","11":"taxable","12":"shipping-taxable","13":"purchasable","14":"product-type-simple"},"_links":{"self":[{"href":"https:\/\/bitessiulai.lt\/de\/wp-json\/wp\/v2\/product\/8456","targetHints":{"allow":["GET"]}}],"collection":[{"href":"https:\/\/bitessiulai.lt\/de\/wp-json\/wp\/v2\/product"}],"about":[{"href":"https:\/\/bitessiulai.lt\/de\/wp-json\/wp\/v2\/types\/product"}],"replies":[{"embeddable":true,"href":"https:\/\/bitessiulai.lt\/de\/wp-json\/wp\/v2\/comments?post=8456"}],"version-history":[{"count":2,"href":"https:\/\/bitessiulai.lt\/de\/wp-json\/wp\/v2\/product\/8456\/revisions"}],"predecessor-version":[{"id":21171,"href":"https:\/\/bitessiulai.lt\/de\/wp-json\/wp\/v2\/product\/8456\/revisions\/21171"}],"wp:featuredmedia":[{"embeddable":true,"href":"https:\/\/bitessiulai.lt\/de\/wp-json\/wp\/v2\/media\/8457"}],"wp:attachment":[{"href":"https:\/\/bitessiulai.lt\/de\/wp-json\/wp\/v2\/media?parent=8456"}],"wp:term":[{"taxonomy":"product_brand","embeddable":true,"href":"https:\/\/bitessiulai.lt\/de\/wp-json\/wp\/v2\/product_brand?post=8456"},{"taxonomy":"product_cat","embeddable":true,"href":"https:\/\/bitessiulai.lt\/de\/wp-json\/wp\/v2\/product_cat?post=8456"},{"taxonomy":"product_tag","embeddable":true,"href":"https:\/\/bitessiulai.lt\/de\/wp-json\/wp\/v2\/product_tag?post=8456"},{"taxonomy":"giftcard-category","embeddable":true,"href":"https:\/\/bitessiulai.lt\/de\/wp-json\/wp\/v2\/giftcard-category?post=8456"}],"curies":[{"name":"wp","href":"https:\/\/api.w.org\/{rel}","templated":true}]}}