{"id":8369,"date":"2025-02-23T16:12:21","date_gmt":"2025-02-23T14:12:21","guid":{"rendered":"https:\/\/bitessiulai.lt\/?post_type=product&#038;p=8369"},"modified":"2025-05-17T12:16:57","modified_gmt":"2025-05-17T09:16:57","slug":"chiaogoo-twist-lace-virbalu-rinkinys-13cm-550-1000mm","status":"publish","type":"product","link":"https:\/\/bitessiulai.lt\/de\/produkt\/chiaogoo-twist-lace-virbalu-rinkinys-13cm-550-1000mm\/","title":{"rendered":"ChiaoGoo TWIST Spitzenstricknadelset 13 cm (5,50 \u2013 10,00 mm)"},"content":{"rendered":"<p><span style=\"letter-spacing: 0px;\"><strong>ChiaoGoo TWIST Spitzenstricknadelset 13cm<\/strong> \u2013 die austauschbaren Rundstricknadel-Sets enthalten alles, was Sie f\u00fcr das perfekte Projekt ben\u00f6tigen: unterschiedlich gro\u00dfe Nadelspitzen, verschiedene Garnl\u00e4ngen und s\u00e4mtliches weiteres notwendiges Zubeh\u00f6r. Die Edelstahlnadeln sind sehr spitz und eignen sich daher f\u00fcr das Stricken mit einer gro\u00dfen Maschenzahl. Die hochflexiblen, mit rotem Nylon ummantelten Seile bestehen aus mehreren Stahldr\u00e4hten, die ein Verdrehen des Seils verhindern. Die Nadelspitzen lassen sich mit dem mitgelieferten Spannschl\u00fcssel einfach anbringen, festziehen oder l\u00f6sen.<\/span><\/p>\n<ul>\n<li><b>13 cm lang<\/b> Edelstahlnadeln 5,50 mm, 6,00 mm, 6,50 mm, 8,00 mm, 9,00 mm und 10,00 mm<\/li>\n<li>3 x rote Linien 35, 55 und 75 cm lang<\/li>\n<li>2 x gro\u00dfe Endkappen<\/li>\n<li>2 x Drehmomentschl\u00fcssel<\/li>\n<li>1 x Gro\u00dfer Stecker<\/li>\n<li>Maschenmarkierer<\/li>\n<li>\u00a0Nadelst\u00e4rkenmesser \u2013 Lineal<\/li>\n<\/ul>\n<p><img fetchpriority=\"high\" decoding=\"async\" class=\"alignnone size-medium wp-image-8366\" src=\"http:\/\/bitessiulai.lt\/wp-content\/uploads\/2025\/02\/cg7500-3-300x300.webp\" alt=\"\" width=\"300\" height=\"300\" srcset=\"https:\/\/bitessiulai.lt\/wp-content\/uploads\/2025\/02\/cg7500-3-300x300.webp 300w, https:\/\/bitessiulai.lt\/wp-content\/uploads\/2025\/02\/cg7500-3-150x150.webp 150w, https:\/\/bitessiulai.lt\/wp-content\/uploads\/2025\/02\/cg7500-3-12x12.webp 12w, https:\/\/bitessiulai.lt\/wp-content\/uploads\/2025\/02\/cg7500-3-96x96.webp 96w, https:\/\/bitessiulai.lt\/wp-content\/uploads\/2025\/02\/cg7500-3.webp 583w\" sizes=\"(max-width: 300px) 100vw, 300px\" \/><\/p>\n<p>*Die auf dem Bildschirm angezeigten Farben und die tats\u00e4chliche Produktfarbe k\u00f6nnen leicht abweichen.<\/p>\n<p>&nbsp;<\/p>","protected":false},"excerpt":{"rendered":"<p>ChiaoGoo TWIST Lace virbal\u0173 rinkinys 13cm &#8211; kei\u010diam\u0173 apskrit\u0173 virbal\u0173 rinkiniuose yra viskas, ko gali prireikti norint sukurti tobul\u0105 projekt\u0105: \u012fvairi\u0173 dyd\u017ei\u0173 virbal\u0173 antgaliai, skirtingo ilgio valai ir visi kiti b\u016btini priedai. Ner\u016bdijan\u010dio plieno virbalai yra labai smail\u016bs, tod\u0117l jos tinka mezgimui su daugybe si\u016bli\u0173. Itin lankst\u016bs kabeliai, padengti raudonu nailonu, susideda i\u0161 keli\u0173 plienini\u0173 viel\u0173, kurios neleid\u017eia kabeliui susisukti. Virbal\u0173 antgalius galima lengvai pritvirtinti, priver\u017eti arba atlaisvinti su pridedamu u\u017ever\u017eimo rakteliu. 13 cm ilgio ner\u016bdijan\u010dio plieno virbalai 5,50 mm, 6,00 mm, 6,50 mm, 8,00 mm, 9,00 mm ir 10,00 mm 3 x raudoni valai 35, 55 ir 75 cm ilgio 2 x Dideli galiniai kam\u0161\u010diai 2 x priver\u017eiami rakteliai 1 x Didel\u0117 jungtis dygsnio \u017eymekliai \u00a0virbal\u0173 dyd\u017eio matuoklis \u2013 liniuot\u0117 *Ekrane matomos spalvos ir tikroji prek\u0117s spalva gali \u0161iek tiek skirtis &nbsp;<\/p>","protected":false},"featured_media":8367,"comment_status":"open","ping_status":"closed","template":"","meta":[],"product_brand":[],"product_cat":[2419,180,181],"product_tag":[],"giftcard-category":[],"class_list":{"0":"post-8369","1":"product","2":"type-product","3":"status-publish","4":"has-post-thumbnail","6":"product_cat-chiaogoo","7":"product_cat-mezgimo-priemones","8":"product_cat-virbalu-rinkiniai","10":"first","11":"instock","12":"taxable","13":"shipping-taxable","14":"purchasable","15":"product-type-simple"},"_links":{"self":[{"href":"https:\/\/bitessiulai.lt\/de\/wp-json\/wp\/v2\/product\/8369","targetHints":{"allow":["GET"]}}],"collection":[{"href":"https:\/\/bitessiulai.lt\/de\/wp-json\/wp\/v2\/product"}],"about":[{"href":"https:\/\/bitessiulai.lt\/de\/wp-json\/wp\/v2\/types\/product"}],"replies":[{"embeddable":true,"href":"https:\/\/bitessiulai.lt\/de\/wp-json\/wp\/v2\/comments?post=8369"}],"version-history":[{"count":0,"href":"https:\/\/bitessiulai.lt\/de\/wp-json\/wp\/v2\/product\/8369\/revisions"}],"wp:featuredmedia":[{"embeddable":true,"href":"https:\/\/bitessiulai.lt\/de\/wp-json\/wp\/v2\/media\/8367"}],"wp:attachment":[{"href":"https:\/\/bitessiulai.lt\/de\/wp-json\/wp\/v2\/media?parent=8369"}],"wp:term":[{"taxonomy":"product_brand","embeddable":true,"href":"https:\/\/bitessiulai.lt\/de\/wp-json\/wp\/v2\/product_brand?post=8369"},{"taxonomy":"product_cat","embeddable":true,"href":"https:\/\/bitessiulai.lt\/de\/wp-json\/wp\/v2\/product_cat?post=8369"},{"taxonomy":"product_tag","embeddable":true,"href":"https:\/\/bitessiulai.lt\/de\/wp-json\/wp\/v2\/product_tag?post=8369"},{"taxonomy":"giftcard-category","embeddable":true,"href":"https:\/\/bitessiulai.lt\/de\/wp-json\/wp\/v2\/giftcard-category?post=8369"}],"curies":[{"name":"wp","href":"https:\/\/api.w.org\/{rel}","templated":true}]}}