{"id":8351,"date":"2025-02-19T10:53:16","date_gmt":"2025-02-19T08:53:16","guid":{"rendered":"https:\/\/bitessiulai.lt\/?post_type=product&#038;p=8351"},"modified":"2025-12-21T17:44:49","modified_gmt":"2025-12-21T15:44:49","slug":"knitpro-dreamz-midi-13cm-virbalu-rinkinys","status":"publish","type":"product","link":"https:\/\/bitessiulai.lt\/de\/produkt\/knitpro-dreamz-midi-13cm-virbalu-rinkinys\/","title":{"rendered":"KnitPro Dreamz Midi 13cm Nadelset"},"content":{"rendered":"<p><span style=\"letter-spacing: 0px;\"><strong>KnitPro Dreamz Midi 13cm Nadelset<\/strong> \u2013 ist eine wundersch\u00f6ne Serie von Strick- und H\u00e4kelwerkzeugen aus Birkenholz, in leuchtenden Farben lackiert. Das Naturmaterial f\u00fchlt sich weich und wunderbar warm in der Hand an, ist leicht und extrem langlebig.<\/span><\/p>\n<div class=\"value\">\n<p>Dieses vielseitige KnitPro Dreamz Midi Set mit austauschbaren Rundstricknadeln eignet sich f\u00fcr alle Arten von Projekten. Die Nadeln haben allm\u00e4hlich verj\u00fcngte Spitzen, die bei jedem Projekt eine definierte Maschenbildung gew\u00e4hrleisten. Dar\u00fcber hinaus erm\u00f6glichen die Spitzen ein Stricken ohne Garnspaltung. Die Nadeln sind f\u00fcr alle Garnarten geeignet. Der innovativ gestaltete Verbindungspunkt sorgt f\u00fcr einen flie\u00dfenden \u00dcbergang zwischen Strickspitze und Faden, sodass sich der Faden nicht verf\u00e4ngt. Die KnitPro Dreamz austauschbaren Strickspitzen in diesem Set sind 13 cm lang. Die Nadelst\u00e4rke ist auf den Nadelspitzen deutlich gekennzeichnet, und jede Nadelst\u00e4rke hat ihre eigene Farbe, wodurch sie leicht zu identifizieren sind. Die Edelstahlf\u00e4den sind mit einer Nylonschicht \u00fcberzogen. Dies macht den Faden stabil, l\u00e4sst die Nadel aber dennoch leicht durch die Maschen gleiten. Das Swivel 360\u00b0-System erm\u00f6glicht die freie Drehung der Spitzen der Stricknadeln, wodurch ein Verdrehen des Fadens beim Stricken verhindert wird. Die Enden der F\u00e4den haben eine \u00d6ffnung f\u00fcr einen Fadenschl\u00fcssel, mit dem die Nadelspitze am Faden befestigt wird. Die L\u00f6cher sind auch n\u00fctzlich, um eine Rettungsleine an der Stricknadel zu befestigen, um die Arbeit sicher zu entfernen oder heruntergefallene Maschen aufzunehmen. Das KnitPro Dreamz Midi-Wechselnadelset enth\u00e4lt die folgenden Artikel:<\/p>\n<ul>\n<li>7 x Paar austauschbare Nadeln 13 cm lang, 3,00, 3,25, 3,50, 3,75, 4,00, 4,50 und 5,00 mm<\/li>\n<li>3 x schwarze Linien: 1 x 60 cm, 1 x 80 cm und 1 x 100 cm<\/li>\n<li>4 x Spie\u00dfspitzen<\/li>\n<li>2 x Schraubenschl\u00fcssel zum Festziehen der Leitung<\/li>\n<li>1 x Leitungsverbinder<\/li>\n<\/ul>\n<p>Das KnitPro Dreamz Midi 13 cm Stricknadelset ist in einem sch\u00f6nen burgunderfarbenen Stoffetui verpackt.<\/p>\n<p><img fetchpriority=\"high\" decoding=\"async\" class=\"alignnone size-medium wp-image-8354\" src=\"http:\/\/bitessiulai.lt\/wp-content\/uploads\/2025\/02\/k200630-3-300x300.webp\" alt=\"\" width=\"300\" height=\"300\" srcset=\"https:\/\/bitessiulai.lt\/wp-content\/uploads\/2025\/02\/k200630-3-300x300.webp 300w, https:\/\/bitessiulai.lt\/wp-content\/uploads\/2025\/02\/k200630-3-150x150.webp 150w, https:\/\/bitessiulai.lt\/wp-content\/uploads\/2025\/02\/k200630-3-12x12.webp 12w, https:\/\/bitessiulai.lt\/wp-content\/uploads\/2025\/02\/k200630-3-600x600.webp 600w, https:\/\/bitessiulai.lt\/wp-content\/uploads\/2025\/02\/k200630-3-96x96.webp 96w, https:\/\/bitessiulai.lt\/wp-content\/uploads\/2025\/02\/k200630-3.webp 700w\" sizes=\"(max-width: 300px) 100vw, 300px\" \/> <img decoding=\"async\" class=\"alignnone size-medium wp-image-8355\" src=\"http:\/\/bitessiulai.lt\/wp-content\/uploads\/2025\/02\/k200630-4-300x300.webp\" alt=\"\" width=\"300\" height=\"300\" srcset=\"https:\/\/bitessiulai.lt\/wp-content\/uploads\/2025\/02\/k200630-4-300x300.webp 300w, https:\/\/bitessiulai.lt\/wp-content\/uploads\/2025\/02\/k200630-4-150x150.webp 150w, https:\/\/bitessiulai.lt\/wp-content\/uploads\/2025\/02\/k200630-4-12x12.webp 12w, https:\/\/bitessiulai.lt\/wp-content\/uploads\/2025\/02\/k200630-4-600x600.webp 600w, https:\/\/bitessiulai.lt\/wp-content\/uploads\/2025\/02\/k200630-4-96x96.webp 96w, https:\/\/bitessiulai.lt\/wp-content\/uploads\/2025\/02\/k200630-4.webp 700w\" sizes=\"(max-width: 300px) 100vw, 300px\" \/><\/p>\n<p>*Die auf dem Bildschirm angezeigten Farben und die tats\u00e4chliche Produktfarbe k\u00f6nnen leicht abweichen.<\/p>\n<\/div>","protected":false},"excerpt":{"rendered":"<p>KnitPro Dreamz Midi 13cm virbal\u0173 rinkinys \u2013 tai gra\u017ei mezgini\u0173 ir n\u0117rimo priemoni\u0173 serija i\u0161 ber\u017eo medienos, nuda\u017eyta ry\u0161kiomis spalvomis. Nat\u016brali med\u017eiaga jau\u010diasi \u0161velni ir nuostabiai \u0161ilta j\u016bs\u0173 rankose, yra lengva ir ypa\u010d tvirta. \u0160is universalus KnitPro Dreamz Midi kei\u010diam\u0173 apskrit\u0173 virbal\u0173 rinkinys tinka vis\u0173 r\u016b\u0161i\u0173 projektams. Virbalai turi palaipsniui siaur\u0117jan\u010dius antgalius, o tai garantuoja dygsnio rai\u0161k\u0105 kiekviename projekte. Be to, antgaliai leid\u017eia megzti neskaidant si\u016bl\u0173. Virbalai tinka vis\u0173 tip\u0173 si\u016blams. Naujovi\u0161kai sukurtas sujungimo ta\u0161kas u\u017etikrina skland\u0173 per\u0117jim\u0105 tarp mezgimo antgalio ir valo, kad si\u016blai neu\u017ekli\u016bt\u0173. \u0160io rinkinio KnitPro Dreamz kei\u010diami mezgimo antgaliai yra 13 cm ilgio. Virbalo dydis ai\u0161kiai pa\u017eym\u0117tas ant virbalo galiuk\u0173, o kiekvienas virbalo dydis turi savo spalv\u0105, tod\u0117l jas lengva atpa\u017einti. Ner\u016bdijan\u010dio plieno valai yra padengti nailono sluoksniu. D\u0117l to valas yra tvirtas, ta\u010diau jis vis tiek leid\u017eia virbalui lengvai slysti per si\u016bles. Swivel 360\u00b0 sistema leid\u017eia mezgimo virbal\u0173 galiukams laisvai suktis, o tai neleid\u017eia valui susisukti mezgimo metu. Val\u0173 galuose yra skyl\u0117, kuri tinka valo raktui, kuris naudojamas virbalo antgaliui pritvirtinti prie valo. Skyl\u0117s taip pat naudingos norint pritvirtinti gelb\u0117jimosi virv\u0119 prie mezginio, kad b\u016bt\u0173 galima saugiai nuimti darbel\u012f arba paimti i\u0161kritusias si\u016bles. \u201eKnitPro Dreamz\u201c kei\u010diam\u0173 adat\u0173 rinkin\u012f \u201eMidi\u201c sudaro \u0161ie elementai: 7 x poros kei\u010diam\u0173 virbal\u0173 13 cm ilgio, 3,00, 3,25, 3,50, 3,75, 4,00, 4,50 ir 5,00 mm 3 x juodi valai: 1 x 60 cm, 1 x 80 cm ir 1 x 100 cm 4 x virbal\u0173 galiukai 2 x raktai valui priver\u017eti 1 x jungtis valui KnitPro Dreamz Midi 13cm virbal\u0173 rinkinys supakuotas gra\u017eiame bordo spalvos audinio d\u0117kle. *Ekrane matomos spalvos ir tikroji prek\u0117s spalva gali \u0161iek tiek skirtis<\/p>","protected":false},"featured_media":8353,"comment_status":"open","ping_status":"closed","template":"","meta":[],"product_brand":[],"product_cat":[2440,180,181],"product_tag":[],"giftcard-category":[],"class_list":{"0":"post-8351","1":"product","2":"type-product","3":"status-publish","4":"has-post-thumbnail","6":"product_cat-knitpro","7":"product_cat-mezgimo-priemones","8":"product_cat-virbalu-rinkiniai","10":"first","11":"instock","12":"taxable","13":"shipping-taxable","14":"purchasable","15":"product-type-simple"},"_links":{"self":[{"href":"https:\/\/bitessiulai.lt\/de\/wp-json\/wp\/v2\/product\/8351","targetHints":{"allow":["GET"]}}],"collection":[{"href":"https:\/\/bitessiulai.lt\/de\/wp-json\/wp\/v2\/product"}],"about":[{"href":"https:\/\/bitessiulai.lt\/de\/wp-json\/wp\/v2\/types\/product"}],"replies":[{"embeddable":true,"href":"https:\/\/bitessiulai.lt\/de\/wp-json\/wp\/v2\/comments?post=8351"}],"version-history":[{"count":0,"href":"https:\/\/bitessiulai.lt\/de\/wp-json\/wp\/v2\/product\/8351\/revisions"}],"wp:featuredmedia":[{"embeddable":true,"href":"https:\/\/bitessiulai.lt\/de\/wp-json\/wp\/v2\/media\/8353"}],"wp:attachment":[{"href":"https:\/\/bitessiulai.lt\/de\/wp-json\/wp\/v2\/media?parent=8351"}],"wp:term":[{"taxonomy":"product_brand","embeddable":true,"href":"https:\/\/bitessiulai.lt\/de\/wp-json\/wp\/v2\/product_brand?post=8351"},{"taxonomy":"product_cat","embeddable":true,"href":"https:\/\/bitessiulai.lt\/de\/wp-json\/wp\/v2\/product_cat?post=8351"},{"taxonomy":"product_tag","embeddable":true,"href":"https:\/\/bitessiulai.lt\/de\/wp-json\/wp\/v2\/product_tag?post=8351"},{"taxonomy":"giftcard-category","embeddable":true,"href":"https:\/\/bitessiulai.lt\/de\/wp-json\/wp\/v2\/giftcard-category?post=8351"}],"curies":[{"name":"wp","href":"https:\/\/api.w.org\/{rel}","templated":true}]}}