{"id":8174,"date":"2025-02-18T13:18:35","date_gmt":"2025-02-18T11:18:35","guid":{"rendered":"https:\/\/bitessiulai.lt\/?post_type=product&#038;p=8174"},"modified":"2026-05-06T19:47:27","modified_gmt":"2026-05-06T16:47:27","slug":"knitpro-zing-30cm-ilgi-zalvariniai-virbalai","status":"publish","type":"product","link":"https:\/\/bitessiulai.lt\/de\/produkt\/knitpro-zing-30cm-ilgi-zalvariniai-virbalai\/","title":{"rendered":"KnitPro Zing 30 cm lange Messing-Stricknadeln"},"content":{"rendered":"<p>Die 30 cm langen Messingstricknadeln KnitPro Zing sind unglaublich starke Nadeln, die von allen Strickern geliebt werden.<\/p>\n<p>Nadell\u00e4nge: 30 cm.<\/p>\n<p>Die Gr\u00f6\u00dfen sind deutlich sichtbar und per Laser aufgedruckt. Diese Nadeln sind die ideale Wahl f\u00fcr alle, die leuchtende Farben m\u00f6gen.<br \/>\nZing-Nadeln bestehen aus hochwertigem, leichtem Aluminium, das ein reibungsloses Gleiten aller F\u00e4den gew\u00e4hrleistet.<\/p>\n<p><img fetchpriority=\"high\" decoding=\"async\" class=\"alignnone size-medium wp-image-8181\" src=\"http:\/\/bitessiulai.lt\/wp-content\/uploads\/2025\/02\/99147be93a4b095e18c371bb318512b1-300x300.jpg\" alt=\"\" width=\"300\" height=\"300\" srcset=\"https:\/\/bitessiulai.lt\/wp-content\/uploads\/2025\/02\/99147be93a4b095e18c371bb318512b1-300x300.jpg 300w, https:\/\/bitessiulai.lt\/wp-content\/uploads\/2025\/02\/99147be93a4b095e18c371bb318512b1-150x150.jpg 150w, https:\/\/bitessiulai.lt\/wp-content\/uploads\/2025\/02\/99147be93a4b095e18c371bb318512b1-12x12.jpg 12w, https:\/\/bitessiulai.lt\/wp-content\/uploads\/2025\/02\/99147be93a4b095e18c371bb318512b1-600x600.jpg 600w, https:\/\/bitessiulai.lt\/wp-content\/uploads\/2025\/02\/99147be93a4b095e18c371bb318512b1-96x96.jpg 96w, https:\/\/bitessiulai.lt\/wp-content\/uploads\/2025\/02\/99147be93a4b095e18c371bb318512b1.jpg 736w\" sizes=\"(max-width: 300px) 100vw, 300px\" \/> <img decoding=\"async\" class=\"alignnone size-medium wp-image-8176\" src=\"http:\/\/bitessiulai.lt\/wp-content\/uploads\/2025\/02\/62a11b5ab388030a26907e6fa9715dc8-300x300.jpg\" alt=\"\" width=\"300\" height=\"300\" srcset=\"https:\/\/bitessiulai.lt\/wp-content\/uploads\/2025\/02\/62a11b5ab388030a26907e6fa9715dc8-300x300.jpg 300w, https:\/\/bitessiulai.lt\/wp-content\/uploads\/2025\/02\/62a11b5ab388030a26907e6fa9715dc8-150x150.jpg 150w, https:\/\/bitessiulai.lt\/wp-content\/uploads\/2025\/02\/62a11b5ab388030a26907e6fa9715dc8-12x12.jpg 12w, https:\/\/bitessiulai.lt\/wp-content\/uploads\/2025\/02\/62a11b5ab388030a26907e6fa9715dc8-96x96.jpg 96w, https:\/\/bitessiulai.lt\/wp-content\/uploads\/2025\/02\/62a11b5ab388030a26907e6fa9715dc8.jpg 564w\" sizes=\"(max-width: 300px) 100vw, 300px\" \/><\/p>\n<p>*Die Farben, die Sie auf Ihrem Bildschirm sehen, k\u00f6nnen leicht von der tats\u00e4chlichen Garnfarbe abweichen.<\/p>\n<p>&nbsp;<\/p>","protected":false},"excerpt":{"rendered":"<p>KnitPro Zing 30cm Ilgi \u017ealvariniai virbalai\u00a0\u2013 tai be galo tvirti, vis\u0173 mezg\u0117j\u0173 pamilti virbalai. Virbal\u0173 ilgis: 30cm. Ai\u0161kiai matomi dyd\u017eiai yra atspausdinti lazeriu. \u0160ie virbalai\u00a0yra idealus pasirinkimas tiems, kurie m\u0117gsta ry\u0161kias spalvas. \u201eZing\u201c\u00a0virbalai yra pagaminti i\u0161 auk\u0161\u010diausios klas\u0117s lengvo aliuminio, kuris u\u017etikrina skland\u0173 vis\u0173 si\u016bl\u0173 slydim\u0105. *Ekrane matomos spalvos gali \u0161iek tiek skirtis nuo tikrosios si\u016bl\u0173 spalvos. &nbsp;<\/p>","protected":false},"featured_media":8175,"comment_status":"open","ping_status":"closed","template":"","meta":[],"product_brand":[],"product_cat":[180,182,2440],"product_tag":[],"giftcard-category":[],"class_list":{"0":"post-8174","1":"product","2":"type-product","3":"status-publish","4":"has-post-thumbnail","6":"product_cat-mezgimo-priemones","7":"product_cat-ilgi-tiesus-virbalai","8":"product_cat-knitpro","10":"first","11":"instock","12":"taxable","13":"shipping-taxable","14":"purchasable","15":"product-type-variable"},"_links":{"self":[{"href":"https:\/\/bitessiulai.lt\/de\/wp-json\/wp\/v2\/product\/8174","targetHints":{"allow":["GET"]}}],"collection":[{"href":"https:\/\/bitessiulai.lt\/de\/wp-json\/wp\/v2\/product"}],"about":[{"href":"https:\/\/bitessiulai.lt\/de\/wp-json\/wp\/v2\/types\/product"}],"replies":[{"embeddable":true,"href":"https:\/\/bitessiulai.lt\/de\/wp-json\/wp\/v2\/comments?post=8174"}],"version-history":[{"count":1,"href":"https:\/\/bitessiulai.lt\/de\/wp-json\/wp\/v2\/product\/8174\/revisions"}],"predecessor-version":[{"id":20985,"href":"https:\/\/bitessiulai.lt\/de\/wp-json\/wp\/v2\/product\/8174\/revisions\/20985"}],"wp:featuredmedia":[{"embeddable":true,"href":"https:\/\/bitessiulai.lt\/de\/wp-json\/wp\/v2\/media\/8175"}],"wp:attachment":[{"href":"https:\/\/bitessiulai.lt\/de\/wp-json\/wp\/v2\/media?parent=8174"}],"wp:term":[{"taxonomy":"product_brand","embeddable":true,"href":"https:\/\/bitessiulai.lt\/de\/wp-json\/wp\/v2\/product_brand?post=8174"},{"taxonomy":"product_cat","embeddable":true,"href":"https:\/\/bitessiulai.lt\/de\/wp-json\/wp\/v2\/product_cat?post=8174"},{"taxonomy":"product_tag","embeddable":true,"href":"https:\/\/bitessiulai.lt\/de\/wp-json\/wp\/v2\/product_tag?post=8174"},{"taxonomy":"giftcard-category","embeddable":true,"href":"https:\/\/bitessiulai.lt\/de\/wp-json\/wp\/v2\/giftcard-category?post=8174"}],"curies":[{"name":"wp","href":"https:\/\/api.w.org\/{rel}","templated":true}]}}