{"id":7954,"date":"2025-02-15T19:04:06","date_gmt":"2025-02-15T17:04:06","guid":{"rendered":"https:\/\/bitessiulai.lt\/?post_type=product&#038;p=7954"},"modified":"2025-04-28T14:06:25","modified_gmt":"2025-04-28T11:06:25","slug":"knitpro-zing-single-25cm-virbalu-rinkinys","status":"publish","type":"product","link":"https:\/\/bitessiulai.lt\/de\/produkt\/knitpro-zing-single-25cm-virbalu-rinkinys\/","title":{"rendered":"KnitPro Zing einzelnes 25cm Stricknadelset"},"content":{"rendered":"<p><strong>KnitPro Zing einzelnes 25cm Stricknadelset<\/strong> \u2013 Die Jackennadeln im Stricknadelset bestehen aus langlebigem und leichtem Aluminium. Mit ihren scharfen, sich allm\u00e4hlich verj\u00fcngenden Silberspitzen eignen sich diese Nadeln perfekt f\u00fcr alle Strickprojekte. Die Nadeln liegen angenehm in der Hand und die glatte Oberfl\u00e4che erm\u00f6glicht schnelles und reibungsloses Stricken. Dar\u00fcber hinaus hat jede Gr\u00f6\u00dfe eine andere Farbe, wodurch die verschiedenen Gr\u00f6\u00dfen leicht zu erkennen sind.<\/p>\n<p><strong>Dieses Set besteht aus:<\/strong><\/p>\n<ul>\n<li>11 Paar Jackenstricknadeln 25 cm lang (3,00, 3,25, 3,50, 3,75, 4,00, 4,50, 5,00, 5,50, 6,00, 6,50 und 8,00 mm)<\/li>\n<li>Das Nadelset wird in einem sch\u00f6nen rosa Stoffbeutel mit Rei\u00dfverschluss geliefert.<\/li>\n<\/ul>\n<p><img fetchpriority=\"high\" decoding=\"async\" class=\"alignnone size-medium wp-image-7957\" src=\"https:\/\/bitessiulai.lt\/wp-content\/uploads\/2025\/02\/k47440-2_1-300x300.webp\" alt=\"\" width=\"300\" height=\"300\" srcset=\"https:\/\/bitessiulai.lt\/wp-content\/uploads\/2025\/02\/k47440-2_1-300x300.webp 300w, https:\/\/bitessiulai.lt\/wp-content\/uploads\/2025\/02\/k47440-2_1-150x150.webp 150w, https:\/\/bitessiulai.lt\/wp-content\/uploads\/2025\/02\/k47440-2_1-12x12.webp 12w, https:\/\/bitessiulai.lt\/wp-content\/uploads\/2025\/02\/k47440-2_1-600x600.webp 600w, https:\/\/bitessiulai.lt\/wp-content\/uploads\/2025\/02\/k47440-2_1-96x96.webp 96w, https:\/\/bitessiulai.lt\/wp-content\/uploads\/2025\/02\/k47440-2_1.webp 700w\" sizes=\"(max-width: 300px) 100vw, 300px\" \/> <img decoding=\"async\" class=\"alignnone size-medium wp-image-7958\" src=\"https:\/\/bitessiulai.lt\/wp-content\/uploads\/2025\/02\/k47440-6-300x300.webp\" alt=\"\" width=\"300\" height=\"300\" srcset=\"https:\/\/bitessiulai.lt\/wp-content\/uploads\/2025\/02\/k47440-6-300x300.webp 300w, https:\/\/bitessiulai.lt\/wp-content\/uploads\/2025\/02\/k47440-6-150x150.webp 150w, https:\/\/bitessiulai.lt\/wp-content\/uploads\/2025\/02\/k47440-6-12x12.webp 12w, https:\/\/bitessiulai.lt\/wp-content\/uploads\/2025\/02\/k47440-6-600x600.webp 600w, https:\/\/bitessiulai.lt\/wp-content\/uploads\/2025\/02\/k47440-6-96x96.webp 96w, https:\/\/bitessiulai.lt\/wp-content\/uploads\/2025\/02\/k47440-6.webp 700w\" sizes=\"(max-width: 300px) 100vw, 300px\" \/> <img decoding=\"async\" class=\"alignnone size-medium wp-image-7959\" src=\"https:\/\/bitessiulai.lt\/wp-content\/uploads\/2025\/02\/k47440-5-300x300.webp\" alt=\"\" width=\"300\" height=\"300\" srcset=\"https:\/\/bitessiulai.lt\/wp-content\/uploads\/2025\/02\/k47440-5-300x300.webp 300w, https:\/\/bitessiulai.lt\/wp-content\/uploads\/2025\/02\/k47440-5-150x150.webp 150w, https:\/\/bitessiulai.lt\/wp-content\/uploads\/2025\/02\/k47440-5-12x12.webp 12w, https:\/\/bitessiulai.lt\/wp-content\/uploads\/2025\/02\/k47440-5-600x600.webp 600w, https:\/\/bitessiulai.lt\/wp-content\/uploads\/2025\/02\/k47440-5-96x96.webp 96w, https:\/\/bitessiulai.lt\/wp-content\/uploads\/2025\/02\/k47440-5.webp 700w\" sizes=\"(max-width: 300px) 100vw, 300px\" \/><\/p>\n<p>*Die Farben, die Sie auf Ihrem Bildschirm sehen, k\u00f6nnen leicht von der tats\u00e4chlichen Garnfarbe abweichen.<\/p>","protected":false},"excerpt":{"rendered":"<p>KnitPro Zing single 25cm virbal\u0173 rinkinys &#8211; virbal\u0173 rinkinio vienasmailiai virbalai pagaminti i\u0161 patvaraus ir lengvo aliuminio. D\u0117l a\u0161tri\u0173 ir palaipsniui siaur\u0117jan\u010di\u0173 sidabrini\u0173 galiuk\u0173 \u0161ie virbalai puikiai tinka visiems mezgimo projektams. Virbalus patogu laikyti, o pavir\u0161ius lygus, tod\u0117l galima greitai ir skland\u017eiai megzti. Be to, kiekvienas dydis turi skirting\u0105 spalv\u0105, tod\u0117l lengva atpa\u017einti skirtingus dyd\u017eius. \u0160\u012f rinkin\u012f sudaro: 11 por\u0173 vienasmaili\u0173 virbal\u0173 25 cm ilgio (3.00, 3.25, 3.50, 3.75, 4.00, 4.50, 5.00, 5.50, 6.00, 6.50 ir 8.00 mm) Virbal\u0173 rinkinys yra gra\u017eiame rausvos spalvos audinio mai\u0161elyje su u\u017etrauktuku. *Ekrane matomos spalvos gali \u0161iek tiek skirtis nuo tikrosios si\u016bl\u0173 spalvos.<\/p>","protected":false},"featured_media":7955,"comment_status":"open","ping_status":"closed","template":"","meta":[],"product_brand":[],"product_cat":[2440,180,181],"product_tag":[],"giftcard-category":[],"class_list":{"0":"post-7954","1":"product","2":"type-product","3":"status-publish","4":"has-post-thumbnail","6":"product_cat-knitpro","7":"product_cat-mezgimo-priemones","8":"product_cat-virbalu-rinkiniai","10":"first","11":"instock","12":"taxable","13":"shipping-taxable","14":"purchasable","15":"product-type-simple"},"_links":{"self":[{"href":"https:\/\/bitessiulai.lt\/de\/wp-json\/wp\/v2\/product\/7954","targetHints":{"allow":["GET"]}}],"collection":[{"href":"https:\/\/bitessiulai.lt\/de\/wp-json\/wp\/v2\/product"}],"about":[{"href":"https:\/\/bitessiulai.lt\/de\/wp-json\/wp\/v2\/types\/product"}],"replies":[{"embeddable":true,"href":"https:\/\/bitessiulai.lt\/de\/wp-json\/wp\/v2\/comments?post=7954"}],"version-history":[{"count":0,"href":"https:\/\/bitessiulai.lt\/de\/wp-json\/wp\/v2\/product\/7954\/revisions"}],"wp:featuredmedia":[{"embeddable":true,"href":"https:\/\/bitessiulai.lt\/de\/wp-json\/wp\/v2\/media\/7955"}],"wp:attachment":[{"href":"https:\/\/bitessiulai.lt\/de\/wp-json\/wp\/v2\/media?parent=7954"}],"wp:term":[{"taxonomy":"product_brand","embeddable":true,"href":"https:\/\/bitessiulai.lt\/de\/wp-json\/wp\/v2\/product_brand?post=7954"},{"taxonomy":"product_cat","embeddable":true,"href":"https:\/\/bitessiulai.lt\/de\/wp-json\/wp\/v2\/product_cat?post=7954"},{"taxonomy":"product_tag","embeddable":true,"href":"https:\/\/bitessiulai.lt\/de\/wp-json\/wp\/v2\/product_tag?post=7954"},{"taxonomy":"giftcard-category","embeddable":true,"href":"https:\/\/bitessiulai.lt\/de\/wp-json\/wp\/v2\/giftcard-category?post=7954"}],"curies":[{"name":"wp","href":"https:\/\/api.w.org\/{rel}","templated":true}]}}