{"id":7943,"date":"2025-02-15T18:55:25","date_gmt":"2025-02-15T16:55:25","guid":{"rendered":"https:\/\/bitessiulai.lt\/?post_type=product&#038;p=7943"},"modified":"2026-03-12T15:06:09","modified_gmt":"2026-03-12T13:06:09","slug":"knitpro-zing-inter-13cm-virbalu-rinkinys","status":"publish","type":"product","link":"https:\/\/bitessiulai.lt\/de\/produkt\/knitpro-zing-inter-13cm-virbalu-rinkinys\/","title":{"rendered":"KnitPro Zing Inter 13cm Stricknadelset"},"content":{"rendered":"<p>Bunt <strong>KnitPro Zing Inter 13cm Stricknadelset<\/strong>\u00a0ist ein komplettes Set mit austauschbaren Strickspitzen und Zubeh\u00f6r. Jede Nadelgr\u00f6\u00dfe hat ihre eigene, einzigartige Farbe. Die perfekt spitzen, austauschbaren Spitzen bestehen aus langlebigem und leichtem hochwertigem Aluminium und haben eine glatte Oberfl\u00e4che, die komfortables Stricken garantiert. Die Schn\u00fcre sind stark und flexibel zugleich und gleiten m\u00fchelos durch die Maschen.<\/p>\n<p><img fetchpriority=\"high\" decoding=\"async\" class=\"alignnone size-medium wp-image-7948\" src=\"https:\/\/bitessiulai.lt\/wp-content\/uploads\/2025\/02\/k47435-9-300x300.webp\" alt=\"\" width=\"300\" height=\"300\" srcset=\"https:\/\/bitessiulai.lt\/wp-content\/uploads\/2025\/02\/k47435-9-300x300.webp 300w, https:\/\/bitessiulai.lt\/wp-content\/uploads\/2025\/02\/k47435-9-150x150.webp 150w, https:\/\/bitessiulai.lt\/wp-content\/uploads\/2025\/02\/k47435-9-12x12.webp 12w, https:\/\/bitessiulai.lt\/wp-content\/uploads\/2025\/02\/k47435-9-96x96.webp 96w, https:\/\/bitessiulai.lt\/wp-content\/uploads\/2025\/02\/k47435-9.webp 583w\" sizes=\"(max-width: 300px) 100vw, 300px\" \/> <img decoding=\"async\" class=\"alignnone size-medium wp-image-7949\" src=\"https:\/\/bitessiulai.lt\/wp-content\/uploads\/2025\/02\/k47435-2_1-300x300.webp\" alt=\"\" width=\"300\" height=\"300\" srcset=\"https:\/\/bitessiulai.lt\/wp-content\/uploads\/2025\/02\/k47435-2_1-300x300.webp 300w, https:\/\/bitessiulai.lt\/wp-content\/uploads\/2025\/02\/k47435-2_1-150x150.webp 150w, https:\/\/bitessiulai.lt\/wp-content\/uploads\/2025\/02\/k47435-2_1-12x12.webp 12w, https:\/\/bitessiulai.lt\/wp-content\/uploads\/2025\/02\/k47435-2_1-96x96.webp 96w, https:\/\/bitessiulai.lt\/wp-content\/uploads\/2025\/02\/k47435-2_1.webp 583w\" sizes=\"(max-width: 300px) 100vw, 300px\" \/> <img decoding=\"async\" class=\"alignnone size-medium wp-image-7950\" src=\"https:\/\/bitessiulai.lt\/wp-content\/uploads\/2025\/02\/k47435-6-300x300.webp\" alt=\"\" width=\"300\" height=\"300\" srcset=\"https:\/\/bitessiulai.lt\/wp-content\/uploads\/2025\/02\/k47435-6-300x300.webp 300w, https:\/\/bitessiulai.lt\/wp-content\/uploads\/2025\/02\/k47435-6-150x150.webp 150w, https:\/\/bitessiulai.lt\/wp-content\/uploads\/2025\/02\/k47435-6-12x12.webp 12w, https:\/\/bitessiulai.lt\/wp-content\/uploads\/2025\/02\/k47435-6-96x96.webp 96w, https:\/\/bitessiulai.lt\/wp-content\/uploads\/2025\/02\/k47435-6.webp 583w\" sizes=\"(max-width: 300px) 100vw, 300px\" \/> <img loading=\"lazy\" decoding=\"async\" class=\"alignnone size-medium wp-image-7951\" src=\"https:\/\/bitessiulai.lt\/wp-content\/uploads\/2025\/02\/k47435-4-300x300.webp\" alt=\"\" width=\"300\" height=\"300\" srcset=\"https:\/\/bitessiulai.lt\/wp-content\/uploads\/2025\/02\/k47435-4-300x300.webp 300w, https:\/\/bitessiulai.lt\/wp-content\/uploads\/2025\/02\/k47435-4-150x150.webp 150w, https:\/\/bitessiulai.lt\/wp-content\/uploads\/2025\/02\/k47435-4-12x12.webp 12w, https:\/\/bitessiulai.lt\/wp-content\/uploads\/2025\/02\/k47435-4-96x96.webp 96w, https:\/\/bitessiulai.lt\/wp-content\/uploads\/2025\/02\/k47435-4.webp 583w\" sizes=\"(max-width: 300px) 100vw, 300px\" \/><\/p>\n<p><strong>Das KnitPro Zing-Kit enth\u00e4lt die folgenden Artikel:<\/strong><\/p>\n<p>&nbsp;<\/p>\n<ul>\n<li>11 x Paar austauschbare 13 cm Stricknadeln in den Gr\u00f6\u00dfen 3,00, 3,25, 3,50, 3,75, 4,00, 4,50, 5,00, 5,50, 6,00, 6,50 und 8,00 mm.<\/li>\n<li>5 x Leinen (2 x 60 cm, 2 x 80 cm und 1 x 100 cm)<\/li>\n<li>8 x Spie\u00dfspitzen<\/li>\n<li>4 x Schraubenschl\u00fcssel zum Festziehen der Leitung<\/li>\n<li>1 x Leitungsverbinder<\/li>\n<li>1x Schere<\/li>\n<li>1 x Ma\u00dfband<\/li>\n<li>2x Wollnadeln<\/li>\n<li>10 x Maschenmarkierer f\u00fcr Rei\u00dfverschl\u00fcsse<\/li>\n<li>10 x kreisf\u00f6rmige Maschenmarkierer<\/li>\n<\/ul>\n<p>*Die Farben, die Sie auf Ihrem Bildschirm sehen, k\u00f6nnen leicht von der tats\u00e4chlichen Garnfarbe abweichen.<\/p>","protected":false},"excerpt":{"rendered":"<p>Spalvingas KnitPro Zing Inter 13cm virbal\u0173 rinkinys\u00a0yra pilnas komplektas su kei\u010diamais mezgimo antgaliais ir priedais. Kiekvienas virbalo dydis turi savo unikali\u0105 spalv\u0105. Puikiai nusmailinti kei\u010diami antgaliai yra pagaminti i\u0161 patvaraus ir lengvo auk\u0161tos kokyb\u0117s aliuminio ir turi lyg\u0173 pavir\u0161i\u0173, garantuojant\u012f patog\u0173 mezgim\u0105. Valai yra stipr\u016bs ir lankst\u016bs tuo pa\u010diu metu ir be vargo slysta per si\u016bles. KnitPro Zing rinkin\u012f sudaro \u0161ie elementai: &nbsp; 11 x por\u0173 kei\u010diam\u0173 13 cm ilgio mezgimo virbal\u0173, kuri\u0173 dydis yra 3,00, 3,25, 3,50, 3,75, 4,00, 4,50, 5,00, 5,50, 6,00, 6,50 ir 8,00 mm. 5 x valai (2 x 60 cm, 2 x 80 cm ir 1 x 100 cm) 8 x virbal\u0173 galiukai 4 x raktai valui priver\u017eti 1 x jungtis valui 1x \u017eirklut\u0117s 1 x matavimo juosta 2x vilnos adatos 10 x u\u017etraukiami dygsnio \u017eymekliai 10 x \u017eiedinio dygsnio \u017eymekliai *Ekrane matomos spalvos gali \u0161iek tiek skirtis nuo tikrosios si\u016bl\u0173 spalvos.<\/p>","protected":false},"featured_media":7945,"comment_status":"open","ping_status":"closed","template":"","meta":[],"product_brand":[],"product_cat":[2440,180,181],"product_tag":[],"giftcard-category":[],"class_list":{"0":"post-7943","1":"product","2":"type-product","3":"status-publish","4":"has-post-thumbnail","6":"product_cat-knitpro","7":"product_cat-mezgimo-priemones","8":"product_cat-virbalu-rinkiniai","10":"first","11":"instock","12":"taxable","13":"shipping-taxable","14":"purchasable","15":"product-type-simple"},"_links":{"self":[{"href":"https:\/\/bitessiulai.lt\/de\/wp-json\/wp\/v2\/product\/7943","targetHints":{"allow":["GET"]}}],"collection":[{"href":"https:\/\/bitessiulai.lt\/de\/wp-json\/wp\/v2\/product"}],"about":[{"href":"https:\/\/bitessiulai.lt\/de\/wp-json\/wp\/v2\/types\/product"}],"replies":[{"embeddable":true,"href":"https:\/\/bitessiulai.lt\/de\/wp-json\/wp\/v2\/comments?post=7943"}],"version-history":[{"count":1,"href":"https:\/\/bitessiulai.lt\/de\/wp-json\/wp\/v2\/product\/7943\/revisions"}],"predecessor-version":[{"id":23810,"href":"https:\/\/bitessiulai.lt\/de\/wp-json\/wp\/v2\/product\/7943\/revisions\/23810"}],"wp:featuredmedia":[{"embeddable":true,"href":"https:\/\/bitessiulai.lt\/de\/wp-json\/wp\/v2\/media\/7945"}],"wp:attachment":[{"href":"https:\/\/bitessiulai.lt\/de\/wp-json\/wp\/v2\/media?parent=7943"}],"wp:term":[{"taxonomy":"product_brand","embeddable":true,"href":"https:\/\/bitessiulai.lt\/de\/wp-json\/wp\/v2\/product_brand?post=7943"},{"taxonomy":"product_cat","embeddable":true,"href":"https:\/\/bitessiulai.lt\/de\/wp-json\/wp\/v2\/product_cat?post=7943"},{"taxonomy":"product_tag","embeddable":true,"href":"https:\/\/bitessiulai.lt\/de\/wp-json\/wp\/v2\/product_tag?post=7943"},{"taxonomy":"giftcard-category","embeddable":true,"href":"https:\/\/bitessiulai.lt\/de\/wp-json\/wp\/v2\/giftcard-category?post=7943"}],"curies":[{"name":"wp","href":"https:\/\/api.w.org\/{rel}","templated":true}]}}