{"id":7772,"date":"2025-02-15T17:16:45","date_gmt":"2025-02-15T15:16:45","guid":{"rendered":"https:\/\/bitessiulai.lt\/?post_type=product&#038;p=7772"},"modified":"2026-03-09T07:38:18","modified_gmt":"2026-03-09T05:38:18","slug":"stenli-cotton-jam","status":"publish","type":"product","link":"https:\/\/bitessiulai.lt\/de\/produkt\/stenli-cotton-jam\/","title":{"rendered":"Stanley Cotton f\u00fcr ihn"},"content":{"rendered":"<p>Stanley Cotton Jam \u2013 aus weicher Baumwolle und Viskose.<\/p>\n<p>Die Sch\u00f6nheit des Stoffes kommt besonders nach dem B\u00fcgeln zur Geltung, da die N\u00e4hte fixiert und der Schnitt betont wird. Ein idealer, eleganter Faden f\u00fcr alle Jahreszeiten. Die Sch\u00f6nheit des Naturfadens zeigt sich selbst in den einfachsten Strickwaren. Die beste Wahl f\u00fcr Fr\u00fchlings- und Sommerblusen, Kleider und Kinderstrickwaren, die durch K\u00f6rperw\u00e4rme und B\u00fcgeln noch mehr Leben erhalten. Perfekt f\u00fcr elegantere klassische Kleidung.<\/p>\n<p><img fetchpriority=\"high\" decoding=\"async\" class=\"alignnone size-medium wp-image-7804\" src=\"https:\/\/bitessiulai.lt\/wp-content\/uploads\/2025\/02\/IMG_8653-20220413111637-393-300x200.jpg\" alt=\"\" width=\"300\" height=\"200\" srcset=\"https:\/\/bitessiulai.lt\/wp-content\/uploads\/2025\/02\/IMG_8653-20220413111637-393-300x200.jpg 300w, https:\/\/bitessiulai.lt\/wp-content\/uploads\/2025\/02\/IMG_8653-20220413111637-393-1024x683.jpg 1024w, https:\/\/bitessiulai.lt\/wp-content\/uploads\/2025\/02\/IMG_8653-20220413111637-393-768x512.jpg 768w, https:\/\/bitessiulai.lt\/wp-content\/uploads\/2025\/02\/IMG_8653-20220413111637-393-18x12.jpg 18w, https:\/\/bitessiulai.lt\/wp-content\/uploads\/2025\/02\/IMG_8653-20220413111637-393-600x400.jpg 600w, https:\/\/bitessiulai.lt\/wp-content\/uploads\/2025\/02\/IMG_8653-20220413111637-393-150x100.jpg 150w, https:\/\/bitessiulai.lt\/wp-content\/uploads\/2025\/02\/IMG_8653-20220413111637-393.jpg 1200w\" sizes=\"(max-width: 300px) 100vw, 300px\" \/><\/p>\n<p>*Die Farben, die Sie auf Ihrem Bildschirm sehen, k\u00f6nnen leicht von der tats\u00e4chlichen Garnfarbe abweichen.<\/p>","protected":false},"excerpt":{"rendered":"<p>Zusammensetzung: 80% Baumwolle, 20% Viskose<\/p>\n<p>Gewicht\/L\u00e4nge: 300 g = ca. 1000 m.<\/p>\n<p>Empfohlene Nadelst\u00e4rke: 2,5 \u2013 3,5 mm.<\/p>\n<p>Empfohlene Nadelst\u00e4rke: 2 \u2013 3 mm.<\/p>\n<p>&nbsp;<\/p>","protected":false},"featured_media":7773,"comment_status":"open","ping_status":"closed","template":"","meta":[],"product_brand":[],"product_cat":[3557,652,177,178,173,174,175,1641,337],"product_tag":[],"giftcard-category":[],"class_list":{"0":"post-7772","1":"product","2":"type-product","3":"status-publish","4":"has-post-thumbnail","6":"product_cat-cotton-jam-stenli","7":"product_cat-medvilne","8":"product_cat-mezgimo-siulai","9":"product_cat-nerimo-siulai","10":"product_cat-siulai","11":"product_cat-siulu-gamintojai","12":"product_cat-siulu-pluostai","13":"product_cat-stenli","14":"product_cat-viskoze","16":"first","17":"instock","18":"taxable","19":"shipping-taxable","20":"purchasable","21":"product-type-variable"},"_links":{"self":[{"href":"https:\/\/bitessiulai.lt\/de\/wp-json\/wp\/v2\/product\/7772","targetHints":{"allow":["GET"]}}],"collection":[{"href":"https:\/\/bitessiulai.lt\/de\/wp-json\/wp\/v2\/product"}],"about":[{"href":"https:\/\/bitessiulai.lt\/de\/wp-json\/wp\/v2\/types\/product"}],"replies":[{"embeddable":true,"href":"https:\/\/bitessiulai.lt\/de\/wp-json\/wp\/v2\/comments?post=7772"}],"version-history":[{"count":0,"href":"https:\/\/bitessiulai.lt\/de\/wp-json\/wp\/v2\/product\/7772\/revisions"}],"wp:featuredmedia":[{"embeddable":true,"href":"https:\/\/bitessiulai.lt\/de\/wp-json\/wp\/v2\/media\/7773"}],"wp:attachment":[{"href":"https:\/\/bitessiulai.lt\/de\/wp-json\/wp\/v2\/media?parent=7772"}],"wp:term":[{"taxonomy":"product_brand","embeddable":true,"href":"https:\/\/bitessiulai.lt\/de\/wp-json\/wp\/v2\/product_brand?post=7772"},{"taxonomy":"product_cat","embeddable":true,"href":"https:\/\/bitessiulai.lt\/de\/wp-json\/wp\/v2\/product_cat?post=7772"},{"taxonomy":"product_tag","embeddable":true,"href":"https:\/\/bitessiulai.lt\/de\/wp-json\/wp\/v2\/product_tag?post=7772"},{"taxonomy":"giftcard-category","embeddable":true,"href":"https:\/\/bitessiulai.lt\/de\/wp-json\/wp\/v2\/giftcard-category?post=7772"}],"curies":[{"name":"wp","href":"https:\/\/api.w.org\/{rel}","templated":true}]}}