{"id":7520,"date":"2025-02-13T14:43:41","date_gmt":"2025-02-13T12:43:41","guid":{"rendered":"https:\/\/bitessiulai.lt\/?post_type=product&#038;p=7520"},"modified":"2026-02-17T11:44:50","modified_gmt":"2026-02-17T09:44:50","slug":"opry-matavimo-juosta","status":"publish","type":"product","link":"https:\/\/bitessiulai.lt\/de\/produkt\/opry-matavimo-juosta\/","title":{"rendered":"Opry-Ma\u00dfband"},"content":{"rendered":"<ul>\n<li>Das Opry-Ma\u00dfband ist ein praktisches Rollma\u00dfband.<\/li>\n<li>L\u00e4nge \u2013 150 cm.<\/li>\n<li>Das Geh\u00e4use besteht aus Kunststoff.<\/li>\n<li>Zur\u00fcckspulen durch Dr\u00fccken einer Taste in der Mitte der Rolle.<\/li>\n<\/ul>\n<p>*Die auf dem Bildschirm angezeigten Farben k\u00f6nnen leicht von der tats\u00e4chlichen Farbe abweichen.<\/p>","protected":false},"excerpt":{"rendered":"<p>Opry matavimo juosta \u2013 patogi susivyniojanti matavimo juosta. Ilgis \u2013 150 cm. Korpusas plastikinis. Susivynioja paspaudus mygtuk\u0105 rit\u0117s centre. *Ekrane matomos spalvos gali \u0161iek tiek skirtis nuo tikrosios spalvos.<\/p>","protected":false},"featured_media":7521,"comment_status":"open","ping_status":"closed","template":"","meta":[],"product_brand":[],"product_cat":[202,192],"product_tag":[],"giftcard-category":[],"class_list":{"0":"post-7520","1":"product","2":"type-product","3":"status-publish","4":"has-post-thumbnail","6":"product_cat-matavimo-priemones","7":"product_cat-priedai-mezgimui","9":"first","10":"instock","11":"taxable","12":"shipping-taxable","13":"purchasable","14":"product-type-variable"},"_links":{"self":[{"href":"https:\/\/bitessiulai.lt\/de\/wp-json\/wp\/v2\/product\/7520","targetHints":{"allow":["GET"]}}],"collection":[{"href":"https:\/\/bitessiulai.lt\/de\/wp-json\/wp\/v2\/product"}],"about":[{"href":"https:\/\/bitessiulai.lt\/de\/wp-json\/wp\/v2\/types\/product"}],"replies":[{"embeddable":true,"href":"https:\/\/bitessiulai.lt\/de\/wp-json\/wp\/v2\/comments?post=7520"}],"version-history":[{"count":1,"href":"https:\/\/bitessiulai.lt\/de\/wp-json\/wp\/v2\/product\/7520\/revisions"}],"predecessor-version":[{"id":21031,"href":"https:\/\/bitessiulai.lt\/de\/wp-json\/wp\/v2\/product\/7520\/revisions\/21031"}],"wp:featuredmedia":[{"embeddable":true,"href":"https:\/\/bitessiulai.lt\/de\/wp-json\/wp\/v2\/media\/7521"}],"wp:attachment":[{"href":"https:\/\/bitessiulai.lt\/de\/wp-json\/wp\/v2\/media?parent=7520"}],"wp:term":[{"taxonomy":"product_brand","embeddable":true,"href":"https:\/\/bitessiulai.lt\/de\/wp-json\/wp\/v2\/product_brand?post=7520"},{"taxonomy":"product_cat","embeddable":true,"href":"https:\/\/bitessiulai.lt\/de\/wp-json\/wp\/v2\/product_cat?post=7520"},{"taxonomy":"product_tag","embeddable":true,"href":"https:\/\/bitessiulai.lt\/de\/wp-json\/wp\/v2\/product_tag?post=7520"},{"taxonomy":"giftcard-category","embeddable":true,"href":"https:\/\/bitessiulai.lt\/de\/wp-json\/wp\/v2\/giftcard-category?post=7520"}],"curies":[{"name":"wp","href":"https:\/\/api.w.org\/{rel}","templated":true}]}}