{"id":7446,"date":"2025-02-13T12:38:50","date_gmt":"2025-02-13T10:38:50","guid":{"rendered":"https:\/\/bitessiulai.lt\/?post_type=product&#038;p=7446"},"modified":"2026-04-16T10:44:23","modified_gmt":"2026-04-16T07:44:23","slug":"stenli-holiday-new","status":"publish","type":"product","link":"https:\/\/bitessiulai.lt\/de\/produkt\/stenli-holiday-new\/","title":{"rendered":"Stanley Holiday Neu"},"content":{"rendered":"<p><strong>Stanley Holiday Neu\u00a0<\/strong>Eine neue, verbesserte Version ist zur\u00fcck, mit mehr Volumen und einem nat\u00fcrlichen Gef\u00fchl dank der aktuellen Mischung aus weicher bulgarischer Wolle und Mikroacryl.<\/p>\n<p>Garn ist ein festliches Wintergeschenk aus einem gro\u00dfen Strau\u00df, das zum Stricken beeindruckender warmer Schals, M\u00fctzen, Westen, Ponchos und Decken gedacht ist.<\/p>\n<p>Passt gut zu glatten F\u00e4den \u00e4hnlicher Zusammensetzung. <strong>Stanley-Urlaub<\/strong> Es ist auch ein ideales Material f\u00fcr dekorative Arbeiten \u2013 gestrickte Puppen, Tierfiguren, Textilmalereien.<\/p>\n<p><img fetchpriority=\"high\" decoding=\"async\" class=\"alignnone size-medium wp-image-7447\" src=\"https:\/\/bitessiulai.lt\/wp-content\/uploads\/2025\/02\/c-58-20221128132357-786-500x500-1-300x300.jpeg\" alt=\"\" width=\"300\" height=\"300\" srcset=\"https:\/\/bitessiulai.lt\/wp-content\/uploads\/2025\/02\/c-58-20221128132357-786-500x500-1-300x300.jpeg 300w, https:\/\/bitessiulai.lt\/wp-content\/uploads\/2025\/02\/c-58-20221128132357-786-500x500-1-150x150.jpeg 150w, https:\/\/bitessiulai.lt\/wp-content\/uploads\/2025\/02\/c-58-20221128132357-786-500x500-1-12x12.jpeg 12w, https:\/\/bitessiulai.lt\/wp-content\/uploads\/2025\/02\/c-58-20221128132357-786-500x500-1-96x96.jpeg 96w, https:\/\/bitessiulai.lt\/wp-content\/uploads\/2025\/02\/c-58-20221128132357-786-500x500-1.jpeg 500w\" sizes=\"(max-width: 300px) 100vw, 300px\" \/> <img decoding=\"async\" class=\"alignnone size-medium wp-image-7448\" src=\"https:\/\/bitessiulai.lt\/wp-content\/uploads\/2025\/02\/c-82-20221128132317-950-500x500-1-300x300.jpeg\" alt=\"\" width=\"300\" height=\"300\" srcset=\"https:\/\/bitessiulai.lt\/wp-content\/uploads\/2025\/02\/c-82-20221128132317-950-500x500-1-300x300.jpeg 300w, https:\/\/bitessiulai.lt\/wp-content\/uploads\/2025\/02\/c-82-20221128132317-950-500x500-1-150x150.jpeg 150w, https:\/\/bitessiulai.lt\/wp-content\/uploads\/2025\/02\/c-82-20221128132317-950-500x500-1-12x12.jpeg 12w, https:\/\/bitessiulai.lt\/wp-content\/uploads\/2025\/02\/c-82-20221128132317-950-500x500-1-96x96.jpeg 96w, https:\/\/bitessiulai.lt\/wp-content\/uploads\/2025\/02\/c-82-20221128132317-950-500x500-1.jpeg 500w\" sizes=\"(max-width: 300px) 100vw, 300px\" \/><\/p>\n<div style=\"width: 640px;\" class=\"wp-video\"><video class=\"wp-video-shortcode\" id=\"video-7446-1\" width=\"640\" height=\"360\" preload=\"metadata\" controls=\"controls\"><source type=\"video\/mp4\" src=\"https:\/\/bitessiulai.lt\/wp-content\/uploads\/2025\/02\/eb9dbb37-cd9e-4d9b-add6-84564d6843a8.mp4?_=1\" \/><a href=\"https:\/\/bitessiulai.lt\/wp-content\/uploads\/2025\/02\/eb9dbb37-cd9e-4d9b-add6-84564d6843a8.mp4\">https:\/\/bitessiulai.lt\/wp-content\/uploads\/2025\/02\/eb9dbb37-cd9e-4d9b-add6-84564d6843a8.mp4<\/a><\/video><\/div>\n<p>*Die Farben, die Sie auf Ihrem Bildschirm sehen, k\u00f6nnen leicht von der tats\u00e4chlichen Garnfarbe abweichen.<\/p>","protected":false},"excerpt":{"rendered":"<p>Zusammensetzung: 45% Wolle, 55% Polyester<\/p>\n<p>Gewicht\/L\u00e4nge: 100 g = ca. 55 m.<\/p>\n<p>Empfohlene Nadelst\u00e4rke: 8 \u2013 10 mm.<\/p>\n<p>&nbsp;<\/p>","protected":false},"featured_media":7450,"comment_status":"open","ping_status":"closed","template":"","meta":[],"product_brand":[],"product_cat":[915,3290,177,328,173,174,175,1641,410],"product_tag":[],"giftcard-category":[],"class_list":{"0":"post-7446","1":"product","2":"type-product","3":"status-publish","4":"has-post-thumbnail","6":"product_cat-dekoratyviniai-siulai","7":"product_cat-holiday-new","8":"product_cat-mezgimo-siulai","9":"product_cat-poliesteris","10":"product_cat-siulai","11":"product_cat-siulu-gamintojai","12":"product_cat-siulu-pluostai","13":"product_cat-stenli","14":"product_cat-vilna","16":"first","17":"instock","18":"taxable","19":"shipping-taxable","20":"purchasable","21":"product-type-variable"},"_links":{"self":[{"href":"https:\/\/bitessiulai.lt\/de\/wp-json\/wp\/v2\/product\/7446","targetHints":{"allow":["GET"]}}],"collection":[{"href":"https:\/\/bitessiulai.lt\/de\/wp-json\/wp\/v2\/product"}],"about":[{"href":"https:\/\/bitessiulai.lt\/de\/wp-json\/wp\/v2\/types\/product"}],"replies":[{"embeddable":true,"href":"https:\/\/bitessiulai.lt\/de\/wp-json\/wp\/v2\/comments?post=7446"}],"version-history":[{"count":0,"href":"https:\/\/bitessiulai.lt\/de\/wp-json\/wp\/v2\/product\/7446\/revisions"}],"wp:featuredmedia":[{"embeddable":true,"href":"https:\/\/bitessiulai.lt\/de\/wp-json\/wp\/v2\/media\/7450"}],"wp:attachment":[{"href":"https:\/\/bitessiulai.lt\/de\/wp-json\/wp\/v2\/media?parent=7446"}],"wp:term":[{"taxonomy":"product_brand","embeddable":true,"href":"https:\/\/bitessiulai.lt\/de\/wp-json\/wp\/v2\/product_brand?post=7446"},{"taxonomy":"product_cat","embeddable":true,"href":"https:\/\/bitessiulai.lt\/de\/wp-json\/wp\/v2\/product_cat?post=7446"},{"taxonomy":"product_tag","embeddable":true,"href":"https:\/\/bitessiulai.lt\/de\/wp-json\/wp\/v2\/product_tag?post=7446"},{"taxonomy":"giftcard-category","embeddable":true,"href":"https:\/\/bitessiulai.lt\/de\/wp-json\/wp\/v2\/giftcard-category?post=7446"}],"curies":[{"name":"wp","href":"https:\/\/api.w.org\/{rel}","templated":true}]}}