{"id":7242,"date":"2025-02-11T18:30:42","date_gmt":"2025-02-11T16:30:42","guid":{"rendered":"https:\/\/bitessiulai.lt\/?post_type=product&#038;p=7242"},"modified":"2026-03-08T15:36:09","modified_gmt":"2026-03-08T13:36:09","slug":"stenli-paris-nights","status":"publish","type":"product","link":"https:\/\/bitessiulai.lt\/de\/produkt\/stenli-paris-nights\/","title":{"rendered":"Stanley Paris Nights"},"content":{"rendered":"<p id=\"tw-target-text\" class=\"tw-data-text tw-text-large tw-ta\" dir=\"ltr\" data-placeholder=\"Vertimas\" data-ved=\"2ahUKEwiW8qjQ_buLAxWjSfEDHZ4zORsQ3ewLegQIChAV\" aria-label=\"\u00dcbersetzter Text: Stanley Paris Nights Garn verspricht eine perfekte seidige Umarmung, die die Lichter der n\u00e4chtlichen Stadt reflektiert. Der spektakul\u00e4re Faden geht flie\u00dfend von glatten Viskosepartien zu lichtgetr\u00e4nkten Lurextropfen \u00fcber. Das resultierende Gestrick sieht aus wie Spitze, mit einer wunderbaren Textur. Das Garn l\u00e4dt Sie ein, stilvolle und elegante Abendoutfits und Accessoires zu kreieren, die Ihren unwiderstehlichen Look unterstreichen. Stanley Paris Nights eignet sich f\u00fcr einfache Schlaufen, die auf gro\u00dfen Nadeln gestrickt werden. F\u00fcr einen dekorativen Schal ben\u00f6tigen Sie 2 St\u00fcck, f\u00fcr eine spektakul\u00e4re Netzbluse 6 bis 8 St\u00fcck, f\u00fcr eine Tunika 8-10 St\u00fcck. Das Garn kann zusammen mit anderen F\u00e4den gestrickt oder als Akzent verwendet werden.\"><span class=\"Y2IQFc\" lang=\"lt\"><strong>Stanley Paris Nights<\/strong> Das Garn verspricht eine perfekte, seidige Umarmung, die die Lichter der Stadt bei Nacht reflektiert. Das resultierende Gestrick sieht aus wie Spitze und hat eine wundervolle Textur. Das Garn l\u00e4dt Sie ein, stilvolle und elegante Abendoutfits und Accessoires zu kreieren, die Ihren unwiderstehlichen Look unterstreichen. Das Garn kann mit anderen Garnen kombiniert oder als Akzent verwendet werden.<\/span><\/p>\n<p dir=\"ltr\" data-placeholder=\"Vertimas\" data-ved=\"2ahUKEwiW8qjQ_buLAxWjSfEDHZ4zORsQ3ewLegQIChAV\" aria-label=\"\u00dcbersetzter Text: Stanley Paris Nights Garn verspricht eine perfekte seidige Umarmung, die die Lichter der n\u00e4chtlichen Stadt reflektiert. Der spektakul\u00e4re Faden geht flie\u00dfend von glatten Viskosepartien zu lichtgetr\u00e4nkten Lurextropfen \u00fcber. Das resultierende Gestrick sieht aus wie Spitze, mit einer wunderbaren Textur. Das Garn l\u00e4dt Sie ein, stilvolle und elegante Abendoutfits und Accessoires zu kreieren, die Ihren unwiderstehlichen Look unterstreichen. Stanley Paris Nights eignet sich f\u00fcr einfache Schlaufen, die auf gro\u00dfen Nadeln gestrickt werden. F\u00fcr einen dekorativen Schal ben\u00f6tigen Sie 2 St\u00fcck, f\u00fcr eine spektakul\u00e4re Netzbluse 6 bis 8 St\u00fcck, f\u00fcr eine Tunika 8-10 St\u00fcck. Das Garn kann zusammen mit anderen F\u00e4den gestrickt oder als Akzent verwendet werden.\"><img fetchpriority=\"high\" decoding=\"async\" class=\"alignnone size-medium wp-image-7243\" src=\"https:\/\/bitessiulai.lt\/wp-content\/uploads\/2025\/02\/dsc-5012-20230301114404-110-500x500-1-300x300.jpeg\" alt=\"\" width=\"300\" height=\"300\" srcset=\"https:\/\/bitessiulai.lt\/wp-content\/uploads\/2025\/02\/dsc-5012-20230301114404-110-500x500-1-300x300.jpeg 300w, https:\/\/bitessiulai.lt\/wp-content\/uploads\/2025\/02\/dsc-5012-20230301114404-110-500x500-1-150x150.jpeg 150w, https:\/\/bitessiulai.lt\/wp-content\/uploads\/2025\/02\/dsc-5012-20230301114404-110-500x500-1-12x12.jpeg 12w, https:\/\/bitessiulai.lt\/wp-content\/uploads\/2025\/02\/dsc-5012-20230301114404-110-500x500-1-96x96.jpeg 96w, https:\/\/bitessiulai.lt\/wp-content\/uploads\/2025\/02\/dsc-5012-20230301114404-110-500x500-1.jpeg 500w\" sizes=\"(max-width: 300px) 100vw, 300px\" \/> <img decoding=\"async\" class=\"alignnone size-medium wp-image-7244\" src=\"https:\/\/bitessiulai.lt\/wp-content\/uploads\/2025\/02\/dsc-5016-20230301114405-928-500x500-1-300x300.jpeg\" alt=\"\" width=\"300\" height=\"300\" srcset=\"https:\/\/bitessiulai.lt\/wp-content\/uploads\/2025\/02\/dsc-5016-20230301114405-928-500x500-1-300x300.jpeg 300w, https:\/\/bitessiulai.lt\/wp-content\/uploads\/2025\/02\/dsc-5016-20230301114405-928-500x500-1-150x150.jpeg 150w, https:\/\/bitessiulai.lt\/wp-content\/uploads\/2025\/02\/dsc-5016-20230301114405-928-500x500-1-12x12.jpeg 12w, https:\/\/bitessiulai.lt\/wp-content\/uploads\/2025\/02\/dsc-5016-20230301114405-928-500x500-1-96x96.jpeg 96w, https:\/\/bitessiulai.lt\/wp-content\/uploads\/2025\/02\/dsc-5016-20230301114405-928-500x500-1.jpeg 500w\" sizes=\"(max-width: 300px) 100vw, 300px\" \/><\/p>\n<p dir=\"ltr\" data-placeholder=\"Vertimas\" data-ved=\"2ahUKEwiW8qjQ_buLAxWjSfEDHZ4zORsQ3ewLegQIChAV\" aria-label=\"\u00dcbersetzter Text: Stanley Paris Nights Garn verspricht eine perfekte seidige Umarmung, die die Lichter der n\u00e4chtlichen Stadt reflektiert. Der spektakul\u00e4re Faden geht flie\u00dfend von glatten Viskosepartien zu lichtgetr\u00e4nkten Lurextropfen \u00fcber. Das resultierende Gestrick sieht aus wie Spitze, mit einer wunderbaren Textur. Das Garn l\u00e4dt Sie ein, stilvolle und elegante Abendoutfits und Accessoires zu kreieren, die Ihren unwiderstehlichen Look unterstreichen. Stanley Paris Nights eignet sich f\u00fcr einfache Schlaufen, die auf gro\u00dfen Nadeln gestrickt werden. F\u00fcr einen dekorativen Schal ben\u00f6tigen Sie 2 St\u00fcck, f\u00fcr eine spektakul\u00e4re Netzbluse 6 bis 8 St\u00fcck, f\u00fcr eine Tunika 8-10 St\u00fcck. Das Garn kann zusammen mit anderen F\u00e4den gestrickt oder als Akzent verwendet werden.\">*Die Farben, die Sie auf Ihrem Bildschirm sehen, k\u00f6nnen leicht von der tats\u00e4chlichen Garnfarbe abweichen.<\/p>\n<p dir=\"ltr\" data-placeholder=\"Vertimas\" data-ved=\"2ahUKEwiW8qjQ_buLAxWjSfEDHZ4zORsQ3ewLegQIChAV\" aria-label=\"\u00dcbersetzter Text: Stanley Paris Nights Garn verspricht eine perfekte seidige Umarmung, die die Lichter der n\u00e4chtlichen Stadt reflektiert. Der spektakul\u00e4re Faden geht flie\u00dfend von glatten Viskosepartien zu lichtgetr\u00e4nkten Lurextropfen \u00fcber. Das resultierende Gestrick sieht aus wie Spitze, mit einer wunderbaren Textur. Das Garn l\u00e4dt Sie ein, stilvolle und elegante Abendoutfits und Accessoires zu kreieren, die Ihren unwiderstehlichen Look unterstreichen. Stanley Paris Nights eignet sich f\u00fcr einfache Schlaufen, die auf gro\u00dfen Nadeln gestrickt werden. F\u00fcr einen dekorativen Schal ben\u00f6tigen Sie 2 St\u00fcck, f\u00fcr eine spektakul\u00e4re Netzbluse 6 bis 8 St\u00fcck, f\u00fcr eine Tunika 8-10 St\u00fcck. Das Garn kann zusammen mit anderen F\u00e4den gestrickt oder als Akzent verwendet werden.\">","protected":false},"excerpt":{"rendered":"<p>Zusammensetzung: 65% Viskose, 30% Lurex, 5% Polyamid<\/p>\n<p>Gewicht\/L\u00e4nge: 50 g = ca. 135 m.<\/p>\n<p>Empfohlene Nadelst\u00e4rke: 6 \u2013 8 mm.<\/p>","protected":false},"featured_media":7245,"comment_status":"open","ping_status":"closed","template":"","meta":[],"product_brand":[],"product_cat":[915,1703,177,3283,324,173,174,175,1641,337],"product_tag":[],"giftcard-category":[],"class_list":{"0":"post-7242","1":"product","2":"type-product","3":"status-publish","4":"has-post-thumbnail","6":"product_cat-dekoratyviniai-siulai","7":"product_cat-liureksas","8":"product_cat-mezgimo-siulai","9":"product_cat-paris-nights","10":"product_cat-poliamidas","11":"product_cat-siulai","12":"product_cat-siulu-gamintojai","13":"product_cat-siulu-pluostai","14":"product_cat-stenli","15":"product_cat-viskoze","17":"first","18":"instock","19":"taxable","20":"shipping-taxable","21":"purchasable","22":"product-type-variable"},"_links":{"self":[{"href":"https:\/\/bitessiulai.lt\/de\/wp-json\/wp\/v2\/product\/7242","targetHints":{"allow":["GET"]}}],"collection":[{"href":"https:\/\/bitessiulai.lt\/de\/wp-json\/wp\/v2\/product"}],"about":[{"href":"https:\/\/bitessiulai.lt\/de\/wp-json\/wp\/v2\/types\/product"}],"replies":[{"embeddable":true,"href":"https:\/\/bitessiulai.lt\/de\/wp-json\/wp\/v2\/comments?post=7242"}],"version-history":[{"count":0,"href":"https:\/\/bitessiulai.lt\/de\/wp-json\/wp\/v2\/product\/7242\/revisions"}],"wp:featuredmedia":[{"embeddable":true,"href":"https:\/\/bitessiulai.lt\/de\/wp-json\/wp\/v2\/media\/7245"}],"wp:attachment":[{"href":"https:\/\/bitessiulai.lt\/de\/wp-json\/wp\/v2\/media?parent=7242"}],"wp:term":[{"taxonomy":"product_brand","embeddable":true,"href":"https:\/\/bitessiulai.lt\/de\/wp-json\/wp\/v2\/product_brand?post=7242"},{"taxonomy":"product_cat","embeddable":true,"href":"https:\/\/bitessiulai.lt\/de\/wp-json\/wp\/v2\/product_cat?post=7242"},{"taxonomy":"product_tag","embeddable":true,"href":"https:\/\/bitessiulai.lt\/de\/wp-json\/wp\/v2\/product_tag?post=7242"},{"taxonomy":"giftcard-category","embeddable":true,"href":"https:\/\/bitessiulai.lt\/de\/wp-json\/wp\/v2\/giftcard-category?post=7242"}],"curies":[{"name":"wp","href":"https:\/\/api.w.org\/{rel}","templated":true}]}}