{"id":7124,"date":"2025-02-11T08:36:11","date_gmt":"2025-02-11T06:36:11","guid":{"rendered":"https:\/\/bitessiulai.lt\/?post_type=product&#038;p=7124"},"modified":"2026-02-18T21:18:19","modified_gmt":"2026-02-18T19:18:19","slug":"stenli-muffin-dots","status":"publish","type":"product","link":"https:\/\/bitessiulai.lt\/de\/produkt\/stenli-muffin-dots\/","title":{"rendered":"Stanley Muffin Dots"},"content":{"rendered":"<p id=\"tw-target-text\" class=\"tw-data-text tw-text-large tw-ta\" dir=\"ltr\" data-placeholder=\"Vertimas\" data-ved=\"2ahUKEwjH05q2_LqLAxU4SPEDHcPmF2UQ3ewLegQIChAV\" aria-label=\"\u00dcbersetzter Text: Muffin Dots ist eine Variante von Muffin und Baby Muffin mit kleinen weichen Kn\u00e4ueln aus volumin\u00f6sem Stoff. Die Basis ist ein weiches dreilagiges Acryl in flie\u00dfenden Farben, die in gro\u00dfen Abst\u00e4nden angeordnet sind, und die Kn\u00e4uel sind wie Zuckerstangen auf einem Kuchen verstreut. Ideal f\u00fcr modernes Stricken mit zwei mitteldicken Stricknadeln. Ein Kuchen enth\u00e4lt 1160 m Multifilamentgarn mit einem Gewicht von mindestens 550 g \/ 550 \u2013 600 g \/, was ausreicht, um einen gro\u00dfen Pullover, eine Bluse, eine Kinderdecke, einen gro\u00dfen Schal, einen Umhang oder eine Decke zu stricken. Wir empfehlen, mit Krausrippen zu stricken oder mit \u00fcberwiegend blickdichten Maschen zu stricken. Wenn das Strickst\u00fcck luftig wird, heben sich die Kn\u00e4uel leicht und sch\u00f6n vom Hintergrund einer glatten Basis ab. Aufgrund seiner extrem weichen Struktur, des zarten Griffs und der hervorragenden W\u00e4rmed\u00e4mmeigenschaften der fertigen Produkte ist Muffin Dots eine gro\u00dfartige Wahl f\u00fcr modernes Stricken mit einem farbenfrohen Ergebnis und Haltbarkeit.\"><span class=\"Y2IQFc\" lang=\"lt\"><strong>Stanley Muffin Dots <\/strong>Garn mit kleinen, weichen Stoffb\u00e4llchen. Die Basis ist ein weiches dreilagiges Acryl in flie\u00dfenden Farben, das in gro\u00dfen Abst\u00e4nden angeordnet und mit B\u00e4llchen wie Zuckerblasen auf einem Kuchen bestreut ist. Ideal f\u00fcr modernes Stricken. Geeignet zum Stricken von Pullovern, Blusen, Kinderdecken, gro\u00dfen Schals, Umh\u00e4ngen und Decken. Aufgrund seiner extrem weichen Struktur, seines zarten Griffs und seiner hervorragenden Isoliereigenschaften <strong>Muffin Dots<\/strong> ist eine gro\u00dfartige Wahl f\u00fcr modernes Stricken mit einem farbenfrohen Ergebnis und Haltbarkeit.<\/span><\/p>","protected":false},"excerpt":{"rendered":"<p>Zusammensetzung: 70% Acryl, 30% Polyester<\/p>\n<p>Gewicht\/L\u00e4nge: 550 g = ca. 1160 m.<\/p>\n<p>Empfohlene Nadelst\u00e4rke: 5 \u2013 7 mm.<\/p>","protected":false},"featured_media":7125,"comment_status":"open","ping_status":"closed","template":"","meta":[],"product_brand":[],"product_cat":[326,915,177,3558,328,173,174,175,1641],"product_tag":[],"giftcard-category":[],"class_list":{"0":"post-7124","1":"product","2":"type-product","3":"status-publish","4":"has-post-thumbnail","6":"product_cat-akrilas","7":"product_cat-dekoratyviniai-siulai","8":"product_cat-mezgimo-siulai","9":"product_cat-muffin-dots-stenli","10":"product_cat-poliesteris","11":"product_cat-siulai","12":"product_cat-siulu-gamintojai","13":"product_cat-siulu-pluostai","14":"product_cat-stenli","16":"first","17":"instock","18":"taxable","19":"shipping-taxable","20":"purchasable","21":"product-type-variable"},"_links":{"self":[{"href":"https:\/\/bitessiulai.lt\/de\/wp-json\/wp\/v2\/product\/7124","targetHints":{"allow":["GET"]}}],"collection":[{"href":"https:\/\/bitessiulai.lt\/de\/wp-json\/wp\/v2\/product"}],"about":[{"href":"https:\/\/bitessiulai.lt\/de\/wp-json\/wp\/v2\/types\/product"}],"replies":[{"embeddable":true,"href":"https:\/\/bitessiulai.lt\/de\/wp-json\/wp\/v2\/comments?post=7124"}],"version-history":[{"count":0,"href":"https:\/\/bitessiulai.lt\/de\/wp-json\/wp\/v2\/product\/7124\/revisions"}],"wp:featuredmedia":[{"embeddable":true,"href":"https:\/\/bitessiulai.lt\/de\/wp-json\/wp\/v2\/media\/7125"}],"wp:attachment":[{"href":"https:\/\/bitessiulai.lt\/de\/wp-json\/wp\/v2\/media?parent=7124"}],"wp:term":[{"taxonomy":"product_brand","embeddable":true,"href":"https:\/\/bitessiulai.lt\/de\/wp-json\/wp\/v2\/product_brand?post=7124"},{"taxonomy":"product_cat","embeddable":true,"href":"https:\/\/bitessiulai.lt\/de\/wp-json\/wp\/v2\/product_cat?post=7124"},{"taxonomy":"product_tag","embeddable":true,"href":"https:\/\/bitessiulai.lt\/de\/wp-json\/wp\/v2\/product_tag?post=7124"},{"taxonomy":"giftcard-category","embeddable":true,"href":"https:\/\/bitessiulai.lt\/de\/wp-json\/wp\/v2\/giftcard-category?post=7124"}],"curies":[{"name":"wp","href":"https:\/\/api.w.org\/{rel}","templated":true}]}}