{"id":6691,"date":"2025-03-03T08:24:17","date_gmt":"2025-03-03T06:24:17","guid":{"rendered":"https:\/\/bitessiulai.lt\/?post_type=product&#038;p=6691"},"modified":"2026-03-09T11:53:58","modified_gmt":"2026-03-09T09:53:58","slug":"yarnart-adore-dream","status":"publish","type":"product","link":"https:\/\/bitessiulai.lt\/de\/produkt\/yarnart-adore-dream\/","title":{"rendered":"YarnArt Adore Dream"},"content":{"rendered":"<p class=\"tw-data-text tw-text-large tw-ta\" dir=\"ltr\" data-placeholder=\"Vertimas\" data-ved=\"2ahUKEwjT9b7695yLAxUSQ_EDHZ1ANJ8Q3ewLegQICBAV\" aria-label=\"YarnArt Adore Dream ist ein dunkles Garn mit 100%-Acryl, das ein Ausfransen verhindert und somit nicht auseinanderf\u00e4llt. Es ist glatt, hat einen zarten Satinglanz und f\u00fchlt sich sehr weich an. Es verdreht sich nicht stark und ist sehr ergiebig. 100%-Acryl reizt empfindliche Haut nicht. Sie k\u00f6nnen daraus M\u00fctzen, Schals, T\u00fccher, Pullover oder Wohnaccessoires herstellen. Der Hersteller gibt an, dass Sie f\u00fcr einen Pullover etwa 500 g Garn (5 Str\u00e4nge) und f\u00fcr einen 90 cm langen Schal zwei Str\u00e4nge ben\u00f6tigen.\"><span class=\"Y2IQFc\" lang=\"lt\"><strong>YarnArt Adore Dream<\/strong> \u2013 ein buntes, pillingfreies Strickgarn. Es ist die perfekte Wahl f\u00fcr Menschen mit wollempfindlicher Haut.<\/span><span class=\"Y2IQFc\" lang=\"lt\">100%-Acryl reizt empfindliche Haut nicht. Sie k\u00f6nnen es zur Herstellung von M\u00fctzen, Schals, Pullovern oder Wohnaccessoires verwenden.<\/span><\/p>\n<p dir=\"ltr\" data-placeholder=\"Vertimas\" data-ved=\"2ahUKEwjT9b7695yLAxUSQ_EDHZ1ANJ8Q3ewLegQICBAV\" aria-label=\"YarnArt Adore Dream ist ein dunkles Garn mit 100%-Acryl, das ein Ausfransen verhindert und somit nicht auseinanderf\u00e4llt. Es ist glatt, hat einen zarten Satinglanz und f\u00fchlt sich sehr weich an. Es verdreht sich nicht stark und ist sehr ergiebig. 100%-Acryl reizt empfindliche Haut nicht. Sie k\u00f6nnen daraus M\u00fctzen, Schals, T\u00fccher, Pullover oder Wohnaccessoires herstellen. Der Hersteller gibt an, dass Sie f\u00fcr einen Pullover etwa 500 g Garn (5 Str\u00e4nge) und f\u00fcr einen 90 cm langen Schal zwei Str\u00e4nge ben\u00f6tigen.\"><img fetchpriority=\"high\" decoding=\"async\" class=\"alignnone size-medium wp-image-6694\" src=\"https:\/\/bitessiulai.lt\/wp-content\/uploads\/2025\/01\/Adore_Dream_Yarnart_243431-300x300.jpg\" alt=\"\" width=\"300\" height=\"300\" srcset=\"https:\/\/bitessiulai.lt\/wp-content\/uploads\/2025\/01\/Adore_Dream_Yarnart_243431-300x300.jpg 300w, https:\/\/bitessiulai.lt\/wp-content\/uploads\/2025\/01\/Adore_Dream_Yarnart_243431-1024x1024.jpg 1024w, https:\/\/bitessiulai.lt\/wp-content\/uploads\/2025\/01\/Adore_Dream_Yarnart_243431-150x150.jpg 150w, https:\/\/bitessiulai.lt\/wp-content\/uploads\/2025\/01\/Adore_Dream_Yarnart_243431-768x768.jpg 768w, https:\/\/bitessiulai.lt\/wp-content\/uploads\/2025\/01\/Adore_Dream_Yarnart_243431-1536x1536.jpg 1536w, https:\/\/bitessiulai.lt\/wp-content\/uploads\/2025\/01\/Adore_Dream_Yarnart_243431-12x12.jpg 12w, https:\/\/bitessiulai.lt\/wp-content\/uploads\/2025\/01\/Adore_Dream_Yarnart_243431-600x600.jpg 600w, https:\/\/bitessiulai.lt\/wp-content\/uploads\/2025\/01\/Adore_Dream_Yarnart_243431-96x96.jpg 96w, https:\/\/bitessiulai.lt\/wp-content\/uploads\/2025\/01\/Adore_Dream_Yarnart_243431.jpg 2000w\" sizes=\"(max-width: 300px) 100vw, 300px\" \/> <img decoding=\"async\" class=\"alignnone size-medium wp-image-6695\" src=\"https:\/\/bitessiulai.lt\/wp-content\/uploads\/2025\/01\/ADOREDREAM_Yarnart4238-600x600-1-300x300.jpg\" alt=\"\" width=\"300\" height=\"300\" srcset=\"https:\/\/bitessiulai.lt\/wp-content\/uploads\/2025\/01\/ADOREDREAM_Yarnart4238-600x600-1-300x300.jpg 300w, https:\/\/bitessiulai.lt\/wp-content\/uploads\/2025\/01\/ADOREDREAM_Yarnart4238-600x600-1-150x150.jpg 150w, https:\/\/bitessiulai.lt\/wp-content\/uploads\/2025\/01\/ADOREDREAM_Yarnart4238-600x600-1-12x12.jpg 12w, https:\/\/bitessiulai.lt\/wp-content\/uploads\/2025\/01\/ADOREDREAM_Yarnart4238-600x600-1-96x96.jpg 96w, https:\/\/bitessiulai.lt\/wp-content\/uploads\/2025\/01\/ADOREDREAM_Yarnart4238-600x600-1.jpg 600w\" sizes=\"(max-width: 300px) 100vw, 300px\" \/><\/p>\n<p dir=\"ltr\" data-placeholder=\"Vertimas\" data-ved=\"2ahUKEwjT9b7695yLAxUSQ_EDHZ1ANJ8Q3ewLegQICBAV\" aria-label=\"YarnArt Adore Dream ist ein dunkles Garn mit 100%-Acryl, das ein Ausfransen verhindert und somit nicht auseinanderf\u00e4llt. Es ist glatt, hat einen zarten Satinglanz und f\u00fchlt sich sehr weich an. Es verdreht sich nicht stark und ist sehr ergiebig. 100%-Acryl reizt empfindliche Haut nicht. Sie k\u00f6nnen daraus M\u00fctzen, Schals, T\u00fccher, Pullover oder Wohnaccessoires herstellen. Der Hersteller gibt an, dass Sie f\u00fcr einen Pullover etwa 500 g Garn (5 Str\u00e4nge) und f\u00fcr einen 90 cm langen Schal zwei Str\u00e4nge ben\u00f6tigen.\">*Die Farben, die Sie auf Ihrem Bildschirm sehen, k\u00f6nnen leicht von der tats\u00e4chlichen Garnfarbe abweichen.<\/p>","protected":false},"excerpt":{"rendered":"<p>Zusammensetzung: 100% Acryl<\/p>\n<p>Gewicht\/L\u00e4nge: 100 g = ca. 280 m.<\/p>\n<p>Empfohlene Nadelst\u00e4rke: 4 mm.<\/p>\n<p>Empfohlene Perlengr\u00f6\u00dfe: 4 mm.<\/p>","protected":false},"featured_media":6692,"comment_status":"open","ping_status":"closed","template":"","meta":[],"product_brand":[],"product_cat":[3336,326,177,178,173,174,175,255],"product_tag":[],"giftcard-category":[],"class_list":{"0":"post-6691","1":"product","2":"type-product","3":"status-publish","4":"has-post-thumbnail","6":"product_cat-adore-dream","7":"product_cat-akrilas","8":"product_cat-mezgimo-siulai","9":"product_cat-nerimo-siulai","10":"product_cat-siulai","11":"product_cat-siulu-gamintojai","12":"product_cat-siulu-pluostai","13":"product_cat-yarnart","15":"first","16":"instock","17":"taxable","18":"shipping-taxable","19":"purchasable","20":"product-type-variable"},"_links":{"self":[{"href":"https:\/\/bitessiulai.lt\/de\/wp-json\/wp\/v2\/product\/6691","targetHints":{"allow":["GET"]}}],"collection":[{"href":"https:\/\/bitessiulai.lt\/de\/wp-json\/wp\/v2\/product"}],"about":[{"href":"https:\/\/bitessiulai.lt\/de\/wp-json\/wp\/v2\/types\/product"}],"replies":[{"embeddable":true,"href":"https:\/\/bitessiulai.lt\/de\/wp-json\/wp\/v2\/comments?post=6691"}],"version-history":[{"count":0,"href":"https:\/\/bitessiulai.lt\/de\/wp-json\/wp\/v2\/product\/6691\/revisions"}],"wp:featuredmedia":[{"embeddable":true,"href":"https:\/\/bitessiulai.lt\/de\/wp-json\/wp\/v2\/media\/6692"}],"wp:attachment":[{"href":"https:\/\/bitessiulai.lt\/de\/wp-json\/wp\/v2\/media?parent=6691"}],"wp:term":[{"taxonomy":"product_brand","embeddable":true,"href":"https:\/\/bitessiulai.lt\/de\/wp-json\/wp\/v2\/product_brand?post=6691"},{"taxonomy":"product_cat","embeddable":true,"href":"https:\/\/bitessiulai.lt\/de\/wp-json\/wp\/v2\/product_cat?post=6691"},{"taxonomy":"product_tag","embeddable":true,"href":"https:\/\/bitessiulai.lt\/de\/wp-json\/wp\/v2\/product_tag?post=6691"},{"taxonomy":"giftcard-category","embeddable":true,"href":"https:\/\/bitessiulai.lt\/de\/wp-json\/wp\/v2\/giftcard-category?post=6691"}],"curies":[{"name":"wp","href":"https:\/\/api.w.org\/{rel}","templated":true}]}}