{"id":6602,"date":"2025-02-26T14:52:44","date_gmt":"2025-02-26T12:52:44","guid":{"rendered":"https:\/\/bitessiulai.lt\/?post_type=product&#038;p=6602"},"modified":"2026-04-12T14:25:30","modified_gmt":"2026-04-12T11:25:30","slug":"yarnart-elite","status":"publish","type":"product","link":"https:\/\/bitessiulai.lt\/de\/produkt\/yarnart-elite\/","title":{"rendered":"YarnArt Elite"},"content":{"rendered":"<p id=\"tw-target-text\" class=\"tw-data-text tw-text-large tw-ta\" dir=\"ltr\" data-placeholder=\"Vertimas\" data-ved=\"2ahUKEwiIjN-g75yLAxUicfEDHe2VLy0Q3ewLegQICBAV\" aria-label=\"YarnArt Elite ist ein Premiumgarn aus 100% Acrylfaser. Es f\u00fchlt sich weich an, l\u00e4sst sich leicht verarbeiten und eignet sich perfekt f\u00fcr eine Vielzahl von Strick- und H\u00e4kelprojekten. Mit einer Vielzahl leuchtender Farben eignet sich dieses Garn ideal f\u00fcr wundersch\u00f6ne Schals, M\u00fctzen, Pullover und vieles mehr. Seine robuste, maschinenwaschbare Beschaffenheit macht es zu einer beliebten Wahl f\u00fcr Bastler aller K\u00f6nnensstufen. Egal, ob Sie Anf\u00e4nger oder erfahrener Bastler sind, YarnArt Elite wird garantiert ein Favorit in Ihrer Sammlung. YarnArt Elite 14,00 AED Preis Farbe Ausw\u00e4hlen Menge 1 In den Warenkorb Zur Kasse\"><span class=\"Y2IQFc\" lang=\"lt\"><strong>YarnArt Elite<\/strong> ist ein hochwertiges Garn aus 100% Acrylfaser. Es ist weich, leicht zu verarbeiten und eignet sich perfekt f\u00fcr eine Vielzahl von Strick- und H\u00e4kelprojekten. Mit einer Vielzahl von leuchtenden Farben eignet sich dieses Garn ideal f\u00fcr die Herstellung von Schals, M\u00fctzen, Pullovern und vielem mehr. Egal, ob Sie Anf\u00e4nger oder erfahrener Handwerker sind, <strong>YarnArt Elite<\/strong> wird definitiv ein Favorit in Ihrer Sammlung sein.<\/span><\/p>\n<p dir=\"ltr\" data-placeholder=\"Vertimas\" data-ved=\"2ahUKEwiIjN-g75yLAxUicfEDHe2VLy0Q3ewLegQICBAV\" aria-label=\"YarnArt Elite ist ein Premiumgarn aus 100% Acrylfaser. Es f\u00fchlt sich weich an, l\u00e4sst sich leicht verarbeiten und eignet sich perfekt f\u00fcr eine Vielzahl von Strick- und H\u00e4kelprojekten. Mit einer Vielzahl leuchtender Farben eignet sich dieses Garn ideal f\u00fcr wundersch\u00f6ne Schals, M\u00fctzen, Pullover und vieles mehr. Seine robuste, maschinenwaschbare Beschaffenheit macht es zu einer beliebten Wahl f\u00fcr Bastler aller K\u00f6nnensstufen. Egal, ob Sie Anf\u00e4nger oder erfahrener Bastler sind, YarnArt Elite wird garantiert ein Favorit in Ihrer Sammlung. YarnArt Elite 14,00 AED Preis Farbe Ausw\u00e4hlen Menge 1 In den Warenkorb Zur Kasse\"><img fetchpriority=\"high\" decoding=\"async\" class=\"alignnone size-medium wp-image-6604\" src=\"https:\/\/bitessiulai.lt\/wp-content\/uploads\/2025\/01\/YarnArt-ELITE-SET-3-Colors-Soft-Acrylic-Yarn-Crocheting-Yarn-Knitting-Yarn-2-Sport-Fine-Weight-Yarn-Amigurumi-Yarn-300x300.jpg\" alt=\"\" width=\"300\" height=\"300\" srcset=\"https:\/\/bitessiulai.lt\/wp-content\/uploads\/2025\/01\/YarnArt-ELITE-SET-3-Colors-Soft-Acrylic-Yarn-Crocheting-Yarn-Knitting-Yarn-2-Sport-Fine-Weight-Yarn-Amigurumi-Yarn-300x300.jpg 300w, https:\/\/bitessiulai.lt\/wp-content\/uploads\/2025\/01\/YarnArt-ELITE-SET-3-Colors-Soft-Acrylic-Yarn-Crocheting-Yarn-Knitting-Yarn-2-Sport-Fine-Weight-Yarn-Amigurumi-Yarn-150x150.jpg 150w, https:\/\/bitessiulai.lt\/wp-content\/uploads\/2025\/01\/YarnArt-ELITE-SET-3-Colors-Soft-Acrylic-Yarn-Crocheting-Yarn-Knitting-Yarn-2-Sport-Fine-Weight-Yarn-Amigurumi-Yarn-12x12.jpg 12w, https:\/\/bitessiulai.lt\/wp-content\/uploads\/2025\/01\/YarnArt-ELITE-SET-3-Colors-Soft-Acrylic-Yarn-Crocheting-Yarn-Knitting-Yarn-2-Sport-Fine-Weight-Yarn-Amigurumi-Yarn-600x600.jpg 600w, https:\/\/bitessiulai.lt\/wp-content\/uploads\/2025\/01\/YarnArt-ELITE-SET-3-Colors-Soft-Acrylic-Yarn-Crocheting-Yarn-Knitting-Yarn-2-Sport-Fine-Weight-Yarn-Amigurumi-Yarn-96x96.jpg 96w, https:\/\/bitessiulai.lt\/wp-content\/uploads\/2025\/01\/YarnArt-ELITE-SET-3-Colors-Soft-Acrylic-Yarn-Crocheting-Yarn-Knitting-Yarn-2-Sport-Fine-Weight-Yarn-Amigurumi-Yarn.jpg 736w\" sizes=\"(max-width: 300px) 100vw, 300px\" \/> <img decoding=\"async\" class=\"alignnone size-medium wp-image-6605\" src=\"https:\/\/bitessiulai.lt\/wp-content\/uploads\/2025\/01\/475254386_493381973452605_6853358212493342964_n-255x300.jpg\" alt=\"\" width=\"255\" height=\"300\" srcset=\"https:\/\/bitessiulai.lt\/wp-content\/uploads\/2025\/01\/475254386_493381973452605_6853358212493342964_n-255x300.jpg 255w, https:\/\/bitessiulai.lt\/wp-content\/uploads\/2025\/01\/475254386_493381973452605_6853358212493342964_n-869x1024.jpg 869w, https:\/\/bitessiulai.lt\/wp-content\/uploads\/2025\/01\/475254386_493381973452605_6853358212493342964_n-768x905.jpg 768w, https:\/\/bitessiulai.lt\/wp-content\/uploads\/2025\/01\/475254386_493381973452605_6853358212493342964_n-10x12.jpg 10w, https:\/\/bitessiulai.lt\/wp-content\/uploads\/2025\/01\/475254386_493381973452605_6853358212493342964_n-600x707.jpg 600w, https:\/\/bitessiulai.lt\/wp-content\/uploads\/2025\/01\/475254386_493381973452605_6853358212493342964_n-127x150.jpg 127w, https:\/\/bitessiulai.lt\/wp-content\/uploads\/2025\/01\/475254386_493381973452605_6853358212493342964_n.jpg 1133w\" sizes=\"(max-width: 255px) 100vw, 255px\" \/><\/p>\n<p dir=\"ltr\" data-placeholder=\"Vertimas\" data-ved=\"2ahUKEwiIjN-g75yLAxUicfEDHe2VLy0Q3ewLegQICBAV\" aria-label=\"YarnArt Elite ist ein Premiumgarn aus 100% Acrylfaser. Es f\u00fchlt sich weich an, l\u00e4sst sich leicht verarbeiten und eignet sich perfekt f\u00fcr eine Vielzahl von Strick- und H\u00e4kelprojekten. Mit einer Vielzahl leuchtender Farben eignet sich dieses Garn ideal f\u00fcr wundersch\u00f6ne Schals, M\u00fctzen, Pullover und vieles mehr. Seine robuste, maschinenwaschbare Beschaffenheit macht es zu einer beliebten Wahl f\u00fcr Bastler aller K\u00f6nnensstufen. Egal, ob Sie Anf\u00e4nger oder erfahrener Bastler sind, YarnArt Elite wird garantiert ein Favorit in Ihrer Sammlung. YarnArt Elite 14,00 AED Preis Farbe Ausw\u00e4hlen Menge 1 In den Warenkorb Zur Kasse\">*Die Farben, die Sie auf Ihrem Bildschirm sehen, k\u00f6nnen leicht von der tats\u00e4chlichen Garnfarbe abweichen.<\/p>","protected":false},"excerpt":{"rendered":"<p>Zusammensetzung: 100% Acryl<\/p>\n<p>Gewicht\/L\u00e4nge: 100 g = ca. 300 m.<\/p>\n<p>Empfohlene Nadelst\u00e4rke: 3,5 mm.<\/p>\n<p>Empfohlene Nadelst\u00e4rke: 3,5 mm.<\/p>","protected":false},"featured_media":6603,"comment_status":"open","ping_status":"closed","template":"","meta":[],"product_brand":[],"product_cat":[326,3320,177,178,173,174,175,255],"product_tag":[],"giftcard-category":[],"class_list":{"0":"post-6602","1":"product","2":"type-product","3":"status-publish","4":"has-post-thumbnail","6":"product_cat-akrilas","7":"product_cat-elite","8":"product_cat-mezgimo-siulai","9":"product_cat-nerimo-siulai","10":"product_cat-siulai","11":"product_cat-siulu-gamintojai","12":"product_cat-siulu-pluostai","13":"product_cat-yarnart","15":"first","16":"instock","17":"taxable","18":"shipping-taxable","19":"purchasable","20":"product-type-variable"},"_links":{"self":[{"href":"https:\/\/bitessiulai.lt\/de\/wp-json\/wp\/v2\/product\/6602","targetHints":{"allow":["GET"]}}],"collection":[{"href":"https:\/\/bitessiulai.lt\/de\/wp-json\/wp\/v2\/product"}],"about":[{"href":"https:\/\/bitessiulai.lt\/de\/wp-json\/wp\/v2\/types\/product"}],"replies":[{"embeddable":true,"href":"https:\/\/bitessiulai.lt\/de\/wp-json\/wp\/v2\/comments?post=6602"}],"version-history":[{"count":1,"href":"https:\/\/bitessiulai.lt\/de\/wp-json\/wp\/v2\/product\/6602\/revisions"}],"predecessor-version":[{"id":25127,"href":"https:\/\/bitessiulai.lt\/de\/wp-json\/wp\/v2\/product\/6602\/revisions\/25127"}],"wp:featuredmedia":[{"embeddable":true,"href":"https:\/\/bitessiulai.lt\/de\/wp-json\/wp\/v2\/media\/6603"}],"wp:attachment":[{"href":"https:\/\/bitessiulai.lt\/de\/wp-json\/wp\/v2\/media?parent=6602"}],"wp:term":[{"taxonomy":"product_brand","embeddable":true,"href":"https:\/\/bitessiulai.lt\/de\/wp-json\/wp\/v2\/product_brand?post=6602"},{"taxonomy":"product_cat","embeddable":true,"href":"https:\/\/bitessiulai.lt\/de\/wp-json\/wp\/v2\/product_cat?post=6602"},{"taxonomy":"product_tag","embeddable":true,"href":"https:\/\/bitessiulai.lt\/de\/wp-json\/wp\/v2\/product_tag?post=6602"},{"taxonomy":"giftcard-category","embeddable":true,"href":"https:\/\/bitessiulai.lt\/de\/wp-json\/wp\/v2\/giftcard-category?post=6602"}],"curies":[{"name":"wp","href":"https:\/\/api.w.org\/{rel}","templated":true}]}}