{"id":5015,"date":"2025-02-07T11:46:27","date_gmt":"2025-02-07T09:46:27","guid":{"rendered":"https:\/\/bitessiulai.lt\/?post_type=product&#038;p=5015"},"modified":"2026-01-15T12:25:22","modified_gmt":"2026-01-15T10:25:22","slug":"lykke-driftwood-ilgu-prisukamu-virbalu-rinkinys","status":"publish","type":"product","link":"https:\/\/bitessiulai.lt\/de\/produkt\/lykke-driftwood-ilgu-prisukamu-virbalu-rinkinys\/","title":{"rendered":"LYKKE DRIFTWOOD langes Schraubspie\u00df-Set"},"content":{"rendered":"<h6>LYKKE DRIFTWOOD langes Schraubspie\u00df-Set:<\/h6>\n<ul>\n<li><strong>9 St\u00fcck aufschraubbare Langspie\u00dfe<\/strong> \u00a0(<strong>14 cm<\/strong>:<em>\u00a04,5 mm, 5,0 mm, 5,5 mm,\u00a0<strong>16,5 cm<\/strong>: 6,0 mm, 6,5 mm; 8,0 mm,\u00a0<strong>19 cm:\u00a0<\/strong>9,0 mm, 10,00 mm, 12,00 mm.)<\/em><\/li>\n<li><strong>5 St\u00fcck Einschraubleitungen<\/strong> (<em>1 Stk. x\u00a0<strong>98<\/strong>\u00a0cm, 1<\/em><em>Stk. x\u00a0<strong>118<\/strong>\u00a0cm, 2Stk. x\u00a0<strong>136<\/strong>\u00a0cm, 1 Stk. x\u00a0<strong>169<\/strong> (cm.)<\/em><\/li>\n<li><strong>2<\/strong>\u00a0Leitungsverbindungen,\u00a0<strong>8<\/strong>\u00a0Bremsen,\u00a0<strong>4<\/strong>\u00a0Spannschl\u00fcssel.<\/li>\n<li><strong>3<\/strong> Nadelspitzen-Sets, die, wenn sie an den Enden der Nadeln befestigt werden, wie mit normalen Nadeln stricken k\u00f6nnen (2 St\u00fcck). Nadell\u00e4nge: 3 Paare \u2013 <strong>14 cm,\u00a0<\/strong>3 Paare \u2013\u00a0<strong>16,5 cm,\u00a0<\/strong>3 Paare \u2013<strong>\u00a019 cm.<\/strong><\/li>\n<\/ul>\n<p><img fetchpriority=\"high\" decoding=\"async\" class=\"alignnone size-medium wp-image-5017\" src=\"https:\/\/bitessiulai.lt\/wp-content\/uploads\/2025\/01\/Lykke-Long-Interchangeable-Needle-Set-Driftwood-Grey-230x300.jpg\" alt=\"\" width=\"230\" height=\"300\" srcset=\"https:\/\/bitessiulai.lt\/wp-content\/uploads\/2025\/01\/Lykke-Long-Interchangeable-Needle-Set-Driftwood-Grey-230x300.jpg 230w, https:\/\/bitessiulai.lt\/wp-content\/uploads\/2025\/01\/Lykke-Long-Interchangeable-Needle-Set-Driftwood-Grey-9x12.jpg 9w, https:\/\/bitessiulai.lt\/wp-content\/uploads\/2025\/01\/Lykke-Long-Interchangeable-Needle-Set-Driftwood-Grey-600x784.jpg 600w, https:\/\/bitessiulai.lt\/wp-content\/uploads\/2025\/01\/Lykke-Long-Interchangeable-Needle-Set-Driftwood-Grey-115x150.jpg 115w, https:\/\/bitessiulai.lt\/wp-content\/uploads\/2025\/01\/Lykke-Long-Interchangeable-Needle-Set-Driftwood-Grey.jpg 736w\" sizes=\"(max-width: 230px) 100vw, 230px\" \/><img decoding=\"async\" class=\"alignnone size-medium wp-image-5018\" src=\"https:\/\/bitessiulai.lt\/wp-content\/uploads\/2025\/01\/5c7db20be8a0baaef69a005264a67267-300x300.jpg\" alt=\"\" width=\"300\" height=\"300\" srcset=\"https:\/\/bitessiulai.lt\/wp-content\/uploads\/2025\/01\/5c7db20be8a0baaef69a005264a67267-300x300.jpg 300w, https:\/\/bitessiulai.lt\/wp-content\/uploads\/2025\/01\/5c7db20be8a0baaef69a005264a67267-150x150.jpg 150w, https:\/\/bitessiulai.lt\/wp-content\/uploads\/2025\/01\/5c7db20be8a0baaef69a005264a67267-12x12.jpg 12w, https:\/\/bitessiulai.lt\/wp-content\/uploads\/2025\/01\/5c7db20be8a0baaef69a005264a67267-96x96.jpg 96w, https:\/\/bitessiulai.lt\/wp-content\/uploads\/2025\/01\/5c7db20be8a0baaef69a005264a67267.jpg 500w\" sizes=\"(max-width: 300px) 100vw, 300px\" \/><\/p>\n<p><b>LYKKE DRIFTWOOD <\/b>\u2013 es handelt sich um handgefertigte, hochwertige Nadeln aus naturbelassenem Birkenholz.<\/p>\n<p>Die Nadeln haben ihren eigenen einzigartigen Farbton, daher kann jede Nadel im Set leicht abweichen.<\/p>\n<p><span class=\"weight900\">\u00dcber LYKKE<\/span> Die Nadelgr\u00f6\u00dfen sind eingraviert, das Set wird in einem sch\u00f6nen Etui aus \u00d6koleder mit Taschen pr\u00e4sentiert, jedes Werkzeug hat seinen eigenen Platz, so dass Ordnung wirklich garantiert ist \ud83d\ude42<\/p>","protected":false},"excerpt":{"rendered":"<p>LYKKE DRIFTWOOD ilg\u0173 prisukam\u0173 virbal\u0173 rinkinys: 9vnt. prisukam\u0173 ilg\u0173 virbal\u0173 \u00a0(14cm:\u00a04.5 mm, 5.0 mm, 5.5 mm,\u00a016.5cm: 6.0 mm, 6.5 mm; 8.0mm,\u00a019cm:\u00a09.0mm, 10.00mm, 12.00mm.) 5vnt. prisukam\u0173 val\u0173 (1vnt. x\u00a098\u00a0cm, 1vnt. x\u00a0118\u00a0cm, 2vnt. x\u00a0136\u00a0cm, 1vnt. x\u00a0169 cm.) 2\u00a0val\u0173 jungtys,\u00a08\u00a0stabd\u017eiukai,\u00a04\u00a0priver\u017eimo rakteliai. 3 rinkiniai virbal\u0173 antgali\u0173, kuriuos prisukus prie virbal\u0173 gal\u0173, gal\u0117site megzti kaip su paprastais virbalais (2vnt.). Virbal\u0173 ilgis: 3 poros \u2013 14cm,\u00a03 poros \u2013\u00a016,5cm,\u00a03 poros \u2013\u00a019cm. LYKKE DRIFTWOOD \u2013 tai rank\u0173 darbo, auk\u0161tos kokyb\u0117s virbalai, pagaminti i\u0161 nat\u016bralios ber\u017eo medienos. Virbalai pasi\u017eymi savo unikaliu spalvos atpalviu, tod\u0117l kiekvienas virbalas rinkinyje gali \u0161iektiek skirtis. Ant LYKKE virbal\u0173 yra i\u0161graviruoti dyd\u017eiai, rinkinys pateiktas gra\u017eiame eko odos d\u0117kle su ki\u0161en\u0117liais, kiekviena priemon\u0117 turi savo viet\u0105, tod\u0117l tvarka tikrai garantuota \ud83d\ude42<\/p>","protected":false},"featured_media":5016,"comment_status":"open","ping_status":"closed","template":"","meta":[],"product_brand":[],"product_cat":[2124,180,181],"product_tag":[],"giftcard-category":[],"class_list":{"0":"post-5015","1":"product","2":"type-product","3":"status-publish","4":"has-post-thumbnail","6":"product_cat-lykke","7":"product_cat-mezgimo-priemones","8":"product_cat-virbalu-rinkiniai","10":"first","11":"instock","12":"taxable","13":"shipping-taxable","14":"purchasable","15":"product-type-simple"},"_links":{"self":[{"href":"https:\/\/bitessiulai.lt\/de\/wp-json\/wp\/v2\/product\/5015","targetHints":{"allow":["GET"]}}],"collection":[{"href":"https:\/\/bitessiulai.lt\/de\/wp-json\/wp\/v2\/product"}],"about":[{"href":"https:\/\/bitessiulai.lt\/de\/wp-json\/wp\/v2\/types\/product"}],"replies":[{"embeddable":true,"href":"https:\/\/bitessiulai.lt\/de\/wp-json\/wp\/v2\/comments?post=5015"}],"version-history":[{"count":1,"href":"https:\/\/bitessiulai.lt\/de\/wp-json\/wp\/v2\/product\/5015\/revisions"}],"predecessor-version":[{"id":21599,"href":"https:\/\/bitessiulai.lt\/de\/wp-json\/wp\/v2\/product\/5015\/revisions\/21599"}],"wp:featuredmedia":[{"embeddable":true,"href":"https:\/\/bitessiulai.lt\/de\/wp-json\/wp\/v2\/media\/5016"}],"wp:attachment":[{"href":"https:\/\/bitessiulai.lt\/de\/wp-json\/wp\/v2\/media?parent=5015"}],"wp:term":[{"taxonomy":"product_brand","embeddable":true,"href":"https:\/\/bitessiulai.lt\/de\/wp-json\/wp\/v2\/product_brand?post=5015"},{"taxonomy":"product_cat","embeddable":true,"href":"https:\/\/bitessiulai.lt\/de\/wp-json\/wp\/v2\/product_cat?post=5015"},{"taxonomy":"product_tag","embeddable":true,"href":"https:\/\/bitessiulai.lt\/de\/wp-json\/wp\/v2\/product_tag?post=5015"},{"taxonomy":"giftcard-category","embeddable":true,"href":"https:\/\/bitessiulai.lt\/de\/wp-json\/wp\/v2\/giftcard-category?post=5015"}],"curies":[{"name":"wp","href":"https:\/\/api.w.org\/{rel}","templated":true}]}}