{"id":5001,"date":"2025-02-07T11:49:48","date_gmt":"2025-02-07T09:49:48","guid":{"rendered":"https:\/\/bitessiulai.lt\/?post_type=product&#038;p=5001"},"modified":"2025-07-15T20:25:40","modified_gmt":"2025-07-15T17:25:40","slug":"115cm-lykke-blush-fuchia-prisukamu-mediniu-virbalu-rinkinys","status":"publish","type":"product","link":"https:\/\/bitessiulai.lt\/de\/produkt\/115cm-lykke-blush-fuchia-prisukamu-mediniu-virbalu-rinkinys\/","title":{"rendered":"11,5 cm. LYKKE Blush Fuchia Holzspie\u00df-Set zum Aufschrauben"},"content":{"rendered":"<h6><strong>LYKKE Blush Fuchia Holzspie\u00df-Set zum Aufschrauben:<\/strong><\/h6>\n<ul>\n<li><strong>12 Stk. Schraubspie\u00dfe<\/strong> (<em>3,5 mm, 3,75 mm, 4,0 mm, 4,5 mm, 5,0 mm, 5,5 mm, 6,0 mm, 6,5 mm, 8,0 mm, 9,0 mm, 10,00 mm, 12,00 mm.)<\/em><\/li>\n<li><strong>5 St\u00fcck Einschraubleitungen<\/strong> (\u00a0<em>2 Stk. x 60 cm, 2 Stk. x 80 cm, 1 Stk. x 100 cm)<\/em><\/li>\n<li><strong>2<\/strong>\u00a0Leitungsverbindungen,\u00a0<strong>8<\/strong>\u00a0Bremsen,\u00a0<strong>4<\/strong> Spannschl\u00fcssel. Nadell\u00e4nge: 11,5<strong style=\"letter-spacing: 0px;\">cm.<\/strong><\/li>\n<\/ul>\n<p><img fetchpriority=\"high\" decoding=\"async\" class=\"alignnone size-medium wp-image-5004\" src=\"https:\/\/bitessiulai.lt\/wp-content\/uploads\/2025\/01\/LYKKE-Interchangeable-5_-Tips-300x300.jpg\" alt=\"\" width=\"300\" height=\"300\" srcset=\"https:\/\/bitessiulai.lt\/wp-content\/uploads\/2025\/01\/LYKKE-Interchangeable-5_-Tips-300x300.jpg 300w, https:\/\/bitessiulai.lt\/wp-content\/uploads\/2025\/01\/LYKKE-Interchangeable-5_-Tips-150x150.jpg 150w, https:\/\/bitessiulai.lt\/wp-content\/uploads\/2025\/01\/LYKKE-Interchangeable-5_-Tips-12x12.jpg 12w, https:\/\/bitessiulai.lt\/wp-content\/uploads\/2025\/01\/LYKKE-Interchangeable-5_-Tips-600x600.jpg 600w, https:\/\/bitessiulai.lt\/wp-content\/uploads\/2025\/01\/LYKKE-Interchangeable-5_-Tips-96x96.jpg 96w, https:\/\/bitessiulai.lt\/wp-content\/uploads\/2025\/01\/LYKKE-Interchangeable-5_-Tips.jpg 735w\" sizes=\"(max-width: 300px) 100vw, 300px\" \/><\/p>\n<p><b>LYKKE Blush Fuchia <\/b>\u2013 es handelt sich um handgefertigte, hochwertige Nadeln aus naturbelassenem Birkenholz.<\/p>\n<p>Die Nadeln haben ihren eigenen einzigartigen Farbton, daher kann jede Nadel im Set leicht abweichen.<\/p>\n<p><span class=\"weight900\">\u00dcber LYKKE<\/span> Die Nadelgr\u00f6\u00dfen sind eingraviert, das Set wird in einem sch\u00f6nen Etui aus \u00d6koleder mit Taschen pr\u00e4sentiert, jedes Werkzeug hat seinen eigenen Platz, so dass Ordnung wirklich garantiert ist \ud83d\ude42<\/p>","protected":false},"excerpt":{"rendered":"<p>LYKKE Blush Fuchia prisukam\u0173 medini\u0173 virbal\u0173 rinkinys: 12vnt. prisukam\u0173 virbal\u0173 (3,5 mm, 3.75 mm, 4.0 mm, 4.5 mm, 5.0 mm, 5.5 mm, 6.0 mm, 6.5 mm, 8.0mm, 9.0mm, 10.00mm, 12.00mm.) 5vnt. prisukam\u0173 val\u0173 (\u00a02vnt. x 60 cm, 2vnt. x 80 cm, 1vnt. x 100 cm) 2\u00a0val\u0173 jungtys,\u00a08\u00a0stabd\u017eiukai,\u00a04 priver\u017eimo rakteliai. Virbal\u0173 ilgis: 11,5cm. LYKKE Blush Fuchia \u2013 tai rank\u0173 darbo, auk\u0161tos kokyb\u0117s virbalai, pagaminti i\u0161 nat\u016bralios ber\u017eo medienos. Virbalai pasi\u017eymi savo unikaliu spalvos atpalviu, tod\u0117l kiekvienas virbalas rinkinyje gali \u0161iektiek skirtis. Ant LYKKE virbal\u0173 yra i\u0161graviruoti dyd\u017eiai, rinkinys pateiktas gra\u017eiame eko odos d\u0117kle su ki\u0161en\u0117liais, kiekviena priemon\u0117 turi savo viet\u0105, tod\u0117l tvarka tikrai garantuota \ud83d\ude42<\/p>","protected":false},"featured_media":5002,"comment_status":"open","ping_status":"closed","template":"","meta":[],"product_brand":[],"product_cat":[2124,180,181],"product_tag":[],"giftcard-category":[],"class_list":{"0":"post-5001","1":"product","2":"type-product","3":"status-publish","4":"has-post-thumbnail","6":"product_cat-lykke","7":"product_cat-mezgimo-priemones","8":"product_cat-virbalu-rinkiniai","10":"first","11":"outofstock","12":"taxable","13":"shipping-taxable","14":"purchasable","15":"product-type-simple"},"_links":{"self":[{"href":"https:\/\/bitessiulai.lt\/de\/wp-json\/wp\/v2\/product\/5001","targetHints":{"allow":["GET"]}}],"collection":[{"href":"https:\/\/bitessiulai.lt\/de\/wp-json\/wp\/v2\/product"}],"about":[{"href":"https:\/\/bitessiulai.lt\/de\/wp-json\/wp\/v2\/types\/product"}],"replies":[{"embeddable":true,"href":"https:\/\/bitessiulai.lt\/de\/wp-json\/wp\/v2\/comments?post=5001"}],"version-history":[{"count":0,"href":"https:\/\/bitessiulai.lt\/de\/wp-json\/wp\/v2\/product\/5001\/revisions"}],"wp:featuredmedia":[{"embeddable":true,"href":"https:\/\/bitessiulai.lt\/de\/wp-json\/wp\/v2\/media\/5002"}],"wp:attachment":[{"href":"https:\/\/bitessiulai.lt\/de\/wp-json\/wp\/v2\/media?parent=5001"}],"wp:term":[{"taxonomy":"product_brand","embeddable":true,"href":"https:\/\/bitessiulai.lt\/de\/wp-json\/wp\/v2\/product_brand?post=5001"},{"taxonomy":"product_cat","embeddable":true,"href":"https:\/\/bitessiulai.lt\/de\/wp-json\/wp\/v2\/product_cat?post=5001"},{"taxonomy":"product_tag","embeddable":true,"href":"https:\/\/bitessiulai.lt\/de\/wp-json\/wp\/v2\/product_tag?post=5001"},{"taxonomy":"giftcard-category","embeddable":true,"href":"https:\/\/bitessiulai.lt\/de\/wp-json\/wp\/v2\/giftcard-category?post=5001"}],"curies":[{"name":"wp","href":"https:\/\/api.w.org\/{rel}","templated":true}]}}