{"id":4977,"date":"2025-01-21T17:45:52","date_gmt":"2025-01-21T15:45:52","guid":{"rendered":"https:\/\/bitessiulai.lt\/?post_type=product&#038;p=4977"},"modified":"2025-03-22T12:48:53","modified_gmt":"2025-03-22T10:48:53","slug":"medvilniniai-maiseliai","status":"publish","type":"product","link":"https:\/\/bitessiulai.lt\/de\/produkt\/medvilniniai-maiseliai\/","title":{"rendered":"Baumwolltaschen"},"content":{"rendered":"<h5>Baumwolltaschen, in denen Sie Ihre Projekte und Garne aufbewahren k\u00f6nnen, damit Ihr wunderbares Hobby Sie auf Reisen begleiten kann.<\/h5>\n<ul>\n<li><strong>100% Baumwolle.<\/strong><\/li>\n<li><strong>Lange Griffe \u00b170 cm.<\/strong><\/li>\n<li><strong>Abmessungen 38*42cm.<\/strong><\/li>\n<\/ul>","protected":false},"excerpt":{"rendered":"<p>Medvilniniai\u00a0\u00a0mai\u0161eliai kuriuose\u00a0gal\u0117site\u00a0laikyti savo projektus , si\u016blus ir kad nuostabus pom\u0117gis\u00a0gal\u0117t\u0173 Jus lyd\u0117ti kelioni\u0173 metu . 100% Medviln\u0117. Ilgos rankenos \u00b170cm. I\u0161matavimai 38*42cm.<\/p>","protected":false},"featured_media":4978,"comment_status":"open","ping_status":"closed","template":"","meta":[],"product_brand":[],"product_cat":[15,199],"product_tag":[],"giftcard-category":[],"class_list":{"0":"post-4977","1":"product","2":"type-product","3":"status-publish","4":"has-post-thumbnail","6":"product_cat-be-kategorijos","7":"product_cat-deklai-krepsiai","9":"first","10":"instock","11":"taxable","12":"shipping-taxable","13":"purchasable","14":"product-type-simple"},"_links":{"self":[{"href":"https:\/\/bitessiulai.lt\/de\/wp-json\/wp\/v2\/product\/4977","targetHints":{"allow":["GET"]}}],"collection":[{"href":"https:\/\/bitessiulai.lt\/de\/wp-json\/wp\/v2\/product"}],"about":[{"href":"https:\/\/bitessiulai.lt\/de\/wp-json\/wp\/v2\/types\/product"}],"replies":[{"embeddable":true,"href":"https:\/\/bitessiulai.lt\/de\/wp-json\/wp\/v2\/comments?post=4977"}],"version-history":[{"count":0,"href":"https:\/\/bitessiulai.lt\/de\/wp-json\/wp\/v2\/product\/4977\/revisions"}],"wp:featuredmedia":[{"embeddable":true,"href":"https:\/\/bitessiulai.lt\/de\/wp-json\/wp\/v2\/media\/4978"}],"wp:attachment":[{"href":"https:\/\/bitessiulai.lt\/de\/wp-json\/wp\/v2\/media?parent=4977"}],"wp:term":[{"taxonomy":"product_brand","embeddable":true,"href":"https:\/\/bitessiulai.lt\/de\/wp-json\/wp\/v2\/product_brand?post=4977"},{"taxonomy":"product_cat","embeddable":true,"href":"https:\/\/bitessiulai.lt\/de\/wp-json\/wp\/v2\/product_cat?post=4977"},{"taxonomy":"product_tag","embeddable":true,"href":"https:\/\/bitessiulai.lt\/de\/wp-json\/wp\/v2\/product_tag?post=4977"},{"taxonomy":"giftcard-category","embeddable":true,"href":"https:\/\/bitessiulai.lt\/de\/wp-json\/wp\/v2\/giftcard-category?post=4977"}],"curies":[{"name":"wp","href":"https:\/\/api.w.org\/{rel}","templated":true}]}}