{"id":4755,"date":"2024-12-23T08:37:11","date_gmt":"2024-12-23T06:37:11","guid":{"rendered":"https:\/\/bitessiulai.lt\/?post_type=product&#038;p=4755"},"modified":"2025-12-03T10:09:40","modified_gmt":"2025-12-03T08:09:40","slug":"yarnart-siulu-rinkinukas-15","status":"publish","type":"product","link":"https:\/\/bitessiulai.lt\/de\/produkt\/yarnart-siulu-rinkinukas-15\/","title":{"rendered":"YarnArt Garnset"},"content":{"rendered":"<h5 dir=\"auto\"><strong>YarnArt-Garnset:<\/strong><\/h5>\n<ul>\n<li>YarnArt Angora Active 3Stk.<\/li>\n<li>YarnArt Pailletten 1 Stk.<\/li>\n<\/ul>\n<p>&nbsp;<\/p>\n<p><strong>YarnArt Angora Active<\/strong><\/p>\n<p><img fetchpriority=\"high\" decoding=\"async\" class=\"alignnone size-medium wp-image-4757\" src=\"https:\/\/bitessiulai.lt\/wp-content\/uploads\/2024\/12\/YARNART_ANGORA_ACTIVE_845-600x600-1-300x300.jpg\" alt=\"\" width=\"300\" height=\"300\" srcset=\"https:\/\/bitessiulai.lt\/wp-content\/uploads\/2024\/12\/YARNART_ANGORA_ACTIVE_845-600x600-1-300x300.jpg 300w, https:\/\/bitessiulai.lt\/wp-content\/uploads\/2024\/12\/YARNART_ANGORA_ACTIVE_845-600x600-1-150x150.jpg 150w, https:\/\/bitessiulai.lt\/wp-content\/uploads\/2024\/12\/YARNART_ANGORA_ACTIVE_845-600x600-1-12x12.jpg 12w, https:\/\/bitessiulai.lt\/wp-content\/uploads\/2024\/12\/YARNART_ANGORA_ACTIVE_845-600x600-1-96x96.jpg 96w, https:\/\/bitessiulai.lt\/wp-content\/uploads\/2024\/12\/YARNART_ANGORA_ACTIVE_845-600x600-1.jpg 600w\" sizes=\"(max-width: 300px) 100vw, 300px\" \/><\/p>\n<p>(Farbe: 845)<\/p>\n<ul>\n<li dir=\"auto\"><strong>Zusammensetzung:<\/strong> 20% Wolle, 80% Acryl<\/li>\n<li dir=\"auto\"><strong>Gewicht\/L\u00e4nge:<\/strong> 100 Jahre = ungef\u00e4hr 500 Jahre.<\/li>\n<li dir=\"auto\"><strong>Empfohlene Stricknadelst\u00e4rke:<\/strong> 4 mm.<\/li>\n<li dir=\"auto\"><strong>Empfohlene Gr\u00f6\u00dfe der Vase:<\/strong> 5 mm.<\/li>\n<\/ul>\n<p>&nbsp;<\/p>\n<p><span class=\"html-span xexx8yu x4uap5 x18d9i69 xkhd6sd x1hl2dhg x16tdsg8 x1vvkbs x3nfvp2 x1j61x8r x1fcty0u xdj266r xat24cr xgzva0m xhhsvwb xxymvpz xlup9mm x1kky2od\"><img decoding=\"async\" class=\"xz74otr\" src=\"https:\/\/static.xx.fbcdn.net\/images\/emoji.php\/v9\/t2d\/1\/16\/1f4cd.png\" alt=\"\ud83d\udccd\" width=\"16\" height=\"16\" \/><\/span> <strong>Preis 2,60 \u20ac<\/strong><\/p>\n<p>&nbsp;<\/p>\n<p><strong>YarnArt Pailletten<\/strong><\/p>\n<p><img decoding=\"async\" class=\"alignnone size-medium wp-image-4758\" src=\"https:\/\/bitessiulai.lt\/wp-content\/uploads\/2024\/12\/YARNART_PAILLETTES_8001-600x600-3-300x300.jpg\" alt=\"\" width=\"300\" height=\"300\" srcset=\"https:\/\/bitessiulai.lt\/wp-content\/uploads\/2024\/12\/YARNART_PAILLETTES_8001-600x600-3-300x300.jpg 300w, https:\/\/bitessiulai.lt\/wp-content\/uploads\/2024\/12\/YARNART_PAILLETTES_8001-600x600-3-150x150.jpg 150w, https:\/\/bitessiulai.lt\/wp-content\/uploads\/2024\/12\/YARNART_PAILLETTES_8001-600x600-3-12x12.jpg 12w, https:\/\/bitessiulai.lt\/wp-content\/uploads\/2024\/12\/YARNART_PAILLETTES_8001-600x600-3-96x96.jpg 96w, https:\/\/bitessiulai.lt\/wp-content\/uploads\/2024\/12\/YARNART_PAILLETTES_8001-600x600-3.jpg 600w\" sizes=\"(max-width: 300px) 100vw, 300px\" \/><\/p>\n<p>(Farbe: 8001)<\/p>\n<ul>\n<li><strong>Zusammensetzung:<\/strong> 100% Polyester<\/li>\n<li><strong>Gewicht\/L\u00e4nge:<\/strong> 50 Jahre = ungef\u00e4hr 800 Jahre.<\/li>\n<li><strong>Empfohlene Stricknadelst\u00e4rke:<\/strong> 2,5 mm.<\/li>\n<li><strong>Empfohlene Gr\u00f6\u00dfe der Vase:<\/strong> 3 mm.<\/li>\n<\/ul>\n<p><span class=\"html-span xexx8yu x4uap5 x18d9i69 xkhd6sd x1hl2dhg x16tdsg8 x1vvkbs x3nfvp2 x1j61x8r x1fcty0u xdj266r xat24cr xgzva0m xhhsvwb xxymvpz xlup9mm x1kky2od\"><img decoding=\"async\" class=\"xz74otr\" src=\"https:\/\/static.xx.fbcdn.net\/images\/emoji.php\/v9\/t2d\/1\/16\/1f4cd.png\" alt=\"\ud83d\udccd\" width=\"16\" height=\"16\" \/><\/span> <strong>Preis 4,80 \u20ac<\/strong><\/p>\n<p>&nbsp;<\/p>\n<p><span class=\"html-span xexx8yu x4uap5 x18d9i69 xkhd6sd x1hl2dhg x16tdsg8 x1vvkbs x3nfvp2 x1j61x8r x1fcty0u xdj266r xat24cr xgzva0m xhhsvwb xxymvpz xlup9mm x1kky2od\"><img decoding=\"async\" class=\"xz74otr\" src=\"https:\/\/static.xx.fbcdn.net\/images\/emoji.php\/v9\/t2d\/1\/16\/1f4cd.png\" alt=\"\ud83d\udccd\" width=\"16\" height=\"16\" \/>Sollte das Set nicht verf\u00fcgbar sein oder Sie eine gr\u00f6\u00dfere Menge ben\u00f6tigen, kontaktieren Sie uns bitte. <img decoding=\"async\" class=\"xz74otr\" src=\"https:\/\/static.xx.fbcdn.net\/images\/emoji.php\/v9\/t2d\/1\/16\/1f4cd.png\" alt=\"\ud83d\udccd\" width=\"16\" height=\"16\" \/><\/span><\/p>\n<div class=\"item\">\n<ul>\n<li class=\"text\">+370 672 44443<\/li>\n<\/ul>\n<\/div>\n<div class=\"item\">\n<ul>\n<li class=\"text\">info@bitessiulai.lt<\/li>\n<\/ul>\n<\/div>\n<p>*Das auf dem Bildschirm angezeigte YarnArt-Garnset kann leicht von der tats\u00e4chlichen Garnfarbe abweichen.<\/p>","protected":false},"excerpt":{"rendered":"<p>YarnArt Si\u016bl\u0173 rinkinukas: YarnArt Angora Active 3vnt. YarnArt Paillettes 1vnt. &nbsp; YarnArt Angora Active (Spalva: 845) Sud\u0117tis: 20% vilna, 80% akrilas Svoris\/ilgis: 100 g.= ma\u017edaug 500 m. Rekomenduojamas virbal\u0173 dydis: 4 mm. Rekomenduojamas va\u0161elio dydis: 5 mm. &nbsp; Kaina 2,60\u20ac &nbsp; YarnArt Paillettes (Spalva: 8001) Sud\u0117tis: 100% poliesteris Svoris\/ilgis: 50 g.= ma\u017edaug 800 m. Rekomenduojamas virbal\u0173 dydis: 2,5 mm. Rekomenduojamas va\u0161elio dydis: 3 mm. Kaina 4,80\u20ac &nbsp; Jeigu prekyboje rinkinio n\u0117ra arba reikalingas didesnis kiekis, susiekite su Mumis +370 672 44443 info@bitessiulai.lt *Ekrane matomos YarnArt Si\u016bl\u0173 rinkinys gali \u0161iek tiek skirtis nuo tikrosios si\u016bl\u0173 spalvos.<\/p>","protected":false},"featured_media":4756,"comment_status":"open","ping_status":"closed","template":"","meta":[],"product_brand":[],"product_cat":[176,3569],"product_tag":[],"giftcard-category":[],"class_list":{"0":"post-4755","1":"product","2":"type-product","3":"status-publish","4":"has-post-thumbnail","6":"product_cat-siulu-rinkinukai","7":"product_cat-rinkinukai-yarnart-angora-active","9":"first","10":"instock","11":"taxable","12":"shipping-taxable","13":"purchasable","14":"product-type-simple"},"_links":{"self":[{"href":"https:\/\/bitessiulai.lt\/de\/wp-json\/wp\/v2\/product\/4755","targetHints":{"allow":["GET"]}}],"collection":[{"href":"https:\/\/bitessiulai.lt\/de\/wp-json\/wp\/v2\/product"}],"about":[{"href":"https:\/\/bitessiulai.lt\/de\/wp-json\/wp\/v2\/types\/product"}],"replies":[{"embeddable":true,"href":"https:\/\/bitessiulai.lt\/de\/wp-json\/wp\/v2\/comments?post=4755"}],"version-history":[{"count":0,"href":"https:\/\/bitessiulai.lt\/de\/wp-json\/wp\/v2\/product\/4755\/revisions"}],"wp:featuredmedia":[{"embeddable":true,"href":"https:\/\/bitessiulai.lt\/de\/wp-json\/wp\/v2\/media\/4756"}],"wp:attachment":[{"href":"https:\/\/bitessiulai.lt\/de\/wp-json\/wp\/v2\/media?parent=4755"}],"wp:term":[{"taxonomy":"product_brand","embeddable":true,"href":"https:\/\/bitessiulai.lt\/de\/wp-json\/wp\/v2\/product_brand?post=4755"},{"taxonomy":"product_cat","embeddable":true,"href":"https:\/\/bitessiulai.lt\/de\/wp-json\/wp\/v2\/product_cat?post=4755"},{"taxonomy":"product_tag","embeddable":true,"href":"https:\/\/bitessiulai.lt\/de\/wp-json\/wp\/v2\/product_tag?post=4755"},{"taxonomy":"giftcard-category","embeddable":true,"href":"https:\/\/bitessiulai.lt\/de\/wp-json\/wp\/v2\/giftcard-category?post=4755"}],"curies":[{"name":"wp","href":"https:\/\/api.w.org\/{rel}","templated":true}]}}