{"id":4738,"date":"2024-12-22T17:38:56","date_gmt":"2024-12-22T15:38:56","guid":{"rendered":"https:\/\/bitessiulai.lt\/?post_type=product&#038;p=4738"},"modified":"2025-09-17T14:07:36","modified_gmt":"2025-09-17T11:07:36","slug":"yarnart-siulu-rinkinukas-18","status":"publish","type":"product","link":"https:\/\/bitessiulai.lt\/de\/produkt\/yarnart-siulu-rinkinukas-18\/","title":{"rendered":"YarnArt Garnset"},"content":{"rendered":"<h5 dir=\"auto\"><strong>YarnArt-Garnset:<\/strong><\/h5>\n<ul>\n<li>YarnArt Mohair Trendy 4Stk.<\/li>\n<li>YarnArt Samba 2Stk.<\/li>\n<\/ul>\n<p>&nbsp;<\/p>\n<p><strong>YarnArt Mohair Trendy<\/strong><\/p>\n<p><img fetchpriority=\"high\" decoding=\"async\" class=\"alignnone size-medium wp-image-4741\" src=\"https:\/\/bitessiulai.lt\/wp-content\/uploads\/2024\/12\/YARNART_MOHAIR_TRENDY_102-1-600x600-1-300x300.jpg\" alt=\"\" width=\"300\" height=\"300\" srcset=\"https:\/\/bitessiulai.lt\/wp-content\/uploads\/2024\/12\/YARNART_MOHAIR_TRENDY_102-1-600x600-1-300x300.jpg 300w, https:\/\/bitessiulai.lt\/wp-content\/uploads\/2024\/12\/YARNART_MOHAIR_TRENDY_102-1-600x600-1-150x150.jpg 150w, https:\/\/bitessiulai.lt\/wp-content\/uploads\/2024\/12\/YARNART_MOHAIR_TRENDY_102-1-600x600-1-12x12.jpg 12w, https:\/\/bitessiulai.lt\/wp-content\/uploads\/2024\/12\/YARNART_MOHAIR_TRENDY_102-1-600x600-1-96x96.jpg 96w, https:\/\/bitessiulai.lt\/wp-content\/uploads\/2024\/12\/YARNART_MOHAIR_TRENDY_102-1-600x600-1.jpg 600w\" sizes=\"(max-width: 300px) 100vw, 300px\" \/><\/p>\n<p>(Farbe: 102)<\/p>\n<ul>\n<li dir=\"auto\"><strong>Zusammensetzung:<\/strong> 50% Mohair, 50% Acryl<\/li>\n<li dir=\"auto\"><strong>Gewicht\/L\u00e4nge:<\/strong> 100 Jahre = ungef\u00e4hr 220 Jahre.<\/li>\n<li dir=\"auto\"><strong>Empfohlene Stricknadelst\u00e4rke:<\/strong> 5 mm.<\/li>\n<li dir=\"auto\"><strong>Empfohlene Gr\u00f6\u00dfe der Vase:<\/strong> 5,5 mm.<\/li>\n<\/ul>\n<p>&nbsp;<\/p>\n<p><span class=\"html-span xexx8yu x4uap5 x18d9i69 xkhd6sd x1hl2dhg x16tdsg8 x1vvkbs x3nfvp2 x1j61x8r x1fcty0u xdj266r xat24cr xgzva0m xhhsvwb xxymvpz xlup9mm x1kky2od\"><img decoding=\"async\" class=\"xz74otr\" src=\"https:\/\/static.xx.fbcdn.net\/images\/emoji.php\/v9\/t2d\/1\/16\/1f4cd.png\" alt=\"\ud83d\udccd\" width=\"16\" height=\"16\" \/><\/span> <strong>Preis 4,20 \u20ac<\/strong><\/p>\n<p>&nbsp;<\/p>\n<p><strong>YarnArt Samba<\/strong><\/p>\n<p><img decoding=\"async\" class=\"alignnone size-medium wp-image-4742\" src=\"https:\/\/bitessiulai.lt\/wp-content\/uploads\/2024\/12\/YARNART_SAMBA_K-64-600x600-1-300x300.jpg\" alt=\"\" width=\"300\" height=\"300\" srcset=\"https:\/\/bitessiulai.lt\/wp-content\/uploads\/2024\/12\/YARNART_SAMBA_K-64-600x600-1-300x300.jpg 300w, https:\/\/bitessiulai.lt\/wp-content\/uploads\/2024\/12\/YARNART_SAMBA_K-64-600x600-1-150x150.jpg 150w, https:\/\/bitessiulai.lt\/wp-content\/uploads\/2024\/12\/YARNART_SAMBA_K-64-600x600-1-12x12.jpg 12w, https:\/\/bitessiulai.lt\/wp-content\/uploads\/2024\/12\/YARNART_SAMBA_K-64-600x600-1-96x96.jpg 96w, https:\/\/bitessiulai.lt\/wp-content\/uploads\/2024\/12\/YARNART_SAMBA_K-64-600x600-1.jpg 600w\" sizes=\"(max-width: 300px) 100vw, 300px\" \/><\/p>\n<p>(Farbe: K64)<\/p>\n<ul>\n<li><strong>Zusammensetzung:<\/strong> 100% Polyester<\/li>\n<li><strong>Gewicht\/L\u00e4nge:<\/strong> 100 Jahre = ungef\u00e4hr 150 Jahre.<\/li>\n<li><strong>Empfohlene Stricknadelst\u00e4rke:<\/strong> 5,5 mm.<\/li>\n<li><strong>Empfohlene Gr\u00f6\u00dfe der Vase:<\/strong> 5,5 mm.<\/li>\n<\/ul>\n<p><span class=\"html-span xexx8yu x4uap5 x18d9i69 xkhd6sd x1hl2dhg x16tdsg8 x1vvkbs x3nfvp2 x1j61x8r x1fcty0u xdj266r xat24cr xgzva0m xhhsvwb xxymvpz xlup9mm x1kky2od\"><img decoding=\"async\" class=\"xz74otr\" src=\"https:\/\/static.xx.fbcdn.net\/images\/emoji.php\/v9\/t2d\/1\/16\/1f4cd.png\" alt=\"\ud83d\udccd\" width=\"16\" height=\"16\" \/><\/span> <strong>Preis 1,60 \u20ac<\/strong><\/p>\n<p>&nbsp;<\/p>\n<p><span class=\"html-span xexx8yu x4uap5 x18d9i69 xkhd6sd x1hl2dhg x16tdsg8 x1vvkbs x3nfvp2 x1j61x8r x1fcty0u xdj266r xat24cr xgzva0m xhhsvwb xxymvpz xlup9mm x1kky2od\"><img decoding=\"async\" class=\"xz74otr\" src=\"https:\/\/static.xx.fbcdn.net\/images\/emoji.php\/v9\/t2d\/1\/16\/1f4cd.png\" alt=\"\ud83d\udccd\" width=\"16\" height=\"16\" \/>Sollte das Set nicht verf\u00fcgbar sein oder Sie eine gr\u00f6\u00dfere Menge ben\u00f6tigen, kontaktieren Sie uns bitte. <img decoding=\"async\" class=\"xz74otr\" src=\"https:\/\/static.xx.fbcdn.net\/images\/emoji.php\/v9\/t2d\/1\/16\/1f4cd.png\" alt=\"\ud83d\udccd\" width=\"16\" height=\"16\" \/><\/span><\/p>\n<div class=\"item\">\n<ul>\n<li class=\"text\">+370 672 44443<\/li>\n<\/ul>\n<\/div>\n<div class=\"item\">\n<ul>\n<li class=\"text\">info@bitessiulai.lt<\/li>\n<\/ul>\n<p>*Das auf dem Bildschirm angezeigte YarnArt-Garnset kann leicht von der tats\u00e4chlichen Garnfarbe abweichen.<\/p>\n<\/div>","protected":false},"excerpt":{"rendered":"<p>YarnArt Si\u016bl\u0173 rinkinukas\u00a0: YarnArt Mohair Trendy 4vnt. YarnArt Samba 2vnt. &nbsp; YarnArt Mohair Trendy (Spalva: 102) Sud\u0117tis: 50% mohera, 50% akrilas Svoris\/ilgis: 100 g.= ma\u017edaug 220 m. Rekomenduojamas virbal\u0173 dydis: 5 mm. Rekomenduojamas va\u0161elio dydis: 5,5 mm. &nbsp; Kaina 4,20\u20ac &nbsp; YarnArt Samba (Spalva: K64) Sud\u0117tis: 100% poliesteris Svoris\/ilgis: 100 g.= ma\u017edaug 150 m. Rekomenduojamas virbal\u0173 dydis: 5,5 mm. Rekomenduojamas va\u0161elio dydis: 5,5 mm. Kaina 1,60\u20ac &nbsp; Jeigu prekyboje rinkinio n\u0117ra arba reikalingas didesnis kiekis, susiekite su Mumis +370 672 44443 info@bitessiulai.lt *Ekrane matomas YarnArt Si\u016bl\u0173 rinkinys gali \u0161iek tiek skirtis nuo tikrosios si\u016bl\u0173 spalvos.<\/p>","protected":false},"featured_media":4739,"comment_status":"open","ping_status":"closed","template":"","meta":[],"product_brand":[],"product_cat":[176,3564],"product_tag":[],"giftcard-category":[],"class_list":{"0":"post-4738","1":"product","2":"type-product","3":"status-publish","4":"has-post-thumbnail","6":"product_cat-siulu-rinkinukai","7":"product_cat-rinkinukai-su-yarnart-mohair-trendy","9":"first","10":"instock","11":"taxable","12":"shipping-taxable","13":"purchasable","14":"product-type-simple"},"_links":{"self":[{"href":"https:\/\/bitessiulai.lt\/de\/wp-json\/wp\/v2\/product\/4738","targetHints":{"allow":["GET"]}}],"collection":[{"href":"https:\/\/bitessiulai.lt\/de\/wp-json\/wp\/v2\/product"}],"about":[{"href":"https:\/\/bitessiulai.lt\/de\/wp-json\/wp\/v2\/types\/product"}],"replies":[{"embeddable":true,"href":"https:\/\/bitessiulai.lt\/de\/wp-json\/wp\/v2\/comments?post=4738"}],"version-history":[{"count":0,"href":"https:\/\/bitessiulai.lt\/de\/wp-json\/wp\/v2\/product\/4738\/revisions"}],"wp:featuredmedia":[{"embeddable":true,"href":"https:\/\/bitessiulai.lt\/de\/wp-json\/wp\/v2\/media\/4739"}],"wp:attachment":[{"href":"https:\/\/bitessiulai.lt\/de\/wp-json\/wp\/v2\/media?parent=4738"}],"wp:term":[{"taxonomy":"product_brand","embeddable":true,"href":"https:\/\/bitessiulai.lt\/de\/wp-json\/wp\/v2\/product_brand?post=4738"},{"taxonomy":"product_cat","embeddable":true,"href":"https:\/\/bitessiulai.lt\/de\/wp-json\/wp\/v2\/product_cat?post=4738"},{"taxonomy":"product_tag","embeddable":true,"href":"https:\/\/bitessiulai.lt\/de\/wp-json\/wp\/v2\/product_tag?post=4738"},{"taxonomy":"giftcard-category","embeddable":true,"href":"https:\/\/bitessiulai.lt\/de\/wp-json\/wp\/v2\/giftcard-category?post=4738"}],"curies":[{"name":"wp","href":"https:\/\/api.w.org\/{rel}","templated":true}]}}