{"id":4047,"date":"2024-12-18T16:21:13","date_gmt":"2024-12-18T14:21:13","guid":{"rendered":"https:\/\/bitessiulai.lt\/?post_type=product&#038;p=4047"},"modified":"2026-03-14T19:10:13","modified_gmt":"2026-03-14T17:10:13","slug":"10cm-koshitsu-seeknit-curve-bambuko-prisukamu-virbalu-rinkinys","status":"publish","type":"product","link":"https:\/\/bitessiulai.lt\/de\/produkt\/10cm-koshitsu-seeknit-curve-bambuko-prisukamu-virbalu-rinkinys\/","title":{"rendered":"10 cm. Koshitsu Seeknit CURVE Bambus-Schraubstricknadelset"},"content":{"rendered":"<h6><strong>10 cm. Koshitsu Seeknit CURVE Bambus-Schraubstricknadelset<\/strong><\/h6>\n<p id=\"tw-target-text\" class=\"tw-data-text tw-text-large tw-ta\" dir=\"ltr\" data-placeholder=\"Vertimas\" data-ved=\"2ahUKEwj16fbpw52LAxW8R_EDHRD_ECsQ3ewLegQICBAV\" aria-label=\"Seeknit ist Japans \u00e4ltester Hersteller von Bambusstricknadeln. Es ist ein altes Familienunternehmen mit einer stolzen Tradition von Handwerkskunst und Qualit\u00e4t. Es wird ausschlie\u00dflich sorgf\u00e4ltig ausgew\u00e4hlter, starker japanischer Bambus aus speziellen Plantagen in der Region Nara verwendet. Koshitshu ist ein altes Kr\u00e4uterbad und eine W\u00e4rmebehandlung, die den starken Bambus noch st\u00e4rker macht. Koshitsu sorgt f\u00fcr eine h\u00e4rtere und haltbarere Oberfl\u00e4che, die gleichzeitig die nat\u00fcrliche, weiche Haptik von Bambus aufweist.\"><span class=\"Y2IQFc\" lang=\"lt\"><strong>Seeknit<\/strong> ist der \u00e4lteste Hersteller von Bambusstricknadeln in Japan. Es handelt sich um eine alteingesessene Fabrik in Familienbesitz, die sich durch Handwerkskunst und Qualit\u00e4t auszeichnet. Es wird ausschlie\u00dflich sorgf\u00e4ltig ausgew\u00e4hlter, robuster japanischer Bambus aus speziellen Plantagen in der Region Nara verwendet. <\/span><\/p>\n<p><span class=\"Y2IQFc\" lang=\"lt\"><strong>Koshitshu<\/strong> ist ein uraltes Kr\u00e4uterbad und eine W\u00e4rmebehandlung, die starken Bambus noch st\u00e4rker macht. Koshitsu sorgt f\u00fcr eine h\u00e4rtere und haltbarere Oberfl\u00e4che, die gleichzeitig die nat\u00fcrliche, weiche Haptik von Bambus aufweist.<\/span><\/p>\n<p><strong>10 cm. Koshitsu Seeknit CURVE Bambus-Schraubstricknadelset<\/strong> \u00a0\u2013 Dies ist eine verfeinerte und aktualisierte Kollektion, die auch perfekt zu den aufschraubbaren Accessoires aus der regul\u00e4ren Seeknit-Stricknadelkollektion passt.<\/p>\n<p>Der Neue <strong>Seeknit Curve<\/strong> Die Kollektion zeichnet sich durch einen au\u00dfergew\u00f6hnlich sanften \u00dcbergang von der Nadel zur Linie aus. Die schlanke, geformte, glatte Form der Nadeln l\u00e4sst das Garn leicht \u00fcber die Oberfl\u00e4che der Nadeln gleiten und macht das ohnehin schon angenehme Stricken noch angenehmer.<\/p>\n<p><strong>Das Set in Gr\u00f6\u00dfe S beinhaltet:<\/strong><\/p>\n<ul>\n<li>4 Bambusspie\u00dfe zum Einschrauben, 10 cm lang \u2013 (Typ M1.8, 2,50 mm, 2,75 mm, 3,00 mm, 3,25 mm)<\/li>\n<li>3 Stk. Anschraubleitungen (M1.8 Typ 20cm., 40cm., 60cm.)<\/li>\n<li>1 Stk. Verbinder<\/li>\n<li>2 St\u00fcck Bremsen<\/li>\n<\/ul>\n<p><strong>Das M-Gr\u00f6\u00dfenset beinhaltet:<\/strong><\/p>\n<ul>\n<li>4 Bambusspie\u00dfe zum Einschrauben, 10 cm lang \u2013 (Typ M2 3,50 mm, 4,00 mm, 4,50 mm, 5,00 mm)<\/li>\n<li>3 Stk. Einschraubleitungen (M2 Typ 20cm., 40cm., 60cm.)<\/li>\n<li>1 Stk. Verbinder<\/li>\n<li>2 St\u00fcck Bremsen<\/li>\n<\/ul>\n<p><img fetchpriority=\"high\" decoding=\"async\" class=\"wp-image-4048 alignleft\" src=\"https:\/\/bitessiulai.lt\/wp-content\/uploads\/2024\/12\/Seeknit-Curve-Koshitsu-IC-Needle-Tips-10-cm-4inch_Small-768x551-1-300x215.jpg\" alt=\"\" width=\"279\" height=\"200\" srcset=\"https:\/\/bitessiulai.lt\/wp-content\/uploads\/2024\/12\/Seeknit-Curve-Koshitsu-IC-Needle-Tips-10-cm-4inch_Small-768x551-1-300x215.jpg 300w, https:\/\/bitessiulai.lt\/wp-content\/uploads\/2024\/12\/Seeknit-Curve-Koshitsu-IC-Needle-Tips-10-cm-4inch_Small-768x551-1-18x12.jpg 18w, https:\/\/bitessiulai.lt\/wp-content\/uploads\/2024\/12\/Seeknit-Curve-Koshitsu-IC-Needle-Tips-10-cm-4inch_Small-768x551-1-600x430.jpg 600w, https:\/\/bitessiulai.lt\/wp-content\/uploads\/2024\/12\/Seeknit-Curve-Koshitsu-IC-Needle-Tips-10-cm-4inch_Small-768x551-1-150x108.jpg 150w, https:\/\/bitessiulai.lt\/wp-content\/uploads\/2024\/12\/Seeknit-Curve-Koshitsu-IC-Needle-Tips-10-cm-4inch_Small-768x551-1.jpg 768w\" sizes=\"(max-width: 279px) 100vw, 279px\" \/><\/p>\n<p>&nbsp;<\/p>\n<p>&nbsp;<\/p>\n<p>&nbsp;<\/p>\n<p>&nbsp;<\/p>\n<p>&nbsp;<\/p>\n<p><img decoding=\"async\" class=\"wp-image-4050 alignleft\" src=\"https:\/\/bitessiulai.lt\/wp-content\/uploads\/2024\/12\/Seeknit-Curve-Koshitsu_IC-Needles-and-Stoppers_Image-300x200.jpg\" alt=\"\" width=\"285\" height=\"190\" srcset=\"https:\/\/bitessiulai.lt\/wp-content\/uploads\/2024\/12\/Seeknit-Curve-Koshitsu_IC-Needles-and-Stoppers_Image-300x200.jpg 300w, https:\/\/bitessiulai.lt\/wp-content\/uploads\/2024\/12\/Seeknit-Curve-Koshitsu_IC-Needles-and-Stoppers_Image-1024x682.jpg 1024w, https:\/\/bitessiulai.lt\/wp-content\/uploads\/2024\/12\/Seeknit-Curve-Koshitsu_IC-Needles-and-Stoppers_Image-768x512.jpg 768w, https:\/\/bitessiulai.lt\/wp-content\/uploads\/2024\/12\/Seeknit-Curve-Koshitsu_IC-Needles-and-Stoppers_Image-1536x1024.jpg 1536w, https:\/\/bitessiulai.lt\/wp-content\/uploads\/2024\/12\/Seeknit-Curve-Koshitsu_IC-Needles-and-Stoppers_Image-18x12.jpg 18w, https:\/\/bitessiulai.lt\/wp-content\/uploads\/2024\/12\/Seeknit-Curve-Koshitsu_IC-Needles-and-Stoppers_Image-600x400.jpg 600w, https:\/\/bitessiulai.lt\/wp-content\/uploads\/2024\/12\/Seeknit-Curve-Koshitsu_IC-Needles-and-Stoppers_Image-150x100.jpg 150w, https:\/\/bitessiulai.lt\/wp-content\/uploads\/2024\/12\/Seeknit-Curve-Koshitsu_IC-Needles-and-Stoppers_Image.jpg 2000w\" sizes=\"(max-width: 285px) 100vw, 285px\" \/><\/p>","protected":false},"excerpt":{"rendered":"<p>10cm. Koshitsu Seeknit CURVE bambuko prisukam\u0173 virbal\u0173 rinkinys Seeknit yra seniausias Japonijos bambuko mezgimo virbal\u0173 gamintojas. Tai sena \u0161eimai priklausanti gamykla, stiprus meistri\u0161kumas ir kokyb\u0117. Naudojamas tik kruop\u0161\u010diai atrinktas stiprus japoni\u0161kas bambukas i\u0161 speciali\u0173 plantacij\u0173 Naros apylink\u0117se. Koshitshu yra senovin\u0117 \u017eoleli\u0173 vonia ir terminis apdorojimas, d\u0117l kurio stiprus bambukas tampa dar stipresnis. Koshitsu suteikia kietesn\u012f ir tvirtesn\u012f pavir\u0161i\u0173, kuris tuo pat metu turi nat\u016bral\u0173 mink\u0161t\u0105 bambuko poj\u016bt\u012f. 10cm. Koshitsu Seeknit CURVE bambuko prisukam\u0173 virbal\u0173 rinkinys \u00a0\u2013 tai i\u0161tobulinta ir atnaujinta kolekcija, kuri puikiai tiks ir prie \u012fprastos Seeknit virbal\u0173 kolekcijos prisukam\u0173 pried\u0173. Naujoji Seeknit Curve kolekcija pasi\u017eymi ypatingai \u0161velniu per\u0117jimu nuo virbalo link valo. Aptaki, i\u0161formuota, i\u0161gludinta virbal\u0173 forma leid\u017eia lengvai si\u016blams slysti virbal\u0173 pavir\u0161iumi, o ir taip malonus mezgimas tampa dar malonesnis. S dyd\u017eio rinkin\u012f sudaro: 10cm. ilgio 4 prisukami bambuko virbalai &#8211; (M1.8 tipo 2.50mm., 2.75mm., 3.00mm., 3.25mm.) 3 vnt. prisukami valai (M1.8 tipo 20cm., 40cm., 60cm.) 1 vnt. sujung\u0117jas 2 vnt. stabd\u017eiukai M dyd\u017eio rink\u012f sudaro: 10cm. ilgio 4 prisukami bambuko virbalai &#8211; (M2 tipo 3.50mm., 4.00mm., 4.50mm., 5.00mm.) 3 vnt. prisukami valai (M2 tipo 20cm., 40cm., 60cm.) 1 vnt. sujung\u0117jas 2 vnt. stabd\u017eiukai &nbsp; &nbsp; &nbsp; &nbsp; &nbsp;<\/p>","protected":false},"featured_media":4056,"comment_status":"open","ping_status":"closed","template":"","meta":[],"product_brand":[],"product_cat":[180,2439,181],"product_tag":[],"giftcard-category":[],"class_list":{"0":"post-4047","1":"product","2":"type-product","3":"status-publish","4":"has-post-thumbnail","6":"product_cat-mezgimo-priemones","7":"product_cat-seeknit-mezgimo-priemoniu-gamintojai","8":"product_cat-virbalu-rinkiniai","10":"first","11":"instock","12":"taxable","13":"shipping-taxable","14":"purchasable","15":"product-type-variable"},"_links":{"self":[{"href":"https:\/\/bitessiulai.lt\/de\/wp-json\/wp\/v2\/product\/4047","targetHints":{"allow":["GET"]}}],"collection":[{"href":"https:\/\/bitessiulai.lt\/de\/wp-json\/wp\/v2\/product"}],"about":[{"href":"https:\/\/bitessiulai.lt\/de\/wp-json\/wp\/v2\/types\/product"}],"replies":[{"embeddable":true,"href":"https:\/\/bitessiulai.lt\/de\/wp-json\/wp\/v2\/comments?post=4047"}],"version-history":[{"count":0,"href":"https:\/\/bitessiulai.lt\/de\/wp-json\/wp\/v2\/product\/4047\/revisions"}],"wp:featuredmedia":[{"embeddable":true,"href":"https:\/\/bitessiulai.lt\/de\/wp-json\/wp\/v2\/media\/4056"}],"wp:attachment":[{"href":"https:\/\/bitessiulai.lt\/de\/wp-json\/wp\/v2\/media?parent=4047"}],"wp:term":[{"taxonomy":"product_brand","embeddable":true,"href":"https:\/\/bitessiulai.lt\/de\/wp-json\/wp\/v2\/product_brand?post=4047"},{"taxonomy":"product_cat","embeddable":true,"href":"https:\/\/bitessiulai.lt\/de\/wp-json\/wp\/v2\/product_cat?post=4047"},{"taxonomy":"product_tag","embeddable":true,"href":"https:\/\/bitessiulai.lt\/de\/wp-json\/wp\/v2\/product_tag?post=4047"},{"taxonomy":"giftcard-category","embeddable":true,"href":"https:\/\/bitessiulai.lt\/de\/wp-json\/wp\/v2\/giftcard-category?post=4047"}],"curies":[{"name":"wp","href":"https:\/\/api.w.org\/{rel}","templated":true}]}}