{"id":3701,"date":"2024-12-17T17:15:09","date_gmt":"2024-12-17T15:15:09","guid":{"rendered":"https:\/\/bitessiulai.lt\/?post_type=product&#038;p=3701"},"modified":"2026-02-10T06:24:14","modified_gmt":"2026-02-10T04:24:14","slug":"15cm-seeknit-koshitsu-virbalai-kojinems","status":"publish","type":"product","link":"https:\/\/bitessiulai.lt\/de\/produkt\/15cm-seeknit-koshitsu-virbalai-kojinems\/","title":{"rendered":"15cm. Seeknit Koshitsu Sockennadeln"},"content":{"rendered":"<h6>15cm. Seeknit Koshitsu Sockennadeln<\/h6>\n<p id=\"tw-target-text\" class=\"tw-data-text tw-text-large tw-ta\" dir=\"ltr\" data-placeholder=\"Vertimas\" data-ved=\"2ahUKEwj16fbpw52LAxW8R_EDHRD_ECsQ3ewLegQICBAV\" aria-label=\"Seeknit ist Japans \u00e4ltester Hersteller von Bambusstricknadeln. Es ist ein altes Familienunternehmen mit einer stolzen Tradition von Handwerkskunst und Qualit\u00e4t. Es wird ausschlie\u00dflich sorgf\u00e4ltig ausgew\u00e4hlter, starker japanischer Bambus aus speziellen Plantagen in der Region Nara verwendet. Koshitshu ist ein altes Kr\u00e4uterbad und eine W\u00e4rmebehandlung, die den starken Bambus noch st\u00e4rker macht. Koshitsu sorgt f\u00fcr eine h\u00e4rtere und haltbarere Oberfl\u00e4che, die gleichzeitig die nat\u00fcrliche, weiche Haptik von Bambus aufweist.\"><span class=\"Y2IQFc\" lang=\"lt\"><strong>Seeknit<\/strong> ist der \u00e4lteste Hersteller von Bambusstricknadeln in Japan. Es handelt sich um eine alteingesessene Fabrik in Familienbesitz, die sich durch Handwerkskunst und Qualit\u00e4t auszeichnet. Es wird ausschlie\u00dflich sorgf\u00e4ltig ausgew\u00e4hlter, robuster japanischer Bambus aus speziellen Plantagen in der Region Nara verwendet. <\/span><\/p>\n<p class=\"tw-data-text tw-text-large tw-ta\" dir=\"ltr\" data-placeholder=\"Vertimas\" data-ved=\"2ahUKEwj16fbpw52LAxW8R_EDHRD_ECsQ3ewLegQICBAV\" aria-label=\"Seeknit ist Japans \u00e4ltester Hersteller von Bambusstricknadeln. Es ist ein altes Familienunternehmen mit einer stolzen Tradition von Handwerkskunst und Qualit\u00e4t. Es wird ausschlie\u00dflich sorgf\u00e4ltig ausgew\u00e4hlter, starker japanischer Bambus aus speziellen Plantagen in der Region Nara verwendet. Koshitshu ist ein altes Kr\u00e4uterbad und eine W\u00e4rmebehandlung, die den starken Bambus noch st\u00e4rker macht. Koshitsu sorgt f\u00fcr eine h\u00e4rtere und haltbarere Oberfl\u00e4che, die gleichzeitig die nat\u00fcrliche, weiche Haptik von Bambus aufweist.\"><span class=\"Y2IQFc\" lang=\"lt\"><strong>Koshitshu<\/strong> ist ein uraltes Kr\u00e4uterbad und eine W\u00e4rmebehandlung, die starken Bambus noch st\u00e4rker macht. Koshitsu sorgt f\u00fcr eine h\u00e4rtere und haltbarere Oberfl\u00e4che, die gleichzeitig die nat\u00fcrliche, weiche Haptik von Bambus aufweist.<\/span><\/p>\n<p>&nbsp;<\/p>\n<p><img fetchpriority=\"high\" decoding=\"async\" class=\"alignnone size-medium wp-image-3702\" src=\"https:\/\/bitessiulai.lt\/wp-content\/uploads\/2024\/12\/Koshitsu_im-600x600-1-300x300.jpg\" alt=\"\" width=\"300\" height=\"300\" srcset=\"https:\/\/bitessiulai.lt\/wp-content\/uploads\/2024\/12\/Koshitsu_im-600x600-1-300x300.jpg 300w, https:\/\/bitessiulai.lt\/wp-content\/uploads\/2024\/12\/Koshitsu_im-600x600-1-150x150.jpg 150w, https:\/\/bitessiulai.lt\/wp-content\/uploads\/2024\/12\/Koshitsu_im-600x600-1-12x12.jpg 12w, https:\/\/bitessiulai.lt\/wp-content\/uploads\/2024\/12\/Koshitsu_im-600x600-1-96x96.jpg 96w, https:\/\/bitessiulai.lt\/wp-content\/uploads\/2024\/12\/Koshitsu_im-600x600-1.jpg 600w\" sizes=\"(max-width: 300px) 100vw, 300px\" \/><\/p>","protected":false},"excerpt":{"rendered":"<p>15cm. Seeknit Koshitsu virbalai kojin\u0117ms Seeknit yra seniausias Japonijos bambuko mezgimo virbal\u0173 gamintojas. Tai sena \u0161eimai priklausanti gamykla, stiprus meistri\u0161kumas ir kokyb\u0117. Naudojamas tik kruop\u0161\u010diai atrinktas stiprus japoni\u0161kas bambukas i\u0161 speciali\u0173 plantacij\u0173 Naros apylink\u0117se. Koshitshu yra senovin\u0117 \u017eoleli\u0173 vonia ir terminis apdorojimas, d\u0117l kurio stiprus bambukas tampa dar stipresnis. Koshitsu suteikia kietesn\u012f ir tvirtesn\u012f pavir\u0161i\u0173, kuris tuo pat metu turi nat\u016bral\u0173 mink\u0161t\u0105 bambuko poj\u016bt\u012f. &nbsp;<\/p>","protected":false},"featured_media":3703,"comment_status":"open","ping_status":"closed","template":"","meta":[],"product_brand":[],"product_cat":[180,2439,186],"product_tag":[],"giftcard-category":[],"class_list":{"0":"post-3701","1":"product","2":"type-product","3":"status-publish","4":"has-post-thumbnail","6":"product_cat-mezgimo-priemones","7":"product_cat-seeknit-mezgimo-priemoniu-gamintojai","8":"product_cat-virbalai-kojinems","10":"first","11":"instock","12":"taxable","13":"shipping-taxable","14":"purchasable","15":"product-type-variable"},"_links":{"self":[{"href":"https:\/\/bitessiulai.lt\/de\/wp-json\/wp\/v2\/product\/3701","targetHints":{"allow":["GET"]}}],"collection":[{"href":"https:\/\/bitessiulai.lt\/de\/wp-json\/wp\/v2\/product"}],"about":[{"href":"https:\/\/bitessiulai.lt\/de\/wp-json\/wp\/v2\/types\/product"}],"replies":[{"embeddable":true,"href":"https:\/\/bitessiulai.lt\/de\/wp-json\/wp\/v2\/comments?post=3701"}],"version-history":[{"count":0,"href":"https:\/\/bitessiulai.lt\/de\/wp-json\/wp\/v2\/product\/3701\/revisions"}],"wp:featuredmedia":[{"embeddable":true,"href":"https:\/\/bitessiulai.lt\/de\/wp-json\/wp\/v2\/media\/3703"}],"wp:attachment":[{"href":"https:\/\/bitessiulai.lt\/de\/wp-json\/wp\/v2\/media?parent=3701"}],"wp:term":[{"taxonomy":"product_brand","embeddable":true,"href":"https:\/\/bitessiulai.lt\/de\/wp-json\/wp\/v2\/product_brand?post=3701"},{"taxonomy":"product_cat","embeddable":true,"href":"https:\/\/bitessiulai.lt\/de\/wp-json\/wp\/v2\/product_cat?post=3701"},{"taxonomy":"product_tag","embeddable":true,"href":"https:\/\/bitessiulai.lt\/de\/wp-json\/wp\/v2\/product_tag?post=3701"},{"taxonomy":"giftcard-category","embeddable":true,"href":"https:\/\/bitessiulai.lt\/de\/wp-json\/wp\/v2\/giftcard-category?post=3701"}],"curies":[{"name":"wp","href":"https:\/\/api.w.org\/{rel}","templated":true}]}}