{"id":3625,"date":"2024-12-16T11:35:07","date_gmt":"2024-12-16T09:35:07","guid":{"rendered":"https:\/\/bitessiulai.lt\/?post_type=product&#038;p=3625"},"modified":"2026-05-10T09:29:35","modified_gmt":"2026-05-10T06:29:35","slug":"yarnart-olimpia","status":"publish","type":"product","link":"https:\/\/bitessiulai.lt\/de\/produkt\/yarnart-olimpia\/","title":{"rendered":"YarnArt Olimpia"},"content":{"rendered":"<p id=\"tw-target-text\" class=\"tw-data-text tw-text-large tw-ta\" dir=\"ltr\" data-placeholder=\"Vertimas\" data-ved=\"2ahUKEwi1x7iw7pqLAxXcSvEDHeBsL-UQ3ewLegQICBAV\" aria-label=\"YarnArt Olimpia Garn ist eine Mischung aus Wolle und Acryl. Das Garn hat eine sehr interessante Webart, sanft umwickelt mit einer zus\u00e4tzlichen schwarzen Faser. Das Garn ist flauschig, leicht gedreht und mehrfarbig. Projekte aus diesem Garn sind sehr originell und einzigartig. Perfekt f\u00fcr M\u00fctzen, Schals oder dicke Pullover. F\u00fcr einen Pullover in Gr\u00f6\u00dfe M ben\u00f6tigen Sie ca. 500 g (5 Str\u00e4nge).\"><span class=\"Y2IQFc\" lang=\"lt\"><strong>YarnArt Olimpia <\/strong>\u2013 eine Mischung aus Wolle und Acryl. Das Garn hat eine sehr interessante Webart. Das Garn ist flauschig, leicht gedreht und mehrfarbig. Projekte aus diesem Garn sind sehr originell und einzigartig. Perfekt f\u00fcr M\u00fctzen oder dicke Pullover.<\/span><\/p>\n<p><img fetchpriority=\"high\" decoding=\"async\" class=\"alignnone size-medium wp-image-3624\" src=\"https:\/\/bitessiulai.lt\/wp-content\/uploads\/2024\/12\/OLIMPIA_Yarnart4136_SITE-300x300.jpg\" alt=\"\" width=\"300\" height=\"300\" srcset=\"https:\/\/bitessiulai.lt\/wp-content\/uploads\/2024\/12\/OLIMPIA_Yarnart4136_SITE-300x300.jpg 300w, https:\/\/bitessiulai.lt\/wp-content\/uploads\/2024\/12\/OLIMPIA_Yarnart4136_SITE-1024x1024.jpg 1024w, https:\/\/bitessiulai.lt\/wp-content\/uploads\/2024\/12\/OLIMPIA_Yarnart4136_SITE-150x150.jpg 150w, https:\/\/bitessiulai.lt\/wp-content\/uploads\/2024\/12\/OLIMPIA_Yarnart4136_SITE-768x768.jpg 768w, https:\/\/bitessiulai.lt\/wp-content\/uploads\/2024\/12\/OLIMPIA_Yarnart4136_SITE-1536x1536.jpg 1536w, https:\/\/bitessiulai.lt\/wp-content\/uploads\/2024\/12\/OLIMPIA_Yarnart4136_SITE-12x12.jpg 12w, https:\/\/bitessiulai.lt\/wp-content\/uploads\/2024\/12\/OLIMPIA_Yarnart4136_SITE-600x600.jpg 600w, https:\/\/bitessiulai.lt\/wp-content\/uploads\/2024\/12\/OLIMPIA_Yarnart4136_SITE-96x96.jpg 96w, https:\/\/bitessiulai.lt\/wp-content\/uploads\/2024\/12\/OLIMPIA_Yarnart4136_SITE.jpg 2000w\" sizes=\"(max-width: 300px) 100vw, 300px\" \/> <img decoding=\"async\" class=\"alignnone size-medium wp-image-3623\" src=\"https:\/\/bitessiulai.lt\/wp-content\/uploads\/2024\/12\/Olimpia_Yarnart_241934-300x300.jpg\" alt=\"\" width=\"300\" height=\"300\" srcset=\"https:\/\/bitessiulai.lt\/wp-content\/uploads\/2024\/12\/Olimpia_Yarnart_241934-300x300.jpg 300w, https:\/\/bitessiulai.lt\/wp-content\/uploads\/2024\/12\/Olimpia_Yarnart_241934-1024x1024.jpg 1024w, https:\/\/bitessiulai.lt\/wp-content\/uploads\/2024\/12\/Olimpia_Yarnart_241934-150x150.jpg 150w, https:\/\/bitessiulai.lt\/wp-content\/uploads\/2024\/12\/Olimpia_Yarnart_241934-768x768.jpg 768w, https:\/\/bitessiulai.lt\/wp-content\/uploads\/2024\/12\/Olimpia_Yarnart_241934-1536x1536.jpg 1536w, https:\/\/bitessiulai.lt\/wp-content\/uploads\/2024\/12\/Olimpia_Yarnart_241934-12x12.jpg 12w, https:\/\/bitessiulai.lt\/wp-content\/uploads\/2024\/12\/Olimpia_Yarnart_241934-600x600.jpg 600w, https:\/\/bitessiulai.lt\/wp-content\/uploads\/2024\/12\/Olimpia_Yarnart_241934-96x96.jpg 96w, https:\/\/bitessiulai.lt\/wp-content\/uploads\/2024\/12\/Olimpia_Yarnart_241934.jpg 2000w\" sizes=\"(max-width: 300px) 100vw, 300px\" \/> <img decoding=\"async\" class=\"alignnone size-medium wp-image-3622\" src=\"https:\/\/bitessiulai.lt\/wp-content\/uploads\/2024\/12\/Olimpia_Yarnart_241931-300x300.jpg\" alt=\"\" width=\"300\" height=\"300\" srcset=\"https:\/\/bitessiulai.lt\/wp-content\/uploads\/2024\/12\/Olimpia_Yarnart_241931-300x300.jpg 300w, https:\/\/bitessiulai.lt\/wp-content\/uploads\/2024\/12\/Olimpia_Yarnart_241931-1024x1024.jpg 1024w, https:\/\/bitessiulai.lt\/wp-content\/uploads\/2024\/12\/Olimpia_Yarnart_241931-150x150.jpg 150w, https:\/\/bitessiulai.lt\/wp-content\/uploads\/2024\/12\/Olimpia_Yarnart_241931-768x768.jpg 768w, https:\/\/bitessiulai.lt\/wp-content\/uploads\/2024\/12\/Olimpia_Yarnart_241931-1536x1536.jpg 1536w, https:\/\/bitessiulai.lt\/wp-content\/uploads\/2024\/12\/Olimpia_Yarnart_241931-12x12.jpg 12w, https:\/\/bitessiulai.lt\/wp-content\/uploads\/2024\/12\/Olimpia_Yarnart_241931-600x600.jpg 600w, https:\/\/bitessiulai.lt\/wp-content\/uploads\/2024\/12\/Olimpia_Yarnart_241931-96x96.jpg 96w, https:\/\/bitessiulai.lt\/wp-content\/uploads\/2024\/12\/Olimpia_Yarnart_241931.jpg 2000w\" sizes=\"(max-width: 300px) 100vw, 300px\" \/> <img loading=\"lazy\" decoding=\"async\" class=\"alignnone size-medium wp-image-3621\" src=\"https:\/\/bitessiulai.lt\/wp-content\/uploads\/2024\/12\/olimpia_20232164-300x300.jpg\" alt=\"\" width=\"300\" height=\"300\" srcset=\"https:\/\/bitessiulai.lt\/wp-content\/uploads\/2024\/12\/olimpia_20232164-300x300.jpg 300w, https:\/\/bitessiulai.lt\/wp-content\/uploads\/2024\/12\/olimpia_20232164-1024x1024.jpg 1024w, https:\/\/bitessiulai.lt\/wp-content\/uploads\/2024\/12\/olimpia_20232164-150x150.jpg 150w, https:\/\/bitessiulai.lt\/wp-content\/uploads\/2024\/12\/olimpia_20232164-768x768.jpg 768w, https:\/\/bitessiulai.lt\/wp-content\/uploads\/2024\/12\/olimpia_20232164-1536x1536.jpg 1536w, https:\/\/bitessiulai.lt\/wp-content\/uploads\/2024\/12\/olimpia_20232164-12x12.jpg 12w, https:\/\/bitessiulai.lt\/wp-content\/uploads\/2024\/12\/olimpia_20232164-600x600.jpg 600w, https:\/\/bitessiulai.lt\/wp-content\/uploads\/2024\/12\/olimpia_20232164-96x96.jpg 96w, https:\/\/bitessiulai.lt\/wp-content\/uploads\/2024\/12\/olimpia_20232164.jpg 2000w\" sizes=\"(max-width: 300px) 100vw, 300px\" \/> <img loading=\"lazy\" decoding=\"async\" class=\"alignnone size-medium wp-image-3603\" src=\"https:\/\/bitessiulai.lt\/wp-content\/uploads\/2024\/12\/Olympia._20233011jpg-600x600-1-300x300.jpg\" alt=\"\" width=\"300\" height=\"300\" srcset=\"https:\/\/bitessiulai.lt\/wp-content\/uploads\/2024\/12\/Olympia._20233011jpg-600x600-1-300x300.jpg 300w, https:\/\/bitessiulai.lt\/wp-content\/uploads\/2024\/12\/Olympia._20233011jpg-600x600-1-150x150.jpg 150w, https:\/\/bitessiulai.lt\/wp-content\/uploads\/2024\/12\/Olympia._20233011jpg-600x600-1-12x12.jpg 12w, https:\/\/bitessiulai.lt\/wp-content\/uploads\/2024\/12\/Olympia._20233011jpg-600x600-1-96x96.jpg 96w, https:\/\/bitessiulai.lt\/wp-content\/uploads\/2024\/12\/Olympia._20233011jpg-600x600-1.jpg 600w\" sizes=\"(max-width: 300px) 100vw, 300px\" \/><\/p>\n<p>*Die Farben, die Sie auf Ihrem Bildschirm sehen, k\u00f6nnen leicht von der tats\u00e4chlichen Garnfarbe abweichen.<\/p>","protected":false},"excerpt":{"rendered":"<p>Zusammensetzung: 20% Wolle, 80% Acryl<\/p>\n<p>Gewicht\/L\u00e4nge: 100 g = ca. 100 m.<\/p>\n<p>Empfohlene Stricknadelgr\u00f6\u00dfe: 7 mm.<\/p>\n<p>Empfohlene Perlengr\u00f6\u00dfe: 8 mm<\/p>","protected":false},"featured_media":3605,"comment_status":"open","ping_status":"closed","template":"","meta":[],"product_brand":[],"product_cat":[326,217,177,178,3311,173,174,175,410,255,4845],"product_tag":[],"giftcard-category":[],"class_list":{"0":"post-3625","1":"product","2":"type-product","3":"status-publish","4":"has-post-thumbnail","6":"product_cat-akrilas","7":"product_cat-isparduotuve","8":"product_cat-mezgimo-siulai","9":"product_cat-nerimo-siulai","10":"product_cat-olimpia","11":"product_cat-siulai","12":"product_cat-siulu-gamintojai","13":"product_cat-siulu-pluostai","14":"product_cat-vilna","15":"product_cat-yarnart","16":"product_cat-yarnart-nuolaida","18":"first","19":"instock","20":"sale","21":"taxable","22":"shipping-taxable","23":"purchasable","24":"product-type-variable"},"_links":{"self":[{"href":"https:\/\/bitessiulai.lt\/de\/wp-json\/wp\/v2\/product\/3625","targetHints":{"allow":["GET"]}}],"collection":[{"href":"https:\/\/bitessiulai.lt\/de\/wp-json\/wp\/v2\/product"}],"about":[{"href":"https:\/\/bitessiulai.lt\/de\/wp-json\/wp\/v2\/types\/product"}],"replies":[{"embeddable":true,"href":"https:\/\/bitessiulai.lt\/de\/wp-json\/wp\/v2\/comments?post=3625"}],"version-history":[{"count":1,"href":"https:\/\/bitessiulai.lt\/de\/wp-json\/wp\/v2\/product\/3625\/revisions"}],"predecessor-version":[{"id":25932,"href":"https:\/\/bitessiulai.lt\/de\/wp-json\/wp\/v2\/product\/3625\/revisions\/25932"}],"wp:featuredmedia":[{"embeddable":true,"href":"https:\/\/bitessiulai.lt\/de\/wp-json\/wp\/v2\/media\/3605"}],"wp:attachment":[{"href":"https:\/\/bitessiulai.lt\/de\/wp-json\/wp\/v2\/media?parent=3625"}],"wp:term":[{"taxonomy":"product_brand","embeddable":true,"href":"https:\/\/bitessiulai.lt\/de\/wp-json\/wp\/v2\/product_brand?post=3625"},{"taxonomy":"product_cat","embeddable":true,"href":"https:\/\/bitessiulai.lt\/de\/wp-json\/wp\/v2\/product_cat?post=3625"},{"taxonomy":"product_tag","embeddable":true,"href":"https:\/\/bitessiulai.lt\/de\/wp-json\/wp\/v2\/product_tag?post=3625"},{"taxonomy":"giftcard-category","embeddable":true,"href":"https:\/\/bitessiulai.lt\/de\/wp-json\/wp\/v2\/giftcard-category?post=3625"}],"curies":[{"name":"wp","href":"https:\/\/api.w.org\/{rel}","templated":true}]}}