{"id":3581,"date":"2024-12-17T12:05:48","date_gmt":"2024-12-17T10:05:48","guid":{"rendered":"https:\/\/bitessiulai.lt\/?post_type=product&#038;p=3581"},"modified":"2026-03-25T17:26:54","modified_gmt":"2026-03-25T15:26:54","slug":"yarnart-mink","status":"publish","type":"product","link":"https:\/\/bitessiulai.lt\/de\/produkt\/yarnart-mink\/","title":{"rendered":"YarnArt Nerz"},"content":{"rendered":"<p id=\"tw-target-text\" class=\"tw-data-text tw-text-large tw-ta\" dir=\"ltr\" data-placeholder=\"Vertimas\" data-ved=\"2ahUKEwi9nKOVgJuLAxW8Q_EDHXGXObsQ3ewLegQICBAV\" aria-label=\"YarnArt Mink ist ein Garn, das alle Bastler lieben. Das Garn ist sehr weich und geschmeidig wie Fell. YarnArt Mink ist in einer gro\u00dfen Farbpalette erh\u00e4ltlich, darunter Pastell- und leuchtende Farben, sodass Sie f\u00fcr jedes Projekt die perfekte Farbe finden.\"><span class=\"Y2IQFc\" lang=\"lt\"><strong>YarnArt Nerz \u2013 <\/strong>Sehr weich und geschmeidig wie Pelzgarn. <\/span><\/p>\n<p class=\"tw-data-text tw-text-large tw-ta\" dir=\"ltr\" data-placeholder=\"Vertimas\" data-ved=\"2ahUKEwi9nKOVgJuLAxW8Q_EDHXGXObsQ3ewLegQICBAV\" aria-label=\"YarnArt Mink ist ein Garn, das alle Bastler lieben. Das Garn ist sehr weich und geschmeidig wie Fell. YarnArt Mink ist in einer gro\u00dfen Farbpalette erh\u00e4ltlich, darunter Pastell- und leuchtende Farben, sodass Sie f\u00fcr jedes Projekt die perfekte Farbe finden.\"><span class=\"Y2IQFc\" lang=\"lt\"><strong>YarnArt Nerz<\/strong> verf\u00fcgt \u00fcber eine gro\u00dfe Farbpalette, darunter Pastell- und leuchtende Farben, sodass Sie f\u00fcr jedes Projekt die perfekte Farbe ausw\u00e4hlen k\u00f6nnen.<\/span><\/p>\n<p><img fetchpriority=\"high\" decoding=\"async\" class=\"alignnone size-medium wp-image-3493\" src=\"https:\/\/bitessiulai.lt\/wp-content\/uploads\/2024\/12\/Mink_Yarnart_242132-600x600-1-300x300.jpg\" alt=\"\" width=\"300\" height=\"300\" srcset=\"https:\/\/bitessiulai.lt\/wp-content\/uploads\/2024\/12\/Mink_Yarnart_242132-600x600-1-300x300.jpg 300w, https:\/\/bitessiulai.lt\/wp-content\/uploads\/2024\/12\/Mink_Yarnart_242132-600x600-1-150x150.jpg 150w, https:\/\/bitessiulai.lt\/wp-content\/uploads\/2024\/12\/Mink_Yarnart_242132-600x600-1-12x12.jpg 12w, https:\/\/bitessiulai.lt\/wp-content\/uploads\/2024\/12\/Mink_Yarnart_242132-600x600-1-96x96.jpg 96w, https:\/\/bitessiulai.lt\/wp-content\/uploads\/2024\/12\/Mink_Yarnart_242132-600x600-1.jpg 600w\" sizes=\"(max-width: 300px) 100vw, 300px\" \/> <img decoding=\"async\" class=\"alignnone size-medium wp-image-3492\" src=\"https:\/\/bitessiulai.lt\/wp-content\/uploads\/2024\/12\/Mink_Yarnart_242127-300x300.jpg\" alt=\"\" width=\"300\" height=\"300\" srcset=\"https:\/\/bitessiulai.lt\/wp-content\/uploads\/2024\/12\/Mink_Yarnart_242127-300x300.jpg 300w, https:\/\/bitessiulai.lt\/wp-content\/uploads\/2024\/12\/Mink_Yarnart_242127-1024x1024.jpg 1024w, https:\/\/bitessiulai.lt\/wp-content\/uploads\/2024\/12\/Mink_Yarnart_242127-150x150.jpg 150w, https:\/\/bitessiulai.lt\/wp-content\/uploads\/2024\/12\/Mink_Yarnart_242127-768x768.jpg 768w, https:\/\/bitessiulai.lt\/wp-content\/uploads\/2024\/12\/Mink_Yarnart_242127-1536x1536.jpg 1536w, https:\/\/bitessiulai.lt\/wp-content\/uploads\/2024\/12\/Mink_Yarnart_242127-12x12.jpg 12w, https:\/\/bitessiulai.lt\/wp-content\/uploads\/2024\/12\/Mink_Yarnart_242127-600x600.jpg 600w, https:\/\/bitessiulai.lt\/wp-content\/uploads\/2024\/12\/Mink_Yarnart_242127-96x96.jpg 96w, https:\/\/bitessiulai.lt\/wp-content\/uploads\/2024\/12\/Mink_Yarnart_242127.jpg 2000w\" sizes=\"(max-width: 300px) 100vw, 300px\" \/> <img decoding=\"async\" class=\"alignnone size-medium wp-image-3491\" src=\"https:\/\/bitessiulai.lt\/wp-content\/uploads\/2024\/12\/MINK_DOLCE_BABY_JEANS_1-600x600-1-300x300.jpg\" alt=\"\" width=\"300\" height=\"300\" srcset=\"https:\/\/bitessiulai.lt\/wp-content\/uploads\/2024\/12\/MINK_DOLCE_BABY_JEANS_1-600x600-1-300x300.jpg 300w, https:\/\/bitessiulai.lt\/wp-content\/uploads\/2024\/12\/MINK_DOLCE_BABY_JEANS_1-600x600-1-150x150.jpg 150w, https:\/\/bitessiulai.lt\/wp-content\/uploads\/2024\/12\/MINK_DOLCE_BABY_JEANS_1-600x600-1-12x12.jpg 12w, https:\/\/bitessiulai.lt\/wp-content\/uploads\/2024\/12\/MINK_DOLCE_BABY_JEANS_1-600x600-1-96x96.jpg 96w, https:\/\/bitessiulai.lt\/wp-content\/uploads\/2024\/12\/MINK_DOLCE_BABY_JEANS_1-600x600-1.jpg 600w\" sizes=\"(max-width: 300px) 100vw, 300px\" \/> <img loading=\"lazy\" decoding=\"async\" class=\"alignnone size-medium wp-image-3490\" src=\"https:\/\/bitessiulai.lt\/wp-content\/uploads\/2024\/12\/MINK_DOLCE_BABY_2-300x300.jpg\" alt=\"\" width=\"300\" height=\"300\" srcset=\"https:\/\/bitessiulai.lt\/wp-content\/uploads\/2024\/12\/MINK_DOLCE_BABY_2-300x300.jpg 300w, https:\/\/bitessiulai.lt\/wp-content\/uploads\/2024\/12\/MINK_DOLCE_BABY_2-1024x1024.jpg 1024w, https:\/\/bitessiulai.lt\/wp-content\/uploads\/2024\/12\/MINK_DOLCE_BABY_2-150x150.jpg 150w, https:\/\/bitessiulai.lt\/wp-content\/uploads\/2024\/12\/MINK_DOLCE_BABY_2-768x768.jpg 768w, https:\/\/bitessiulai.lt\/wp-content\/uploads\/2024\/12\/MINK_DOLCE_BABY_2-1536x1536.jpg 1536w, https:\/\/bitessiulai.lt\/wp-content\/uploads\/2024\/12\/MINK_DOLCE_BABY_2-12x12.jpg 12w, https:\/\/bitessiulai.lt\/wp-content\/uploads\/2024\/12\/MINK_DOLCE_BABY_2-600x600.jpg 600w, https:\/\/bitessiulai.lt\/wp-content\/uploads\/2024\/12\/MINK_DOLCE_BABY_2-96x96.jpg 96w, https:\/\/bitessiulai.lt\/wp-content\/uploads\/2024\/12\/MINK_DOLCE_BABY_2.jpg 2000w\" sizes=\"(max-width: 300px) 100vw, 300px\" \/><\/p>\n<p>*Die Farben, die Sie auf Ihrem Bildschirm sehen, k\u00f6nnen leicht von der tats\u00e4chlichen Garnfarbe abweichen.<\/p>","protected":false},"excerpt":{"rendered":"<p>Zusammensetzung: 100% Polyamid<\/p>\n<p>Gewicht\/L\u00e4nge: 50 g = ca. 75 m.<\/p>\n<p>Empfohlene Nadelst\u00e4rke: 6-7 mm.<\/p>\n<p>Empfohlene Nadelst\u00e4rke: 6,5 mm.<\/p>","protected":false},"featured_media":3489,"comment_status":"open","ping_status":"closed","template":"","meta":[],"product_brand":[],"product_cat":[915,177,3313,178,324,173,174,175,255],"product_tag":[],"giftcard-category":[],"class_list":{"0":"post-3581","1":"product","2":"type-product","3":"status-publish","4":"has-post-thumbnail","6":"product_cat-dekoratyviniai-siulai","7":"product_cat-mezgimo-siulai","8":"product_cat-mink","9":"product_cat-nerimo-siulai","10":"product_cat-poliamidas","11":"product_cat-siulai","12":"product_cat-siulu-gamintojai","13":"product_cat-siulu-pluostai","14":"product_cat-yarnart","16":"first","17":"instock","18":"taxable","19":"shipping-taxable","20":"purchasable","21":"product-type-variable"},"_links":{"self":[{"href":"https:\/\/bitessiulai.lt\/de\/wp-json\/wp\/v2\/product\/3581","targetHints":{"allow":["GET"]}}],"collection":[{"href":"https:\/\/bitessiulai.lt\/de\/wp-json\/wp\/v2\/product"}],"about":[{"href":"https:\/\/bitessiulai.lt\/de\/wp-json\/wp\/v2\/types\/product"}],"replies":[{"embeddable":true,"href":"https:\/\/bitessiulai.lt\/de\/wp-json\/wp\/v2\/comments?post=3581"}],"version-history":[{"count":0,"href":"https:\/\/bitessiulai.lt\/de\/wp-json\/wp\/v2\/product\/3581\/revisions"}],"wp:featuredmedia":[{"embeddable":true,"href":"https:\/\/bitessiulai.lt\/de\/wp-json\/wp\/v2\/media\/3489"}],"wp:attachment":[{"href":"https:\/\/bitessiulai.lt\/de\/wp-json\/wp\/v2\/media?parent=3581"}],"wp:term":[{"taxonomy":"product_brand","embeddable":true,"href":"https:\/\/bitessiulai.lt\/de\/wp-json\/wp\/v2\/product_brand?post=3581"},{"taxonomy":"product_cat","embeddable":true,"href":"https:\/\/bitessiulai.lt\/de\/wp-json\/wp\/v2\/product_cat?post=3581"},{"taxonomy":"product_tag","embeddable":true,"href":"https:\/\/bitessiulai.lt\/de\/wp-json\/wp\/v2\/product_tag?post=3581"},{"taxonomy":"giftcard-category","embeddable":true,"href":"https:\/\/bitessiulai.lt\/de\/wp-json\/wp\/v2\/giftcard-category?post=3581"}],"curies":[{"name":"wp","href":"https:\/\/api.w.org\/{rel}","templated":true}]}}