{"id":25002,"date":"2026-04-04T10:31:03","date_gmt":"2026-04-04T07:31:03","guid":{"rendered":"https:\/\/bitessiulai.lt\/?post_type=product&#038;p=25002"},"modified":"2026-04-04T10:35:44","modified_gmt":"2026-04-04T07:35:44","slug":"yarnart-cotton-gold-paillettes","status":"publish","type":"product","link":"https:\/\/bitessiulai.lt\/de\/produkt\/yarnart-cotton-gold-paillettes\/","title":{"rendered":"YarnArt Cotton Gold Paillettes"},"content":{"rendered":"<p><strong>YarnArt Cotton Gold Paillettes\u00a0<\/strong>&#8211; medvilniniai si\u016blai su \u017evyneliais, pasi\u017eymintys mink\u0161ta tekst\u016bra. \u017dvyneliai suteikia prabangos ir blizg\u0117jimo. Tinka vasarin\u0117ms palaidin\u0117ms, megztiniams, \u0161ventiniams aksesuarams ir dekorui.<\/p>\n<p><img fetchpriority=\"high\" decoding=\"async\" class=\"alignnone size-medium wp-image-25009\" src=\"http:\/\/bitessiulai.lt\/wp-content\/uploads\/2026\/04\/Yarnart3894_COTTON_GOLD_PAILLETTES_WEB-1-300x300.jpg\" alt=\"\" width=\"300\" height=\"300\" srcset=\"https:\/\/bitessiulai.lt\/wp-content\/uploads\/2026\/04\/Yarnart3894_COTTON_GOLD_PAILLETTES_WEB-1-300x300.jpg 300w, https:\/\/bitessiulai.lt\/wp-content\/uploads\/2026\/04\/Yarnart3894_COTTON_GOLD_PAILLETTES_WEB-1-1024x1024.jpg 1024w, https:\/\/bitessiulai.lt\/wp-content\/uploads\/2026\/04\/Yarnart3894_COTTON_GOLD_PAILLETTES_WEB-1-150x150.jpg 150w, https:\/\/bitessiulai.lt\/wp-content\/uploads\/2026\/04\/Yarnart3894_COTTON_GOLD_PAILLETTES_WEB-1-768x768.jpg 768w, https:\/\/bitessiulai.lt\/wp-content\/uploads\/2026\/04\/Yarnart3894_COTTON_GOLD_PAILLETTES_WEB-1-1536x1536.jpg 1536w, https:\/\/bitessiulai.lt\/wp-content\/uploads\/2026\/04\/Yarnart3894_COTTON_GOLD_PAILLETTES_WEB-1-12x12.jpg 12w, https:\/\/bitessiulai.lt\/wp-content\/uploads\/2026\/04\/Yarnart3894_COTTON_GOLD_PAILLETTES_WEB-1-600x600.jpg 600w, https:\/\/bitessiulai.lt\/wp-content\/uploads\/2026\/04\/Yarnart3894_COTTON_GOLD_PAILLETTES_WEB-1.jpg 2000w\" sizes=\"(max-width: 300px) 100vw, 300px\" \/> <img decoding=\"async\" class=\"alignnone size-medium wp-image-25010\" src=\"http:\/\/bitessiulai.lt\/wp-content\/uploads\/2026\/04\/Yarnart3909_COTTON_GOLD_PAILLETTES_WEB-600x600-1-300x300.jpg\" alt=\"\" width=\"300\" height=\"300\" srcset=\"https:\/\/bitessiulai.lt\/wp-content\/uploads\/2026\/04\/Yarnart3909_COTTON_GOLD_PAILLETTES_WEB-600x600-1-300x300.jpg 300w, https:\/\/bitessiulai.lt\/wp-content\/uploads\/2026\/04\/Yarnart3909_COTTON_GOLD_PAILLETTES_WEB-600x600-1-150x150.jpg 150w, https:\/\/bitessiulai.lt\/wp-content\/uploads\/2026\/04\/Yarnart3909_COTTON_GOLD_PAILLETTES_WEB-600x600-1-12x12.jpg 12w, https:\/\/bitessiulai.lt\/wp-content\/uploads\/2026\/04\/Yarnart3909_COTTON_GOLD_PAILLETTES_WEB-600x600-1.jpg 600w\" sizes=\"(max-width: 300px) 100vw, 300px\" \/><\/p>\n<p>*Die Farben, die Sie auf Ihrem Bildschirm sehen, k\u00f6nnen leicht von der tats\u00e4chlichen Garnfarbe abweichen.<\/p>","protected":false},"excerpt":{"rendered":"<p>Sud\u0117tis: 82% Medviln\u0117, 18% Poliesteris (su \u017evyneliais)<\/p>\n<p>Gewicht\/L\u00e4nge: 50 g = ca. 140 m.<\/p>\n<p>Empfohlene Nadelst\u00e4rke: 4 mm.<\/p>\n<p>Empfohlene Hakengr\u00f6\u00dfe: 4 mm.<\/p>","protected":false},"featured_media":25004,"comment_status":"open","ping_status":"closed","template":"","meta":[],"product_brand":[],"product_cat":[173,4782,652,177,178,328,174,175,255,2418],"product_tag":[],"giftcard-category":[],"class_list":{"0":"post-25002","1":"product","2":"type-product","3":"status-publish","4":"has-post-thumbnail","6":"product_cat-siulai","7":"product_cat-cotton-gold-paillettes","8":"product_cat-medvilne","9":"product_cat-mezgimo-siulai","10":"product_cat-nerimo-siulai","11":"product_cat-poliesteris","12":"product_cat-siulu-gamintojai","13":"product_cat-siulu-pluostai","14":"product_cat-yarnart","15":"product_cat-zvyneliai","17":"first","18":"instock","19":"taxable","20":"shipping-taxable","21":"purchasable","22":"product-type-variable"},"_links":{"self":[{"href":"https:\/\/bitessiulai.lt\/de\/wp-json\/wp\/v2\/product\/25002","targetHints":{"allow":["GET"]}}],"collection":[{"href":"https:\/\/bitessiulai.lt\/de\/wp-json\/wp\/v2\/product"}],"about":[{"href":"https:\/\/bitessiulai.lt\/de\/wp-json\/wp\/v2\/types\/product"}],"replies":[{"embeddable":true,"href":"https:\/\/bitessiulai.lt\/de\/wp-json\/wp\/v2\/comments?post=25002"}],"version-history":[{"count":3,"href":"https:\/\/bitessiulai.lt\/de\/wp-json\/wp\/v2\/product\/25002\/revisions"}],"predecessor-version":[{"id":25033,"href":"https:\/\/bitessiulai.lt\/de\/wp-json\/wp\/v2\/product\/25002\/revisions\/25033"}],"wp:featuredmedia":[{"embeddable":true,"href":"https:\/\/bitessiulai.lt\/de\/wp-json\/wp\/v2\/media\/25004"}],"wp:attachment":[{"href":"https:\/\/bitessiulai.lt\/de\/wp-json\/wp\/v2\/media?parent=25002"}],"wp:term":[{"taxonomy":"product_brand","embeddable":true,"href":"https:\/\/bitessiulai.lt\/de\/wp-json\/wp\/v2\/product_brand?post=25002"},{"taxonomy":"product_cat","embeddable":true,"href":"https:\/\/bitessiulai.lt\/de\/wp-json\/wp\/v2\/product_cat?post=25002"},{"taxonomy":"product_tag","embeddable":true,"href":"https:\/\/bitessiulai.lt\/de\/wp-json\/wp\/v2\/product_tag?post=25002"},{"taxonomy":"giftcard-category","embeddable":true,"href":"https:\/\/bitessiulai.lt\/de\/wp-json\/wp\/v2\/giftcard-category?post=25002"}],"curies":[{"name":"wp","href":"https:\/\/api.w.org\/{rel}","templated":true}]}}