{"id":24504,"date":"2026-03-31T14:19:45","date_gmt":"2026-03-31T11:19:45","guid":{"rendered":"https:\/\/bitessiulai.lt\/?post_type=product&#038;p=24504"},"modified":"2026-05-12T23:20:44","modified_gmt":"2026-05-12T20:20:44","slug":"midara-sequin","status":"publish","type":"product","link":"https:\/\/bitessiulai.lt\/de\/produkt\/midara-sequin\/","title":{"rendered":"Midara Sequin"},"content":{"rendered":"<p><strong>Midara Sequin\u00a0<\/strong>&#8211; itin \u017eaismingi, blizgantys si\u016blai su \u012fkomponuotais \u017evyneliais. Puikiai tiks pagyvinti J\u016bs\u0173 projektus, labai lengva derinti su kitais si\u016blais.<\/p>\n<p>*Die Farben, die Sie auf Ihrem Bildschirm sehen, k\u00f6nnen leicht von der tats\u00e4chlichen Garnfarbe abweichen.<\/p>","protected":false},"excerpt":{"rendered":"<p>Sud\u0117tis: 100% Poliesteris (su \u017evyneliais)<\/p>\n<p>Svoris\/ilgis: 50 g.= ma\u017edaug 250 &#8211; 1350 m.<\/p>\n<p>Rekomenduojamas virbal\u0173 dydis: 2 &#8211; 3 mm.<\/p>\n<p>&nbsp;<\/p>","protected":false},"featured_media":24524,"comment_status":"open","ping_status":"closed","template":"","meta":[],"product_brand":[],"product_cat":[173,915,177,3096,328,4610,175,2418],"product_tag":[],"giftcard-category":[],"class_list":{"0":"post-24504","1":"product","2":"type-product","3":"status-publish","4":"has-post-thumbnail","6":"product_cat-siulai","7":"product_cat-dekoratyviniai-siulai","8":"product_cat-mezgimo-siulai","9":"product_cat-midara","10":"product_cat-poliesteris","11":"product_cat-sequin","12":"product_cat-siulu-pluostai","13":"product_cat-zvyneliai","15":"first","16":"instock","17":"taxable","18":"shipping-taxable","19":"purchasable","20":"product-type-variable"},"_links":{"self":[{"href":"https:\/\/bitessiulai.lt\/de\/wp-json\/wp\/v2\/product\/24504","targetHints":{"allow":["GET"]}}],"collection":[{"href":"https:\/\/bitessiulai.lt\/de\/wp-json\/wp\/v2\/product"}],"about":[{"href":"https:\/\/bitessiulai.lt\/de\/wp-json\/wp\/v2\/types\/product"}],"replies":[{"embeddable":true,"href":"https:\/\/bitessiulai.lt\/de\/wp-json\/wp\/v2\/comments?post=24504"}],"version-history":[{"count":1,"href":"https:\/\/bitessiulai.lt\/de\/wp-json\/wp\/v2\/product\/24504\/revisions"}],"predecessor-version":[{"id":24525,"href":"https:\/\/bitessiulai.lt\/de\/wp-json\/wp\/v2\/product\/24504\/revisions\/24525"}],"wp:featuredmedia":[{"embeddable":true,"href":"https:\/\/bitessiulai.lt\/de\/wp-json\/wp\/v2\/media\/24524"}],"wp:attachment":[{"href":"https:\/\/bitessiulai.lt\/de\/wp-json\/wp\/v2\/media?parent=24504"}],"wp:term":[{"taxonomy":"product_brand","embeddable":true,"href":"https:\/\/bitessiulai.lt\/de\/wp-json\/wp\/v2\/product_brand?post=24504"},{"taxonomy":"product_cat","embeddable":true,"href":"https:\/\/bitessiulai.lt\/de\/wp-json\/wp\/v2\/product_cat?post=24504"},{"taxonomy":"product_tag","embeddable":true,"href":"https:\/\/bitessiulai.lt\/de\/wp-json\/wp\/v2\/product_tag?post=24504"},{"taxonomy":"giftcard-category","embeddable":true,"href":"https:\/\/bitessiulai.lt\/de\/wp-json\/wp\/v2\/giftcard-category?post=24504"}],"curies":[{"name":"wp","href":"https:\/\/api.w.org\/{rel}","templated":true}]}}