{"id":23818,"date":"2026-03-12T15:13:12","date_gmt":"2026-03-12T13:13:12","guid":{"rendered":"https:\/\/bitessiulai.lt\/?post_type=product&#038;p=23818"},"modified":"2026-04-17T09:01:50","modified_gmt":"2026-04-17T06:01:50","slug":"prym-vilnos-sukos-2","status":"publish","type":"product","link":"https:\/\/bitessiulai.lt\/de\/produkt\/prym-vilnos-sukos-2\/","title":{"rendered":"Prym Wollkamm"},"content":{"rendered":"<p><span dir=\"auto\">\u0160ios\u00a0<\/span><strong><span dir=\"auto\">\u201ePrym<\/span><\/strong><span dir=\"auto\"><strong> vilnos \u0161ukos&#8221;<\/strong> pad\u0117s j\u016bs\u0173 vilnoniams drabu\u017eiams v\u0117l atrodyti kaip naujiems. \u0160ukos turi tvirt\u0105 plastikin\u0119 ranken\u0105, yra 7 cm plo\u010dio ir pagamintos i\u0161 vulkanizuoto metalo. \u0160ukomis perbraukdami audin\u012f, pa\u0161alinsite p\u016bkelius ir audinio pertekli\u0173.\u00a0<\/span><\/p>\n<p>&nbsp;<\/p>\n<p><img fetchpriority=\"high\" decoding=\"async\" class=\"alignnone size-medium wp-image-23821\" src=\"http:\/\/bitessiulai.lt\/wp-content\/uploads\/2026\/03\/611.971-1-300x300.webp\" alt=\"\" width=\"300\" height=\"300\" srcset=\"https:\/\/bitessiulai.lt\/wp-content\/uploads\/2026\/03\/611.971-1-300x300.webp 300w, https:\/\/bitessiulai.lt\/wp-content\/uploads\/2026\/03\/611.971-1-150x150.webp 150w, https:\/\/bitessiulai.lt\/wp-content\/uploads\/2026\/03\/611.971-1-12x12.webp 12w, https:\/\/bitessiulai.lt\/wp-content\/uploads\/2026\/03\/611.971-1-600x600.webp 600w, https:\/\/bitessiulai.lt\/wp-content\/uploads\/2026\/03\/611.971-1.webp 700w\" sizes=\"(max-width: 300px) 100vw, 300px\" \/><\/p>","protected":false},"excerpt":{"rendered":"<p>\u0160ios\u00a0\u201ePrym vilnos \u0161ukos&#8221; pad\u0117s j\u016bs\u0173 vilnoniams drabu\u017eiams v\u0117l atrodyti kaip naujiems. \u0160ukos turi tvirt\u0105 plastikin\u0119 ranken\u0105, yra 7 cm plo\u010dio ir pagamintos i\u0161 vulkanizuoto metalo. \u0160ukomis perbraukdami audin\u012f, pa\u0161alinsite p\u016bkelius ir audinio pertekli\u0173.\u00a0 &nbsp;<\/p>","protected":false},"featured_media":23819,"comment_status":"open","ping_status":"closed","template":"","meta":[],"product_brand":[],"product_cat":[203,192],"product_tag":[],"giftcard-category":[],"class_list":{"0":"post-23818","1":"product","2":"type-product","3":"status-publish","4":"has-post-thumbnail","6":"product_cat-mezginiu-prieziura","7":"product_cat-priedai-mezgimui","9":"first","10":"instock","11":"taxable","12":"shipping-taxable","13":"purchasable","14":"product-type-simple"},"_links":{"self":[{"href":"https:\/\/bitessiulai.lt\/de\/wp-json\/wp\/v2\/product\/23818","targetHints":{"allow":["GET"]}}],"collection":[{"href":"https:\/\/bitessiulai.lt\/de\/wp-json\/wp\/v2\/product"}],"about":[{"href":"https:\/\/bitessiulai.lt\/de\/wp-json\/wp\/v2\/types\/product"}],"replies":[{"embeddable":true,"href":"https:\/\/bitessiulai.lt\/de\/wp-json\/wp\/v2\/comments?post=23818"}],"version-history":[{"count":1,"href":"https:\/\/bitessiulai.lt\/de\/wp-json\/wp\/v2\/product\/23818\/revisions"}],"predecessor-version":[{"id":23822,"href":"https:\/\/bitessiulai.lt\/de\/wp-json\/wp\/v2\/product\/23818\/revisions\/23822"}],"wp:featuredmedia":[{"embeddable":true,"href":"https:\/\/bitessiulai.lt\/de\/wp-json\/wp\/v2\/media\/23819"}],"wp:attachment":[{"href":"https:\/\/bitessiulai.lt\/de\/wp-json\/wp\/v2\/media?parent=23818"}],"wp:term":[{"taxonomy":"product_brand","embeddable":true,"href":"https:\/\/bitessiulai.lt\/de\/wp-json\/wp\/v2\/product_brand?post=23818"},{"taxonomy":"product_cat","embeddable":true,"href":"https:\/\/bitessiulai.lt\/de\/wp-json\/wp\/v2\/product_cat?post=23818"},{"taxonomy":"product_tag","embeddable":true,"href":"https:\/\/bitessiulai.lt\/de\/wp-json\/wp\/v2\/product_tag?post=23818"},{"taxonomy":"giftcard-category","embeddable":true,"href":"https:\/\/bitessiulai.lt\/de\/wp-json\/wp\/v2\/giftcard-category?post=23818"}],"curies":[{"name":"wp","href":"https:\/\/api.w.org\/{rel}","templated":true}]}}