{"id":23094,"date":"2026-02-24T08:09:11","date_gmt":"2026-02-24T06:09:11","guid":{"rendered":"https:\/\/bitessiulai.lt\/?post_type=product&#038;p=23094"},"modified":"2026-04-10T12:14:30","modified_gmt":"2026-04-10T09:14:30","slug":"yarnart-intense-linen","status":"publish","type":"product","link":"https:\/\/bitessiulai.lt\/de\/produkt\/yarnart-intense-linen\/","title":{"rendered":"YarnArt Intense Linen"},"content":{"rendered":"<p>\u201e<strong>YarnArt Intense Linen<\/strong>\u201c \u2013 tai nat\u016braliai atrodantys, vasari\u0161ki si\u016blai su linu. Labai lengvi, malon\u016bs ir \u201ekv\u0117puojantys\u201c, tod\u0117l puikiai tinka \u0161iltesniam met\u0173 laikui. I\u0161 \u0161i\u0173 si\u016bl\u0173 pagaminti mezginiai ir n\u0117riniai pasi\u017eymi gra\u017eia, \u0161iek tiek strukt\u016brizuota tekst\u016bra. Puikus pasirinkimas vasariniams megztiniams, palaidin\u0117ms, vir\u0161utiniams drabu\u017eiams, \u0161alikams, taip pat nam\u0173 tekstilei ar aksesuarams. Linas u\u017etikrina nat\u016bralum\u0105 ir strukt\u016br\u0105, o viskoz\u0117 \u2013 mink\u0161tum\u0105, subtil\u0173 blizges\u012f. Platus spalv\u0173 pasirinkimas leis \u012fgyvendinti visus J\u016bs\u0173 norimus projektus.<\/p>\n<p>*Die Farben, die Sie auf Ihrem Bildschirm sehen, k\u00f6nnen leicht von der tats\u00e4chlichen Garnfarbe abweichen.<\/p>","protected":false},"excerpt":{"rendered":"<p>Sud\u0117tis: 55% viskoz\u0117, 45% linas<\/p>\n<p>Gewicht\/L\u00e4nge: 50 g = ca. 175 m.<\/p>\n<p>Empfohlene Nadelst\u00e4rke: 3 mm.<\/p>\n<p>Rekomenduojamas v\u0105\u0161elio dydis: 3 mm.<\/p>","protected":false},"featured_media":23095,"comment_status":"open","ping_status":"closed","template":"","meta":[],"product_brand":[],"product_cat":[173,4387,4299,177,178,174,175,337,255],"product_tag":[],"giftcard-category":[],"class_list":{"0":"post-23094","1":"product","2":"type-product","3":"status-publish","4":"has-post-thumbnail","6":"product_cat-siulai","7":"product_cat-intense-linen","8":"product_cat-linas","9":"product_cat-mezgimo-siulai","10":"product_cat-nerimo-siulai","11":"product_cat-siulu-gamintojai","12":"product_cat-siulu-pluostai","13":"product_cat-viskoze","14":"product_cat-yarnart","16":"first","17":"instock","18":"taxable","19":"shipping-taxable","20":"purchasable","21":"product-type-variable"},"_links":{"self":[{"href":"https:\/\/bitessiulai.lt\/de\/wp-json\/wp\/v2\/product\/23094","targetHints":{"allow":["GET"]}}],"collection":[{"href":"https:\/\/bitessiulai.lt\/de\/wp-json\/wp\/v2\/product"}],"about":[{"href":"https:\/\/bitessiulai.lt\/de\/wp-json\/wp\/v2\/types\/product"}],"replies":[{"embeddable":true,"href":"https:\/\/bitessiulai.lt\/de\/wp-json\/wp\/v2\/comments?post=23094"}],"version-history":[{"count":1,"href":"https:\/\/bitessiulai.lt\/de\/wp-json\/wp\/v2\/product\/23094\/revisions"}],"predecessor-version":[{"id":23136,"href":"https:\/\/bitessiulai.lt\/de\/wp-json\/wp\/v2\/product\/23094\/revisions\/23136"}],"wp:featuredmedia":[{"embeddable":true,"href":"https:\/\/bitessiulai.lt\/de\/wp-json\/wp\/v2\/media\/23095"}],"wp:attachment":[{"href":"https:\/\/bitessiulai.lt\/de\/wp-json\/wp\/v2\/media?parent=23094"}],"wp:term":[{"taxonomy":"product_brand","embeddable":true,"href":"https:\/\/bitessiulai.lt\/de\/wp-json\/wp\/v2\/product_brand?post=23094"},{"taxonomy":"product_cat","embeddable":true,"href":"https:\/\/bitessiulai.lt\/de\/wp-json\/wp\/v2\/product_cat?post=23094"},{"taxonomy":"product_tag","embeddable":true,"href":"https:\/\/bitessiulai.lt\/de\/wp-json\/wp\/v2\/product_tag?post=23094"},{"taxonomy":"giftcard-category","embeddable":true,"href":"https:\/\/bitessiulai.lt\/de\/wp-json\/wp\/v2\/giftcard-category?post=23094"}],"curies":[{"name":"wp","href":"https:\/\/api.w.org\/{rel}","templated":true}]}}