{"id":21688,"date":"2026-01-16T16:10:18","date_gmt":"2026-01-16T14:10:18","guid":{"rendered":"https:\/\/bitessiulai.lt\/?post_type=product&#038;p=21688"},"modified":"2026-01-23T09:30:44","modified_gmt":"2026-01-23T07:30:44","slug":"keramikinis-puodelis-400ml","status":"publish","type":"product","link":"https:\/\/bitessiulai.lt\/de\/produkt\/keramikinis-puodelis-400ml\/","title":{"rendered":"Keramikinis puodelis 400ml"},"content":{"rendered":"<h6>\u0160is nuostabus keramikinis puodelis 400ml tiks kiekvienai! Taip pat puiki id\u0117ja dovanai \ud83d\ude42 Puodelis pagamintas i\u0161 auk\u0161tos kokyb\u0117s keramikos ir papuo\u0161tas spalvingais siuvimo\/mezgimo priemoni\u0173 elementais.<\/h6>\n<p><strong>Gr\u00f6\u00dfe:<\/strong> 400ml<\/p>\n<p><strong>Material:<\/strong> Keramik<\/p>\n<ul>\n<li>Die Farben, die Sie auf Ihrem Bildschirm sehen, und die tats\u00e4chliche Farbe der Artikel k\u00f6nnen leicht abweichen.<\/li>\n<\/ul>\n<p>&nbsp;<\/p>\n<p><img fetchpriority=\"high\" decoding=\"async\" class=\"alignnone size-medium wp-image-21691\" src=\"http:\/\/bitessiulai.lt\/wp-content\/uploads\/2026\/01\/ST241890-3-300x300.webp\" alt=\"\" width=\"300\" height=\"300\" srcset=\"https:\/\/bitessiulai.lt\/wp-content\/uploads\/2026\/01\/ST241890-3-300x300.webp 300w, https:\/\/bitessiulai.lt\/wp-content\/uploads\/2026\/01\/ST241890-3-150x150.webp 150w, https:\/\/bitessiulai.lt\/wp-content\/uploads\/2026\/01\/ST241890-3-768x768.webp 768w, https:\/\/bitessiulai.lt\/wp-content\/uploads\/2026\/01\/ST241890-3-12x12.webp 12w, https:\/\/bitessiulai.lt\/wp-content\/uploads\/2026\/01\/ST241890-3-600x600.webp 600w, https:\/\/bitessiulai.lt\/wp-content\/uploads\/2026\/01\/ST241890-3-96x96.webp 96w, https:\/\/bitessiulai.lt\/wp-content\/uploads\/2026\/01\/ST241890-3.webp 1000w\" sizes=\"(max-width: 300px) 100vw, 300px\" \/> <img decoding=\"async\" class=\"alignnone size-medium wp-image-21692\" src=\"http:\/\/bitessiulai.lt\/wp-content\/uploads\/2026\/01\/ST24189-1-4-300x300.webp\" alt=\"\" width=\"300\" height=\"300\" srcset=\"https:\/\/bitessiulai.lt\/wp-content\/uploads\/2026\/01\/ST24189-1-4-300x300.webp 300w, https:\/\/bitessiulai.lt\/wp-content\/uploads\/2026\/01\/ST24189-1-4-150x150.webp 150w, https:\/\/bitessiulai.lt\/wp-content\/uploads\/2026\/01\/ST24189-1-4-768x768.webp 768w, https:\/\/bitessiulai.lt\/wp-content\/uploads\/2026\/01\/ST24189-1-4-12x12.webp 12w, https:\/\/bitessiulai.lt\/wp-content\/uploads\/2026\/01\/ST24189-1-4-600x600.webp 600w, https:\/\/bitessiulai.lt\/wp-content\/uploads\/2026\/01\/ST24189-1-4-96x96.webp 96w, https:\/\/bitessiulai.lt\/wp-content\/uploads\/2026\/01\/ST24189-1-4.webp 1000w\" sizes=\"(max-width: 300px) 100vw, 300px\" \/> <img decoding=\"async\" class=\"alignnone size-medium wp-image-21693\" src=\"http:\/\/bitessiulai.lt\/wp-content\/uploads\/2026\/01\/ST24189-1-3-300x300.webp\" alt=\"\" width=\"300\" height=\"300\" srcset=\"https:\/\/bitessiulai.lt\/wp-content\/uploads\/2026\/01\/ST24189-1-3-300x300.webp 300w, https:\/\/bitessiulai.lt\/wp-content\/uploads\/2026\/01\/ST24189-1-3-150x150.webp 150w, https:\/\/bitessiulai.lt\/wp-content\/uploads\/2026\/01\/ST24189-1-3-768x768.webp 768w, https:\/\/bitessiulai.lt\/wp-content\/uploads\/2026\/01\/ST24189-1-3-12x12.webp 12w, https:\/\/bitessiulai.lt\/wp-content\/uploads\/2026\/01\/ST24189-1-3-600x600.webp 600w, https:\/\/bitessiulai.lt\/wp-content\/uploads\/2026\/01\/ST24189-1-3-96x96.webp 96w, https:\/\/bitessiulai.lt\/wp-content\/uploads\/2026\/01\/ST24189-1-3.webp 1000w\" sizes=\"(max-width: 300px) 100vw, 300px\" \/><\/p>","protected":false},"excerpt":{"rendered":"<p>\u0160is nuostabus keramikinis puodelis 400ml tiks kiekvienai! Taip pat puiki id\u0117ja dovanai \ud83d\ude42 Puodelis pagamintas i\u0161 auk\u0161tos kokyb\u0117s keramikos ir papuo\u0161tas spalvingais siuvimo\/mezgimo priemoni\u0173 elementais. Dydis: 400ml Med\u017eiaga: keramika Ekrane matomos spalvos ir tikroji preki\u0173 spalva gali \u0161iek tiek skirtis &nbsp;<\/p>","protected":false},"featured_media":21689,"comment_status":"open","ping_status":"closed","template":"","meta":[],"product_brand":[],"product_cat":[916,192],"product_tag":[],"giftcard-category":[],"class_list":{"0":"post-21688","1":"product","2":"type-product","3":"status-publish","4":"has-post-thumbnail","6":"product_cat-kitos-priemones","7":"product_cat-priedai-mezgimui","9":"first","10":"instock","11":"taxable","12":"shipping-taxable","13":"purchasable","14":"product-type-simple"},"_links":{"self":[{"href":"https:\/\/bitessiulai.lt\/de\/wp-json\/wp\/v2\/product\/21688","targetHints":{"allow":["GET"]}}],"collection":[{"href":"https:\/\/bitessiulai.lt\/de\/wp-json\/wp\/v2\/product"}],"about":[{"href":"https:\/\/bitessiulai.lt\/de\/wp-json\/wp\/v2\/types\/product"}],"replies":[{"embeddable":true,"href":"https:\/\/bitessiulai.lt\/de\/wp-json\/wp\/v2\/comments?post=21688"}],"version-history":[{"count":4,"href":"https:\/\/bitessiulai.lt\/de\/wp-json\/wp\/v2\/product\/21688\/revisions"}],"predecessor-version":[{"id":22049,"href":"https:\/\/bitessiulai.lt\/de\/wp-json\/wp\/v2\/product\/21688\/revisions\/22049"}],"wp:featuredmedia":[{"embeddable":true,"href":"https:\/\/bitessiulai.lt\/de\/wp-json\/wp\/v2\/media\/21689"}],"wp:attachment":[{"href":"https:\/\/bitessiulai.lt\/de\/wp-json\/wp\/v2\/media?parent=21688"}],"wp:term":[{"taxonomy":"product_brand","embeddable":true,"href":"https:\/\/bitessiulai.lt\/de\/wp-json\/wp\/v2\/product_brand?post=21688"},{"taxonomy":"product_cat","embeddable":true,"href":"https:\/\/bitessiulai.lt\/de\/wp-json\/wp\/v2\/product_cat?post=21688"},{"taxonomy":"product_tag","embeddable":true,"href":"https:\/\/bitessiulai.lt\/de\/wp-json\/wp\/v2\/product_tag?post=21688"},{"taxonomy":"giftcard-category","embeddable":true,"href":"https:\/\/bitessiulai.lt\/de\/wp-json\/wp\/v2\/giftcard-category?post=21688"}],"curies":[{"name":"wp","href":"https:\/\/api.w.org\/{rel}","templated":true}]}}