{"id":21002,"date":"2025-12-19T17:20:27","date_gmt":"2025-12-19T15:20:27","guid":{"rendered":"https:\/\/bitessiulai.lt\/?post_type=product&#038;p=21002"},"modified":"2026-02-02T13:31:31","modified_gmt":"2026-02-02T11:31:31","slug":"addi-stich-sock-akiu-zymekliai-10vnt","status":"publish","type":"product","link":"https:\/\/bitessiulai.lt\/de\/produkt\/addi-stich-sock-akiu-zymekliai-10vnt\/","title":{"rendered":"Addi Stich sock aki\u0173 \u017eymekliai 10vnt"},"content":{"rendered":"<p>\u0160ie \u017eavingi raudon\u0173 kojini\u0173 formos \u201eAddi\u201c \u017eymekliai yra b\u016btinas j\u016bs\u0173 mezgimo reikmen\u0173 papildymas! Addi Stich sock aki\u0173 \u017eymekliai 10vnt., kurie puikiai tinka bet kokiam mezgimo ar n\u0117rimo projektui.<\/p>","protected":false},"excerpt":{"rendered":"<p>\u0160ie \u017eavingi raudon\u0173 kojini\u0173 formos \u201eAddi\u201c \u017eymekliai yra b\u016btinas j\u016bs\u0173 mezgimo reikmen\u0173 papildymas! Addi Stich sock aki\u0173 \u017eymekliai 10vnt., kurie puikiai tinka bet kokiam mezgimo ar n\u0117rimo projektui.<\/p>","protected":false},"featured_media":21003,"comment_status":"open","ping_status":"closed","template":"","meta":[],"product_brand":[],"product_cat":[192,194],"product_tag":[],"giftcard-category":[],"class_list":{"0":"post-21002","1":"product","2":"type-product","3":"status-publish","4":"has-post-thumbnail","6":"product_cat-priedai-mezgimui","7":"product_cat-akiu-zymekliai","9":"first","10":"instock","11":"taxable","12":"shipping-taxable","13":"purchasable","14":"product-type-simple"},"_links":{"self":[{"href":"https:\/\/bitessiulai.lt\/de\/wp-json\/wp\/v2\/product\/21002","targetHints":{"allow":["GET"]}}],"collection":[{"href":"https:\/\/bitessiulai.lt\/de\/wp-json\/wp\/v2\/product"}],"about":[{"href":"https:\/\/bitessiulai.lt\/de\/wp-json\/wp\/v2\/types\/product"}],"replies":[{"embeddable":true,"href":"https:\/\/bitessiulai.lt\/de\/wp-json\/wp\/v2\/comments?post=21002"}],"version-history":[{"count":1,"href":"https:\/\/bitessiulai.lt\/de\/wp-json\/wp\/v2\/product\/21002\/revisions"}],"predecessor-version":[{"id":21004,"href":"https:\/\/bitessiulai.lt\/de\/wp-json\/wp\/v2\/product\/21002\/revisions\/21004"}],"wp:featuredmedia":[{"embeddable":true,"href":"https:\/\/bitessiulai.lt\/de\/wp-json\/wp\/v2\/media\/21003"}],"wp:attachment":[{"href":"https:\/\/bitessiulai.lt\/de\/wp-json\/wp\/v2\/media?parent=21002"}],"wp:term":[{"taxonomy":"product_brand","embeddable":true,"href":"https:\/\/bitessiulai.lt\/de\/wp-json\/wp\/v2\/product_brand?post=21002"},{"taxonomy":"product_cat","embeddable":true,"href":"https:\/\/bitessiulai.lt\/de\/wp-json\/wp\/v2\/product_cat?post=21002"},{"taxonomy":"product_tag","embeddable":true,"href":"https:\/\/bitessiulai.lt\/de\/wp-json\/wp\/v2\/product_tag?post=21002"},{"taxonomy":"giftcard-category","embeddable":true,"href":"https:\/\/bitessiulai.lt\/de\/wp-json\/wp\/v2\/giftcard-category?post=21002"}],"curies":[{"name":"wp","href":"https:\/\/api.w.org\/{rel}","templated":true}]}}