{"id":20831,"date":"2025-12-19T09:31:08","date_gmt":"2025-12-19T07:31:08","guid":{"rendered":"https:\/\/bitessiulai.lt\/?post_type=product&#038;p=20831"},"modified":"2025-12-19T09:31:09","modified_gmt":"2025-12-19T07:31:09","slug":"knitpro-dreamz-regal-13cm-keiciamu-virbalu-rinkinys","status":"publish","type":"product","link":"https:\/\/bitessiulai.lt\/de\/produkt\/knitpro-dreamz-regal-13cm-keiciamu-virbalu-rinkinys\/","title":{"rendered":"KnitPro Dreamz Regal 13cm kei\u010diam\u0173 virbal\u0173 rinkinys"},"content":{"rendered":"<p><b><span dir=\"auto\">\u201eKnitPro Dreamz Regal 13cm kei\u010diam\u0173 virbal\u0173 rinkinys\u201c<\/span><\/b><span dir=\"auto\"> \u2013 tai gra\u017ei mezgimo virbal\u0173 serija, pagaminta i\u0161 ber\u017eo medienos, da\u017eyta ry\u0161kiomis, \u012fsp\u016bdingomis spalvomis. Nat\u016brali med\u017eiaga maloniai \u0161velni ir \u0161ilta rankose, lengva ir i\u0161skirtinai tvirta.<\/span><\/p>\n<p><span dir=\"auto\">\u0160is universalus kei\u010diam\u0173 \u201eKnitPro Dreamz Regal\u201c virbal\u0173 rinkinys tinka vis\u0173 r\u016b\u0161i\u0173 projektams. Virbal\u0173 galiukai palaipsniui siaur\u0117ja, tod\u0117l kiekviename projekte u\u017etikrinamas gra\u017eus dygsnio tikslumas. Be to, galiukai leid\u017eia megzti nepertraukiant si\u016bl\u0173. Virbalai tinka vis\u0173 tip\u0173 si\u016blams. Novatori\u0161kai suprojektuotas sujungimo ta\u0161kas u\u017etikrina skland\u0173 per\u0117jim\u0105 tarp mezgimo ta\u0161ko ir valo, kad si\u016blas neu\u017ekli\u016bt\u0173. \u0160io rinkinio kei\u010diami \u201eKnitPro Dreamz\u201c mezgimo galiukai yra 13 cm ilgio. Virbal\u0173 dydis ai\u0161kiai pa\u017eym\u0117tas ant virbal\u0173 galiuk\u0173, o kiekvienas virbal\u0173 dydis turi savo spalv\u0105, tod\u0117l juos lengva atpa\u017einti. Ner\u016bdijan\u010dio plieno virvel\u0117s padengtos nailono sluoksniu. D\u0117l to virvel\u0117 tvirta, ta\u010diau vis tiek lengvai slysta per akis. \u201eSwivel 360\u00b0\u201c sistema leid\u017eia virbal\u0173 galiukams laisvai suktis, o tai neleid\u017eia valui susisukti ar susisukti mezgimo metu. Val\u0173 galuose yra skyl\u0117 valo raktui, kuris pritvirtina virbalo galiuk\u0105 prie valo. Skyl\u0117s taip pat naudingos norint \u012fki\u0161ti gelb\u0117jimo virv\u0119 \u012f mezgin\u012f, saugiai i\u0161imti darb\u0105 arba surinkti i\u0161kritusius akis.<\/span><\/p>\n<p><strong><span dir=\"auto\"> \u201eKnitPro Dreamz\u201c kei\u010diam\u0173 virbal\u0173 rinkin\u012f \u201eRegal\u201c sudaro \u0161ie elementai:<\/span><\/strong><\/p>\n<ul>\n<li><strong><span dir=\"auto\">11 por\u0173 kei\u010diam\u0173 virbal\u0173 antgali\u0173, 13 cm ilgio, 3,00, 3,25, 3,50, 3,75, 4,00, 4,50, 5,00, 5,50, 6,00, 6,50 ir 8,00 mm dyd\u017ei\u0173<\/span><\/strong><\/li>\n<li><strong><span dir=\"auto\">5 x juodi valai: 2 x 60 cm, 2 x 80 cm ir 1 x 100 cm bendras ilgis, \u012fskaitant virbal\u0173 antgalius<\/span><\/strong><\/li>\n<li><strong><span dir=\"auto\">8 x juodi galiniai kam\u0161\u010diai<\/span><\/strong><\/li>\n<li><strong><span dir=\"auto\">4 x Leitungstasten<\/span><\/strong><\/li>\n<li><strong><span dir=\"auto\">1 x Schere<\/span><\/strong><\/li>\n<li><strong><span dir=\"auto\">1 x Ma\u00dfband<\/span><\/strong><\/li>\n<li><strong><span dir=\"auto\">2 x Wollnadeln<\/span><\/strong><\/li>\n<li><strong><span dir=\"auto\">10 verschlie\u00dfbare Maschenmarkierer<\/span><\/strong><\/li>\n<li><strong><span dir=\"auto\">10 kreisf\u00f6rmige Maschenmarkierer<\/span><\/strong><\/li>\n<\/ul>\n<p><span dir=\"auto\">Visas komplektas supakuotas gra\u017eiame bordo spalvos audinio mai\u0161elyje su u\u017etrauktuku.\u00a0<\/span><\/p>\n<p><img fetchpriority=\"high\" decoding=\"async\" class=\"alignnone size-medium wp-image-20835\" src=\"http:\/\/bitessiulai.lt\/wp-content\/uploads\/2025\/12\/k200638-4-300x300.webp\" alt=\"\" width=\"300\" height=\"300\" srcset=\"https:\/\/bitessiulai.lt\/wp-content\/uploads\/2025\/12\/k200638-4-300x300.webp 300w, https:\/\/bitessiulai.lt\/wp-content\/uploads\/2025\/12\/k200638-4-150x150.webp 150w, https:\/\/bitessiulai.lt\/wp-content\/uploads\/2025\/12\/k200638-4-12x12.webp 12w, https:\/\/bitessiulai.lt\/wp-content\/uploads\/2025\/12\/k200638-4-96x96.webp 96w, https:\/\/bitessiulai.lt\/wp-content\/uploads\/2025\/12\/k200638-4.webp 583w\" sizes=\"(max-width: 300px) 100vw, 300px\" \/> <img decoding=\"async\" class=\"alignnone size-medium wp-image-20836\" src=\"http:\/\/bitessiulai.lt\/wp-content\/uploads\/2025\/12\/k200638-3-300x300.webp\" alt=\"\" width=\"300\" height=\"300\" srcset=\"https:\/\/bitessiulai.lt\/wp-content\/uploads\/2025\/12\/k200638-3-300x300.webp 300w, https:\/\/bitessiulai.lt\/wp-content\/uploads\/2025\/12\/k200638-3-150x150.webp 150w, https:\/\/bitessiulai.lt\/wp-content\/uploads\/2025\/12\/k200638-3-12x12.webp 12w, https:\/\/bitessiulai.lt\/wp-content\/uploads\/2025\/12\/k200638-3-96x96.webp 96w, https:\/\/bitessiulai.lt\/wp-content\/uploads\/2025\/12\/k200638-3.webp 583w\" sizes=\"(max-width: 300px) 100vw, 300px\" \/><\/p>\n<p>&nbsp;<\/p>","protected":false},"excerpt":{"rendered":"<p>\u201eKnitPro Dreamz Regal 13cm kei\u010diam\u0173 virbal\u0173 rinkinys\u201c \u2013 tai gra\u017ei mezgimo virbal\u0173 serija, pagaminta i\u0161 ber\u017eo medienos, da\u017eyta ry\u0161kiomis, \u012fsp\u016bdingomis spalvomis. Nat\u016brali med\u017eiaga maloniai \u0161velni ir \u0161ilta rankose, lengva ir i\u0161skirtinai tvirta. \u0160is universalus kei\u010diam\u0173 \u201eKnitPro Dreamz Regal\u201c virbal\u0173 rinkinys tinka vis\u0173 r\u016b\u0161i\u0173 projektams. Virbal\u0173 galiukai palaipsniui siaur\u0117ja, tod\u0117l kiekviename projekte u\u017etikrinamas gra\u017eus dygsnio tikslumas. Be to, galiukai leid\u017eia megzti nepertraukiant si\u016bl\u0173. Virbalai tinka vis\u0173 tip\u0173 si\u016blams. Novatori\u0161kai suprojektuotas sujungimo ta\u0161kas u\u017etikrina skland\u0173 per\u0117jim\u0105 tarp mezgimo ta\u0161ko ir valo, kad si\u016blas neu\u017ekli\u016bt\u0173. \u0160io rinkinio kei\u010diami \u201eKnitPro Dreamz\u201c mezgimo galiukai yra 13 cm ilgio. Virbal\u0173 dydis ai\u0161kiai pa\u017eym\u0117tas ant virbal\u0173 galiuk\u0173, o kiekvienas virbal\u0173 dydis turi savo spalv\u0105, tod\u0117l juos lengva atpa\u017einti. Ner\u016bdijan\u010dio plieno virvel\u0117s padengtos nailono sluoksniu. D\u0117l to virvel\u0117 tvirta, ta\u010diau vis tiek lengvai slysta per akis. \u201eSwivel 360\u00b0\u201c sistema leid\u017eia virbal\u0173 galiukams laisvai suktis, o tai neleid\u017eia valui susisukti ar susisukti mezgimo metu. Val\u0173 galuose yra skyl\u0117 valo raktui, kuris pritvirtina virbalo galiuk\u0105 prie valo. Skyl\u0117s taip pat naudingos norint \u012fki\u0161ti gelb\u0117jimo virv\u0119 \u012f mezgin\u012f, saugiai i\u0161imti darb\u0105 arba surinkti i\u0161kritusius akis. \u201eKnitPro Dreamz\u201c kei\u010diam\u0173 virbal\u0173 rinkin\u012f \u201eRegal\u201c sudaro \u0161ie elementai: 11 por\u0173 kei\u010diam\u0173 virbal\u0173 antgali\u0173, 13 cm ilgio, 3,00, 3,25, 3,50, 3,75, 4,00, 4,50, 5,00, 5,50, 6,00, 6,50 ir 8,00 mm dyd\u017ei\u0173 5 x juodi valai: 2 x 60 cm, 2 x 80 cm ir 1 x 100 cm bendras ilgis, \u012fskaitant virbal\u0173 antgalius 8 x juodi galiniai kam\u0161\u010diai 4 x valo raktai 1 x \u017eirkl\u0117s 1 x matavimo juosta 2 x vilnon\u0117s adatos 10 u\u017erakinam\u0173 dygsni\u0173 \u017eymekli\u0173 10 \u017eiedini\u0173 dygsni\u0173 \u017eymekli\u0173 Visas komplektas supakuotas gra\u017eiame bordo spalvos audinio mai\u0161elyje su u\u017etrauktuku.\u00a0 &nbsp;<\/p>","protected":false},"featured_media":20833,"comment_status":"open","ping_status":"closed","template":"","meta":[],"product_brand":[],"product_cat":[2440,2123,181],"product_tag":[],"giftcard-category":[],"class_list":{"0":"post-20831","1":"product","2":"type-product","3":"status-publish","4":"has-post-thumbnail","6":"product_cat-knitpro","7":"product_cat-mezgimo-priemoniu-gamintojai","8":"product_cat-virbalu-rinkiniai","10":"first","11":"instock","12":"taxable","13":"shipping-taxable","14":"purchasable","15":"product-type-simple"},"_links":{"self":[{"href":"https:\/\/bitessiulai.lt\/de\/wp-json\/wp\/v2\/product\/20831","targetHints":{"allow":["GET"]}}],"collection":[{"href":"https:\/\/bitessiulai.lt\/de\/wp-json\/wp\/v2\/product"}],"about":[{"href":"https:\/\/bitessiulai.lt\/de\/wp-json\/wp\/v2\/types\/product"}],"replies":[{"embeddable":true,"href":"https:\/\/bitessiulai.lt\/de\/wp-json\/wp\/v2\/comments?post=20831"}],"version-history":[{"count":3,"href":"https:\/\/bitessiulai.lt\/de\/wp-json\/wp\/v2\/product\/20831\/revisions"}],"predecessor-version":[{"id":20855,"href":"https:\/\/bitessiulai.lt\/de\/wp-json\/wp\/v2\/product\/20831\/revisions\/20855"}],"wp:featuredmedia":[{"embeddable":true,"href":"https:\/\/bitessiulai.lt\/de\/wp-json\/wp\/v2\/media\/20833"}],"wp:attachment":[{"href":"https:\/\/bitessiulai.lt\/de\/wp-json\/wp\/v2\/media?parent=20831"}],"wp:term":[{"taxonomy":"product_brand","embeddable":true,"href":"https:\/\/bitessiulai.lt\/de\/wp-json\/wp\/v2\/product_brand?post=20831"},{"taxonomy":"product_cat","embeddable":true,"href":"https:\/\/bitessiulai.lt\/de\/wp-json\/wp\/v2\/product_cat?post=20831"},{"taxonomy":"product_tag","embeddable":true,"href":"https:\/\/bitessiulai.lt\/de\/wp-json\/wp\/v2\/product_tag?post=20831"},{"taxonomy":"giftcard-category","embeddable":true,"href":"https:\/\/bitessiulai.lt\/de\/wp-json\/wp\/v2\/giftcard-category?post=20831"}],"curies":[{"name":"wp","href":"https:\/\/api.w.org\/{rel}","templated":true}]}}