{"id":20630,"date":"2025-12-11T15:49:47","date_gmt":"2025-12-11T13:49:47","guid":{"rendered":"https:\/\/bitessiulai.lt\/?post_type=product&#038;p=20630"},"modified":"2026-04-07T19:57:36","modified_gmt":"2026-04-07T16:57:36","slug":"phildar-siberia","status":"publish","type":"product","link":"https:\/\/bitessiulai.lt\/de\/produkt\/phildar-siberia\/","title":{"rendered":"Phildar Siberia"},"content":{"rendered":"<p><strong>Phildar Siberia<\/strong> &#8211; kailiniai si\u016blai, kurie J\u016bs\u0173 projektams suteiks \u0161ilumos ir jaukumo. \u00a0Si\u016blai, kurie atrodo itin prabangiai\u00a0 ir yra be galo malon\u016bs prisilietimui. Jie i\u0161 100 % poliesterio, tod\u0117l itin \u0161veln\u016bs, pur\u016bs ir puikiai tinka visiems, kurie nem\u0117gsta vilnos ar yra jai jautr\u016bs. Pats kailiukas ilgas, \u0161iek tiek banguotas, turi \u0161velnaus \u0161vyt\u0117jimo.<\/p>\n<p>Sukurkite i\u0161skirtinius rudens\/\u017eiemos projektus, tokius kaip \u0161alikas, liemen\u0117 ar \u0161varkelis.<\/p>\n<ul>\n<li>\u0160alikui 3vnt.<\/li>\n<li>Liemenei 34\/36 dyd\u017eiui &#8211; 6vnt. , 38\/40 dyd\u017eiui &#8211; 7 vnt.<\/li>\n<li>\u0160varkeliui 34\/36 dyd\u017eiui &#8211; 16vnt. , 38\/40 dyd\u017eiui &#8211; 17 vnt.<\/li>\n<\/ul>\n<p><img fetchpriority=\"high\" decoding=\"async\" class=\"alignnone size-medium wp-image-20631\" src=\"http:\/\/bitessiulai.lt\/wp-content\/uploads\/2025\/12\/KT25-334_2333_S1-242x300.jpg\" alt=\"\" width=\"242\" height=\"300\" srcset=\"https:\/\/bitessiulai.lt\/wp-content\/uploads\/2025\/12\/KT25-334_2333_S1-242x300.jpg 242w, https:\/\/bitessiulai.lt\/wp-content\/uploads\/2025\/12\/KT25-334_2333_S1-826x1024.jpg 826w, https:\/\/bitessiulai.lt\/wp-content\/uploads\/2025\/12\/KT25-334_2333_S1-768x952.jpg 768w, https:\/\/bitessiulai.lt\/wp-content\/uploads\/2025\/12\/KT25-334_2333_S1-10x12.jpg 10w, https:\/\/bitessiulai.lt\/wp-content\/uploads\/2025\/12\/KT25-334_2333_S1-600x744.jpg 600w, https:\/\/bitessiulai.lt\/wp-content\/uploads\/2025\/12\/KT25-334_2333_S1-121x150.jpg 121w, https:\/\/bitessiulai.lt\/wp-content\/uploads\/2025\/12\/KT25-334_2333_S1.jpg 1200w\" sizes=\"(max-width: 242px) 100vw, 242px\" \/> <img decoding=\"async\" class=\"alignnone size-medium wp-image-20632\" src=\"http:\/\/bitessiulai.lt\/wp-content\/uploads\/2025\/12\/062400_1314_S1-242x300.jpg\" alt=\"\" width=\"242\" height=\"300\" srcset=\"https:\/\/bitessiulai.lt\/wp-content\/uploads\/2025\/12\/062400_1314_S1-242x300.jpg 242w, https:\/\/bitessiulai.lt\/wp-content\/uploads\/2025\/12\/062400_1314_S1-826x1024.jpg 826w, https:\/\/bitessiulai.lt\/wp-content\/uploads\/2025\/12\/062400_1314_S1-768x952.jpg 768w, https:\/\/bitessiulai.lt\/wp-content\/uploads\/2025\/12\/062400_1314_S1-10x12.jpg 10w, https:\/\/bitessiulai.lt\/wp-content\/uploads\/2025\/12\/062400_1314_S1-600x744.jpg 600w, https:\/\/bitessiulai.lt\/wp-content\/uploads\/2025\/12\/062400_1314_S1-121x150.jpg 121w, https:\/\/bitessiulai.lt\/wp-content\/uploads\/2025\/12\/062400_1314_S1.jpg 1200w\" sizes=\"(max-width: 242px) 100vw, 242px\" \/> <img decoding=\"async\" class=\"alignnone size-medium wp-image-20633\" src=\"http:\/\/bitessiulai.lt\/wp-content\/uploads\/2025\/12\/062312_2359_S1-242x300.jpg\" alt=\"\" width=\"242\" height=\"300\" srcset=\"https:\/\/bitessiulai.lt\/wp-content\/uploads\/2025\/12\/062312_2359_S1-242x300.jpg 242w, https:\/\/bitessiulai.lt\/wp-content\/uploads\/2025\/12\/062312_2359_S1-826x1024.jpg 826w, https:\/\/bitessiulai.lt\/wp-content\/uploads\/2025\/12\/062312_2359_S1-768x952.jpg 768w, https:\/\/bitessiulai.lt\/wp-content\/uploads\/2025\/12\/062312_2359_S1-10x12.jpg 10w, https:\/\/bitessiulai.lt\/wp-content\/uploads\/2025\/12\/062312_2359_S1-600x744.jpg 600w, https:\/\/bitessiulai.lt\/wp-content\/uploads\/2025\/12\/062312_2359_S1-121x150.jpg 121w, https:\/\/bitessiulai.lt\/wp-content\/uploads\/2025\/12\/062312_2359_S1.jpg 1200w\" sizes=\"(max-width: 242px) 100vw, 242px\" \/> <img loading=\"lazy\" decoding=\"async\" class=\"alignnone size-medium wp-image-20634\" src=\"http:\/\/bitessiulai.lt\/wp-content\/uploads\/2025\/12\/062322_2359_S1-242x300.jpg\" alt=\"\" width=\"242\" height=\"300\" srcset=\"https:\/\/bitessiulai.lt\/wp-content\/uploads\/2025\/12\/062322_2359_S1-242x300.jpg 242w, https:\/\/bitessiulai.lt\/wp-content\/uploads\/2025\/12\/062322_2359_S1-826x1024.jpg 826w, https:\/\/bitessiulai.lt\/wp-content\/uploads\/2025\/12\/062322_2359_S1-768x952.jpg 768w, https:\/\/bitessiulai.lt\/wp-content\/uploads\/2025\/12\/062322_2359_S1-10x12.jpg 10w, https:\/\/bitessiulai.lt\/wp-content\/uploads\/2025\/12\/062322_2359_S1-600x744.jpg 600w, https:\/\/bitessiulai.lt\/wp-content\/uploads\/2025\/12\/062322_2359_S1-121x150.jpg 121w, https:\/\/bitessiulai.lt\/wp-content\/uploads\/2025\/12\/062322_2359_S1.jpg 1200w\" sizes=\"(max-width: 242px) 100vw, 242px\" \/><\/p>\n<p>*Die Farben, die Sie auf Ihrem Bildschirm sehen, k\u00f6nnen leicht von der tats\u00e4chlichen Garnfarbe abweichen.<\/p>","protected":false},"excerpt":{"rendered":"<p>Zusammensetzung: 100% Polyester<\/p>\n<p>Svoris\/ilgis: 100 g.= ma\u017edaug 25 m.<\/p>\n<p>Empfohlene Stricknadelgr\u00f6\u00dfe: 10 mm.<\/p>","protected":false},"featured_media":20627,"comment_status":"open","ping_status":"closed","template":"","meta":[],"product_brand":[],"product_cat":[173,217,177,3718,4064,328,4082,175],"product_tag":[],"giftcard-category":[],"class_list":{"0":"post-20630","1":"product","2":"type-product","3":"status-publish","4":"has-post-thumbnail","6":"product_cat-siulai","7":"product_cat-isparduotuve","8":"product_cat-mezgimo-siulai","9":"product_cat-naujienos","10":"product_cat-phildar","11":"product_cat-poliesteris","12":"product_cat-siberia","13":"product_cat-siulu-pluostai","15":"first","16":"instock","17":"sale","18":"taxable","19":"shipping-taxable","20":"purchasable","21":"product-type-variable"},"_links":{"self":[{"href":"https:\/\/bitessiulai.lt\/de\/wp-json\/wp\/v2\/product\/20630","targetHints":{"allow":["GET"]}}],"collection":[{"href":"https:\/\/bitessiulai.lt\/de\/wp-json\/wp\/v2\/product"}],"about":[{"href":"https:\/\/bitessiulai.lt\/de\/wp-json\/wp\/v2\/types\/product"}],"replies":[{"embeddable":true,"href":"https:\/\/bitessiulai.lt\/de\/wp-json\/wp\/v2\/comments?post=20630"}],"version-history":[{"count":1,"href":"https:\/\/bitessiulai.lt\/de\/wp-json\/wp\/v2\/product\/20630\/revisions"}],"predecessor-version":[{"id":20638,"href":"https:\/\/bitessiulai.lt\/de\/wp-json\/wp\/v2\/product\/20630\/revisions\/20638"}],"wp:featuredmedia":[{"embeddable":true,"href":"https:\/\/bitessiulai.lt\/de\/wp-json\/wp\/v2\/media\/20627"}],"wp:attachment":[{"href":"https:\/\/bitessiulai.lt\/de\/wp-json\/wp\/v2\/media?parent=20630"}],"wp:term":[{"taxonomy":"product_brand","embeddable":true,"href":"https:\/\/bitessiulai.lt\/de\/wp-json\/wp\/v2\/product_brand?post=20630"},{"taxonomy":"product_cat","embeddable":true,"href":"https:\/\/bitessiulai.lt\/de\/wp-json\/wp\/v2\/product_cat?post=20630"},{"taxonomy":"product_tag","embeddable":true,"href":"https:\/\/bitessiulai.lt\/de\/wp-json\/wp\/v2\/product_tag?post=20630"},{"taxonomy":"giftcard-category","embeddable":true,"href":"https:\/\/bitessiulai.lt\/de\/wp-json\/wp\/v2\/giftcard-category?post=20630"}],"curies":[{"name":"wp","href":"https:\/\/api.w.org\/{rel}","templated":true}]}}