{"id":19141,"date":"2025-11-04T09:56:34","date_gmt":"2025-11-04T07:56:34","guid":{"rendered":"https:\/\/bitessiulai.lt\/?post_type=product&#038;p=19141"},"modified":"2026-05-05T13:06:38","modified_gmt":"2026-05-05T10:06:38","slug":"silke-habsbourg","status":"publish","type":"product","link":"https:\/\/bitessiulai.lt\/de\/produkt\/silke-habsbourg\/","title":{"rendered":"Silke Habsbourg"},"content":{"rendered":"<p><strong>Silke Habsbourg<\/strong> &#8211; itin ploni merino vilnos ir akrilano si\u016blai. \u0160ie si\u016blai naudojami kaip papildomas si\u016blas. Puikiai tinka mezgimui su mohera. Plati spalv\u0173 palet\u0117 leis i\u0161sirinkti tinkam\u0105 spalv\u0105 J\u016bs\u0173 projektui.<\/p>\n<p>*Die Farben, die Sie auf Ihrem Bildschirm sehen, k\u00f6nnen leicht von der tats\u00e4chlichen Garnfarbe abweichen.<\/p>","protected":false},"excerpt":{"rendered":"<p>Sud\u0117tis: 50% merino vilna, 50% akrilanas<\/p>\n<p>Svoris\/ilgis: 100 g.= ma\u017edaug 1250 m.<\/p>\n<p>&nbsp;<\/p>","protected":false},"featured_media":19168,"comment_status":"open","ping_status":"closed","template":"","meta":[],"product_brand":[],"product_cat":[173,3879,217,177,3718,3815,174],"product_tag":[],"giftcard-category":[],"class_list":{"0":"post-19141","1":"product","2":"type-product","3":"status-publish","4":"has-post-thumbnail","6":"product_cat-siulai","7":"product_cat-habsbourg","8":"product_cat-isparduotuve","9":"product_cat-mezgimo-siulai","10":"product_cat-naujienos","11":"product_cat-silke","12":"product_cat-siulu-gamintojai","14":"first","15":"instock","16":"sale","17":"taxable","18":"shipping-taxable","19":"purchasable","20":"product-type-variable"},"_links":{"self":[{"href":"https:\/\/bitessiulai.lt\/de\/wp-json\/wp\/v2\/product\/19141","targetHints":{"allow":["GET"]}}],"collection":[{"href":"https:\/\/bitessiulai.lt\/de\/wp-json\/wp\/v2\/product"}],"about":[{"href":"https:\/\/bitessiulai.lt\/de\/wp-json\/wp\/v2\/types\/product"}],"replies":[{"embeddable":true,"href":"https:\/\/bitessiulai.lt\/de\/wp-json\/wp\/v2\/comments?post=19141"}],"version-history":[{"count":1,"href":"https:\/\/bitessiulai.lt\/de\/wp-json\/wp\/v2\/product\/19141\/revisions"}],"predecessor-version":[{"id":24377,"href":"https:\/\/bitessiulai.lt\/de\/wp-json\/wp\/v2\/product\/19141\/revisions\/24377"}],"wp:featuredmedia":[{"embeddable":true,"href":"https:\/\/bitessiulai.lt\/de\/wp-json\/wp\/v2\/media\/19168"}],"wp:attachment":[{"href":"https:\/\/bitessiulai.lt\/de\/wp-json\/wp\/v2\/media?parent=19141"}],"wp:term":[{"taxonomy":"product_brand","embeddable":true,"href":"https:\/\/bitessiulai.lt\/de\/wp-json\/wp\/v2\/product_brand?post=19141"},{"taxonomy":"product_cat","embeddable":true,"href":"https:\/\/bitessiulai.lt\/de\/wp-json\/wp\/v2\/product_cat?post=19141"},{"taxonomy":"product_tag","embeddable":true,"href":"https:\/\/bitessiulai.lt\/de\/wp-json\/wp\/v2\/product_tag?post=19141"},{"taxonomy":"giftcard-category","embeddable":true,"href":"https:\/\/bitessiulai.lt\/de\/wp-json\/wp\/v2\/giftcard-category?post=19141"}],"curies":[{"name":"wp","href":"https:\/\/api.w.org\/{rel}","templated":true}]}}