{"id":19035,"date":"2025-11-03T16:50:32","date_gmt":"2025-11-03T14:50:32","guid":{"rendered":"https:\/\/bitessiulai.lt\/?post_type=product&#038;p=19035"},"modified":"2026-03-28T11:28:22","modified_gmt":"2026-03-28T09:28:22","slug":"silke-soffio","status":"publish","type":"product","link":"https:\/\/bitessiulai.lt\/de\/produkt\/silke-soffio\/","title":{"rendered":"Silke Soffio"},"content":{"rendered":"<p><strong>Silke Soffio<\/strong> &#8211; puikus pasirinkimas ie\u0161kantiems itin mink\u0161to, lengvo, \u0161ilto ir laidaus si\u016blo J\u016bs\u0173 mezgini\u0173 projektams.<\/p>\n<p><img fetchpriority=\"high\" decoding=\"async\" class=\"alignnone size-medium wp-image-19036\" src=\"http:\/\/bitessiulai.lt\/wp-content\/uploads\/2025\/11\/telinosoffio0002-200x300.jpg\" alt=\"\" width=\"200\" height=\"300\" srcset=\"https:\/\/bitessiulai.lt\/wp-content\/uploads\/2025\/11\/telinosoffio0002-200x300.jpg 200w, https:\/\/bitessiulai.lt\/wp-content\/uploads\/2025\/11\/telinosoffio0002-683x1024.jpg 683w, https:\/\/bitessiulai.lt\/wp-content\/uploads\/2025\/11\/telinosoffio0002-768x1152.jpg 768w, https:\/\/bitessiulai.lt\/wp-content\/uploads\/2025\/11\/telinosoffio0002-1024x1536.jpg 1024w, https:\/\/bitessiulai.lt\/wp-content\/uploads\/2025\/11\/telinosoffio0002-1366x2048.jpg 1366w, https:\/\/bitessiulai.lt\/wp-content\/uploads\/2025\/11\/telinosoffio0002-8x12.jpg 8w, https:\/\/bitessiulai.lt\/wp-content\/uploads\/2025\/11\/telinosoffio0002-600x900.jpg 600w, https:\/\/bitessiulai.lt\/wp-content\/uploads\/2025\/11\/telinosoffio0002-100x150.jpg 100w\" sizes=\"(max-width: 200px) 100vw, 200px\" \/><\/p>\n<p>*Die Farben, die Sie auf Ihrem Bildschirm sehen, k\u00f6nnen leicht von der tats\u00e4chlichen Garnfarbe abweichen.<\/p>\n<h4 class=\"imHeading4\"><span dir=\"auto\">\u00a0<\/span><\/h4>","protected":false},"excerpt":{"rendered":"<p>Sud\u0117tis: 44% mohera, 44% akrilas, 12% poliesteris<\/p>\n<p>Svoris\/ilgis: 50 g.= ma\u017edaug 125 m.<\/p>\n<p>Rekomenduojamas virbal\u0173 dydis: 6 &#8211; 7 mm.<\/p>","protected":false},"featured_media":19053,"comment_status":"open","ping_status":"closed","template":"","meta":[],"product_brand":[],"product_cat":[173,326,217,177,362,3718,328,3815,174,175,3827],"product_tag":[],"giftcard-category":[],"class_list":{"0":"post-19035","1":"product","2":"type-product","3":"status-publish","4":"has-post-thumbnail","6":"product_cat-siulai","7":"product_cat-akrilas","8":"product_cat-isparduotuve","9":"product_cat-mezgimo-siulai","10":"product_cat-mohera","11":"product_cat-naujienos","12":"product_cat-poliesteris","13":"product_cat-silke","14":"product_cat-siulu-gamintojai","15":"product_cat-siulu-pluostai","16":"product_cat-soffio","18":"first","19":"instock","20":"sale","21":"taxable","22":"shipping-taxable","23":"purchasable","24":"product-type-variable"},"_links":{"self":[{"href":"https:\/\/bitessiulai.lt\/de\/wp-json\/wp\/v2\/product\/19035","targetHints":{"allow":["GET"]}}],"collection":[{"href":"https:\/\/bitessiulai.lt\/de\/wp-json\/wp\/v2\/product"}],"about":[{"href":"https:\/\/bitessiulai.lt\/de\/wp-json\/wp\/v2\/types\/product"}],"replies":[{"embeddable":true,"href":"https:\/\/bitessiulai.lt\/de\/wp-json\/wp\/v2\/comments?post=19035"}],"version-history":[{"count":1,"href":"https:\/\/bitessiulai.lt\/de\/wp-json\/wp\/v2\/product\/19035\/revisions"}],"predecessor-version":[{"id":24376,"href":"https:\/\/bitessiulai.lt\/de\/wp-json\/wp\/v2\/product\/19035\/revisions\/24376"}],"wp:featuredmedia":[{"embeddable":true,"href":"https:\/\/bitessiulai.lt\/de\/wp-json\/wp\/v2\/media\/19053"}],"wp:attachment":[{"href":"https:\/\/bitessiulai.lt\/de\/wp-json\/wp\/v2\/media?parent=19035"}],"wp:term":[{"taxonomy":"product_brand","embeddable":true,"href":"https:\/\/bitessiulai.lt\/de\/wp-json\/wp\/v2\/product_brand?post=19035"},{"taxonomy":"product_cat","embeddable":true,"href":"https:\/\/bitessiulai.lt\/de\/wp-json\/wp\/v2\/product_cat?post=19035"},{"taxonomy":"product_tag","embeddable":true,"href":"https:\/\/bitessiulai.lt\/de\/wp-json\/wp\/v2\/product_tag?post=19035"},{"taxonomy":"giftcard-category","embeddable":true,"href":"https:\/\/bitessiulai.lt\/de\/wp-json\/wp\/v2\/giftcard-category?post=19035"}],"curies":[{"name":"wp","href":"https:\/\/api.w.org\/{rel}","templated":true}]}}