{"id":18405,"date":"2025-10-13T14:30:24","date_gmt":"2025-10-13T11:30:24","guid":{"rendered":"https:\/\/bitessiulai.lt\/?post_type=product&#038;p=18405"},"modified":"2026-02-28T15:24:46","modified_gmt":"2026-02-28T13:24:46","slug":"gazzal-merino-boucle","status":"publish","type":"product","link":"https:\/\/bitessiulai.lt\/de\/produkt\/gazzal-merino-boucle\/","title":{"rendered":"Gazzal Merino Boucle"},"content":{"rendered":"<p>Gazzal Merino Boucle ist ein sehr warmes, flauschiges Garn. Hergestellt aus 100% Merinowolle. Die hervorragende Textur dieses Garns verleiht Ihren Strickwaren einen luxuri\u00f6sen und modernen Look und f\u00fchlt sich besonders weich und angenehm an. Perfekt zum Stricken von Pullovern, Strickjacken, Westen, Schals, M\u00fctzen, Decken und anderen warmen Produkten.<\/p>\n<p>*Die Farben, die Sie auf Ihrem Bildschirm sehen, k\u00f6nnen leicht von der tats\u00e4chlichen Garnfarbe abweichen.<\/p>\n<p>&nbsp;<\/p>","protected":false},"excerpt":{"rendered":"<p>Zusammensetzung: 100% Australische Merinowolle<\/p>\n<p>Gewicht\/L\u00e4nge: 100 g = ca. 120 m.<\/p>\n<p>Empfohlene Stricknadelgr\u00f6\u00dfe: 8 mm.<\/p>\n<p>Empfohlene Hakengr\u00f6\u00dfe: 7 mm.<\/p>","protected":false},"featured_media":18427,"comment_status":"open","ping_status":"closed","template":"","meta":[],"product_brand":[],"product_cat":[173,947,3699,948,177,3718,178,174,175],"product_tag":[],"giftcard-category":[],"class_list":{"0":"post-18405","1":"product","2":"type-product","3":"status-publish","4":"has-post-thumbnail","6":"product_cat-siulai","7":"product_cat-gazzal","8":"product_cat-merino-boucle","9":"product_cat-merino-vilna","10":"product_cat-mezgimo-siulai","11":"product_cat-naujienos","12":"product_cat-nerimo-siulai","13":"product_cat-siulu-gamintojai","14":"product_cat-siulu-pluostai","16":"first","17":"instock","18":"taxable","19":"shipping-taxable","20":"purchasable","21":"product-type-variable"},"_links":{"self":[{"href":"https:\/\/bitessiulai.lt\/de\/wp-json\/wp\/v2\/product\/18405","targetHints":{"allow":["GET"]}}],"collection":[{"href":"https:\/\/bitessiulai.lt\/de\/wp-json\/wp\/v2\/product"}],"about":[{"href":"https:\/\/bitessiulai.lt\/de\/wp-json\/wp\/v2\/types\/product"}],"replies":[{"embeddable":true,"href":"https:\/\/bitessiulai.lt\/de\/wp-json\/wp\/v2\/comments?post=18405"}],"version-history":[{"count":1,"href":"https:\/\/bitessiulai.lt\/de\/wp-json\/wp\/v2\/product\/18405\/revisions"}],"predecessor-version":[{"id":22870,"href":"https:\/\/bitessiulai.lt\/de\/wp-json\/wp\/v2\/product\/18405\/revisions\/22870"}],"wp:featuredmedia":[{"embeddable":true,"href":"https:\/\/bitessiulai.lt\/de\/wp-json\/wp\/v2\/media\/18427"}],"wp:attachment":[{"href":"https:\/\/bitessiulai.lt\/de\/wp-json\/wp\/v2\/media?parent=18405"}],"wp:term":[{"taxonomy":"product_brand","embeddable":true,"href":"https:\/\/bitessiulai.lt\/de\/wp-json\/wp\/v2\/product_brand?post=18405"},{"taxonomy":"product_cat","embeddable":true,"href":"https:\/\/bitessiulai.lt\/de\/wp-json\/wp\/v2\/product_cat?post=18405"},{"taxonomy":"product_tag","embeddable":true,"href":"https:\/\/bitessiulai.lt\/de\/wp-json\/wp\/v2\/product_tag?post=18405"},{"taxonomy":"giftcard-category","embeddable":true,"href":"https:\/\/bitessiulai.lt\/de\/wp-json\/wp\/v2\/giftcard-category?post=18405"}],"curies":[{"name":"wp","href":"https:\/\/api.w.org\/{rel}","templated":true}]}}