{"id":18219,"date":"2025-10-10T09:08:05","date_gmt":"2025-10-10T06:08:05","guid":{"rendered":"https:\/\/bitessiulai.lt\/?post_type=product&#038;p=18219"},"modified":"2026-01-12T16:40:20","modified_gmt":"2026-01-12T14:40:20","slug":"opry-nerudijancio-plieno-zirkliu-rinkinys","status":"publish","type":"product","link":"https:\/\/bitessiulai.lt\/de\/produkt\/opry-nerudijancio-plieno-zirkliu-rinkinys\/","title":{"rendered":"Opry Edelstahl-Scherenset"},"content":{"rendered":"<p><span dir=\"auto\">Das <strong>Opry Edelstahl-Scherenset<\/strong> Es bietet ein gutes Preis-Leistungs-Verh\u00e4ltnis und ist ein Muss f\u00fcr jeden Stricker oder jeden anderen Handarbeitsbegeisterten. <\/span><\/p>\n<p><strong><span dir=\"auto\">Dieses Set enth\u00e4lt:<\/span><\/strong><\/p>\n<ul>\n<li><span dir=\"auto\">Eine Schere, die jeden Stoff schneidet, auch schwerere. Der geformte, weiche Griff sorgt daf\u00fcr, dass die Schere bequem und sicher in der Hand liegt. Die L\u00e4nge der Schere betr\u00e4gt 20 cm.<\/span><\/li>\n<li><span dir=\"auto\">Schere mit sehr d\u00fcnner Spitze und weichem Griff, mit der Sie F\u00e4den und Garne einfach und sauber dicht am Stoff abschneiden k\u00f6nnen. Sie kann auch zum Abschneiden von Fadenenden, zum Zuschneiden von Stoff und zum \u00d6ffnen von Knopfl\u00f6chern verwendet werden. Die L\u00e4nge der Schere betr\u00e4gt 10 cm.<\/span><\/li>\n<li><span dir=\"auto\">Ein Fadenschneider (auch Fadenschneideschere genannt) mit Softgriff. Die Fadenschneideschere eignet sich ideal zum Abschneiden von F\u00e4den, zum Zuschneiden von Stoff oder zum Abschneiden von Fadenenden w\u00e4hrend der Arbeit. Sie ist 13 cm lang und wird mit einer Schutzkappe geliefert.<\/span><\/li>\n<li><span dir=\"auto\">Eine 13 cm lange Schere mit weichen Griffen. Mit ihren scharfen Klingen und sehr d\u00fcnnen Spitzen kann diese Schere f\u00fcr jedes kreative Projekt verwendet werden, bei dem d\u00fcnnerer Stoff geschnitten werden muss.<\/span><\/li>\n<li><span dir=\"auto\">Eine Schere in Storchform mit einer L\u00e4nge von 9 cm. Die scharfen Klingen mit der d\u00fcnnen Spitze eignen sich perfekt zum pr\u00e4zisen Schneiden und zum Schneiden von F\u00e4den und Garnen dicht am Stoff. Diese auff\u00e4llige Schere ist au\u00dferdem klein genug, um schnell in Ihr Bastelset zu passen und unterwegs mit dem Basteln zu beginnen.<\/span><\/li>\n<\/ul>\n<p>&nbsp;<\/p>\n<p><img fetchpriority=\"high\" decoding=\"async\" class=\"alignnone size-medium wp-image-18226\" src=\"http:\/\/bitessiulai.lt\/wp-content\/uploads\/2025\/10\/65635-7-300x300.webp\" alt=\"\" width=\"300\" height=\"300\" srcset=\"https:\/\/bitessiulai.lt\/wp-content\/uploads\/2025\/10\/65635-7-300x300.webp 300w, https:\/\/bitessiulai.lt\/wp-content\/uploads\/2025\/10\/65635-7-150x150.webp 150w, https:\/\/bitessiulai.lt\/wp-content\/uploads\/2025\/10\/65635-7-768x768.webp 768w, https:\/\/bitessiulai.lt\/wp-content\/uploads\/2025\/10\/65635-7-12x12.webp 12w, https:\/\/bitessiulai.lt\/wp-content\/uploads\/2025\/10\/65635-7-600x600.webp 600w, https:\/\/bitessiulai.lt\/wp-content\/uploads\/2025\/10\/65635-7-96x96.webp 96w, https:\/\/bitessiulai.lt\/wp-content\/uploads\/2025\/10\/65635-7.webp 1000w\" sizes=\"(max-width: 300px) 100vw, 300px\" \/><\/p>","protected":false},"excerpt":{"rendered":"<p>\u0160is Opry ner\u016bdijan\u010dio plieno \u017eirkli\u0173 rinkinys pasi\u017eymi geru kainos ir kokyb\u0117s santykiu ir yra b\u016btinas kiekvienai mezg\u0117jai ar bet kuriam kitam rankdarbi\u0173 entuziastui. \u0160iame rinkinyje yra: \u017dirkl\u0117s, kurios kirps bet kok\u012f audin\u012f, \u012fskaitant ir sunkesnius. D\u0117l suformuotos, mink\u0161tos rankenos \u017eirkl\u0117s patogiai ir saugiai guli rankoje. \u017dirkli\u0173 ilgis yra 20 cm. \u017dirkl\u0117s su labai plonu galiuku ir mink\u0161ta rankena, leid\u017eian\u010dios lengvai ir \u0161variai nukirpti si\u016blus ir verpalus arti audinio. Jas taip pat galima naudoti si\u016bl\u0173 galams nukirpti, audiniui \u012fpjauti ir atviroms sag\u0173 kilpoms i\u0161kirpti. \u017dirkli\u0173 ilgis yra 10 cm. Vienas si\u016bl\u0173 kirptuvas (dar \u017einomas kaip si\u016bl\u0173 kirpimo \u017eirklut\u0117s) su mink\u0161ta rankena. Si\u016bl\u0173 kirpimo \u017eirklut\u0117s idealiai tinka si\u016blams kirpti, audiniui \u012fpjauti ar si\u016bl\u0173 galams nukirpti dirbant. Jos ilgis \u2013 13 cm, o pakuot\u0117je yra apsauginis dangtelis. Viena pora 13 cm ilgio\u00a0 \u017eirkli\u0173 su mink\u0161tomis rankenomis. D\u0117l a\u0161tri\u0173 a\u0161men\u0173 ir labai plono galiuko \u0161ios \u017eirkl\u0117s gali b\u016bti naudojamos bet kokiam k\u016brybiniam projektui, kuriam reikia kirpti plonesn\u012f audin\u012f. \u017dirkli\u0173 pora gandro formos, 9 cm ilgio. D\u0117l a\u0161tri\u0173 a\u0161men\u0173 su plonu galiuku jos puikiai tinka tiksliam kirpimui ir si\u016bl\u0173 bei verpal\u0173 kirpimui arti audinio. \u0160ios ak\u012f traukian\u010dios \u017eirkl\u0117s taip pat yra pakankamai ma\u017eos, kad jas b\u016bt\u0173 galima greitai \u012fsid\u0117ti \u012f rankdarbi\u0173 rinkin\u012f ir u\u017esiimti rankdarbiais kelyje. &nbsp;<\/p>","protected":false},"featured_media":18220,"comment_status":"open","ping_status":"closed","template":"","meta":[],"product_brand":[],"product_cat":[192,217,3718,215],"product_tag":[],"giftcard-category":[],"class_list":{"0":"post-18219","1":"product","2":"type-product","3":"status-publish","4":"has-post-thumbnail","6":"product_cat-priedai-mezgimui","7":"product_cat-isparduotuve","8":"product_cat-naujienos","9":"product_cat-zirkles","11":"first","12":"instock","13":"sale","14":"taxable","15":"shipping-taxable","16":"purchasable","17":"product-type-simple"},"_links":{"self":[{"href":"https:\/\/bitessiulai.lt\/de\/wp-json\/wp\/v2\/product\/18219","targetHints":{"allow":["GET"]}}],"collection":[{"href":"https:\/\/bitessiulai.lt\/de\/wp-json\/wp\/v2\/product"}],"about":[{"href":"https:\/\/bitessiulai.lt\/de\/wp-json\/wp\/v2\/types\/product"}],"replies":[{"embeddable":true,"href":"https:\/\/bitessiulai.lt\/de\/wp-json\/wp\/v2\/comments?post=18219"}],"version-history":[{"count":0,"href":"https:\/\/bitessiulai.lt\/de\/wp-json\/wp\/v2\/product\/18219\/revisions"}],"wp:featuredmedia":[{"embeddable":true,"href":"https:\/\/bitessiulai.lt\/de\/wp-json\/wp\/v2\/media\/18220"}],"wp:attachment":[{"href":"https:\/\/bitessiulai.lt\/de\/wp-json\/wp\/v2\/media?parent=18219"}],"wp:term":[{"taxonomy":"product_brand","embeddable":true,"href":"https:\/\/bitessiulai.lt\/de\/wp-json\/wp\/v2\/product_brand?post=18219"},{"taxonomy":"product_cat","embeddable":true,"href":"https:\/\/bitessiulai.lt\/de\/wp-json\/wp\/v2\/product_cat?post=18219"},{"taxonomy":"product_tag","embeddable":true,"href":"https:\/\/bitessiulai.lt\/de\/wp-json\/wp\/v2\/product_tag?post=18219"},{"taxonomy":"giftcard-category","embeddable":true,"href":"https:\/\/bitessiulai.lt\/de\/wp-json\/wp\/v2\/giftcard-category?post=18219"}],"curies":[{"name":"wp","href":"https:\/\/api.w.org\/{rel}","templated":true}]}}