{"id":18187,"date":"2025-10-09T17:00:38","date_gmt":"2025-10-09T14:00:38","guid":{"rendered":"https:\/\/bitessiulai.lt\/?post_type=product&#038;p=18187"},"modified":"2025-10-15T12:28:22","modified_gmt":"2025-10-15T09:28:22","slug":"knitpro-nova-cubics-deluxe-keiciamu-virbalu-rinkinys","status":"publish","type":"product","link":"https:\/\/bitessiulai.lt\/de\/produkt\/knitpro-nova-cubics-deluxe-keiciamu-virbalu-rinkinys\/","title":{"rendered":"KnitPro Nova Cubics Deluxe Austauschbares Nadelset"},"content":{"rendered":"<p><span dir=\"auto\"><strong>KnitPro Nova Cubics Deluxe Austauschbares Nadelset\u00a0<\/strong>zeichnen sich durch ihre einzigartige quadratische Form aus. Sie sind aus Messing gefertigt und haben eine gl\u00e4nzende, silberfarbene Oberfl\u00e4che. Die quadratische Form liegt gut in der Hand und bietet guten Halt. Die leichten Nadelspitzen gew\u00e4hrleisten ein reibungsloses Stricken ohne Erm\u00fcdung der Hand. Mit den allm\u00e4hlich verj\u00fcngten Spitzen k\u00f6nnen Sie m\u00fchelos stricken. Das starke Material macht diese Nadeln extrem langlebig. Die Nadelspitzen lassen sich mithilfe eines praktischen Schraubsystems einfach mit der mit einer Nylonbeschichtung versehenen Stahlschnur verbinden. Die Schn\u00fcre sind stark und flexibel zugleich und gleiten leicht durch die \u00d6sen. Das Drehsystem erm\u00f6glicht eine freie Drehung der Nadelspitzen. Dies verhindert, dass sich die Schnur verbiegt oder verdreht. Die Schn\u00fcre haben an den Enden ein Loch f\u00fcr einen Schnurschl\u00fcssel, mit dem die Nadelspitze an der Schnur befestigt wird. Die L\u00f6cher sind auch n\u00fctzlich, um ein Rettungsseil in das Strickst\u00fcck einzuf\u00fchren, um die Arbeit sicher zu entfernen oder heruntergefallene \u00d6sen aufzufangen.<\/span><\/p>\n<p><span dir=\"auto\"> Das KnitPro Nova Cubics Deluxe Wechselnadelset besteht aus folgenden Elementen:<\/span><\/p>\n<ul>\n<li><span dir=\"auto\">7 Paar austauschbare Nova Cubics Spitzen, 10 cm lang, Gr\u00f6\u00dfen: 4,00, 4,50, 5,00, 5,50, 6,00, 7,00 und 8,00 mm<\/span><\/li>\n<li><span dir=\"auto\">4 x Leinen mit einer Gesamtl\u00e4nge inkl. Rutenspitzen von 1 x 60, 2 x 80 und 1 x 100 cm<\/span><\/li>\n<li><span dir=\"auto\">8 x Endstopfen<\/span><\/li>\n<li><span dir=\"auto\">4 x Leitungstasten<\/span><\/li>\n<li><span dir=\"auto\">1 x Satz Leitungsverbinder<\/span><\/li>\n<\/ul>\n<p><span dir=\"auto\">Das austauschbare Nadelset KnitPro Nova Cubics Deluxe ist in einem sch\u00f6nen blauen Stoffumschlag verpackt.<\/span><\/p>\n<p><img fetchpriority=\"high\" decoding=\"async\" class=\"alignnone size-medium wp-image-18192\" src=\"http:\/\/bitessiulai.lt\/wp-content\/uploads\/2025\/10\/K12370-3-300x300.webp\" alt=\"\" width=\"300\" height=\"300\" srcset=\"https:\/\/bitessiulai.lt\/wp-content\/uploads\/2025\/10\/K12370-3-300x300.webp 300w, https:\/\/bitessiulai.lt\/wp-content\/uploads\/2025\/10\/K12370-3-150x150.webp 150w, https:\/\/bitessiulai.lt\/wp-content\/uploads\/2025\/10\/K12370-3-12x12.webp 12w, https:\/\/bitessiulai.lt\/wp-content\/uploads\/2025\/10\/K12370-3-600x600.webp 600w, https:\/\/bitessiulai.lt\/wp-content\/uploads\/2025\/10\/K12370-3-96x96.webp 96w, https:\/\/bitessiulai.lt\/wp-content\/uploads\/2025\/10\/K12370-3.webp 700w\" sizes=\"(max-width: 300px) 100vw, 300px\" \/> <img decoding=\"async\" class=\"alignnone size-medium wp-image-18193\" src=\"http:\/\/bitessiulai.lt\/wp-content\/uploads\/2025\/10\/K12370-4-300x300.webp\" alt=\"\" width=\"300\" height=\"300\" srcset=\"https:\/\/bitessiulai.lt\/wp-content\/uploads\/2025\/10\/K12370-4-300x300.webp 300w, https:\/\/bitessiulai.lt\/wp-content\/uploads\/2025\/10\/K12370-4-150x150.webp 150w, https:\/\/bitessiulai.lt\/wp-content\/uploads\/2025\/10\/K12370-4-12x12.webp 12w, https:\/\/bitessiulai.lt\/wp-content\/uploads\/2025\/10\/K12370-4-600x600.webp 600w, https:\/\/bitessiulai.lt\/wp-content\/uploads\/2025\/10\/K12370-4-96x96.webp 96w, https:\/\/bitessiulai.lt\/wp-content\/uploads\/2025\/10\/K12370-4.webp 700w\" sizes=\"(max-width: 300px) 100vw, 300px\" \/><\/p>","protected":false},"excerpt":{"rendered":"<p>KnitPro Nova Cubics Deluxe kei\u010diam\u0173 virbal\u0173 rinkinys\u00a0i\u0161siskiria unikalia kvadratine forma. Jie pagaminti i\u0161 \u017ealvario ir turi blizgant\u012f, sidabro spalvos pavir\u0161i\u0173. Kvadratin\u0117 forma gerai priglunda rankoje ir suteikia ger\u0105 sukibim\u0105. Lengvi virbal\u0173 antgaliai u\u017etikrina skland\u0173 mezgim\u0105 be rank\u0173 nuovargio. Su palaipsniui siaur\u0117jan\u010diais antgaliais galite lengvai megzti. Tvirta med\u017eiaga daro \u0161iuos virbalus itin patvarius. Virbal\u0173 antgalius galima lengvai prijungti prie plieninio valo, padengto nailono danga, naudojant patogi\u0105 var\u017et\u0173 sistem\u0105. Valai yra tvirti ir lankst\u016bs tuo pa\u010diu metu, ir lengvai slysta per akis. Pasukimo sistema leid\u017eia virbal\u0173 antgaliams laisvai suktis. Tai neleid\u017eia valui susilenkti ar susisukti. Valai galuose turi skylut\u0119, \u012f kuri\u0105 \u012fstatomas valo raktas, kuris naudojamas virbalo antgaliui pritvirtinti prie valo. Skylut\u0117s taip pat naudingos norint \u012fki\u0161ti gelb\u0117jimo virv\u0119 \u012f mezgin\u012f, kad saugiai i\u0161imtum\u0117te darb\u0105 arba surinktum\u0117te i\u0161kritusius akis. Kei\u010diam\u0173 virbal\u0173 rinkin\u012f \u201eKnitPro Nova Cubics Deluxe\u201c sudaro \u0161ie elementai: 7 poros kei\u010diam\u0173 \u201eNova Cubics\u201c antgali\u0173, kuri\u0173 ilgis 10 cm, dyd\u017eiai: 4,00, 4,50, 5,00, 5,50, 6,00, 7,00 ir 8,00 mm 4 x valai, kuri\u0173 bendras ilgis, \u012fskaitant virbal\u0173 antgalius, yra 1 x 60, 2 x 80 ir 1 x 100 cm 8 x galiniai kam\u0161\u010diai 4 x valo raktai 1 x val\u0173 jung\u010di\u0173 rinkinys \u201eKnitPro Nova Cubics\u201c kei\u010diam\u0173 virbal\u0173 rinkinys \u201eDeluxe\u201c supakuotas gra\u017eiame m\u0117lyname med\u017eiaginiame voke.<\/p>","protected":false},"featured_media":18190,"comment_status":"open","ping_status":"closed","template":"","meta":[],"product_brand":[],"product_cat":[2123,2440,180,3718,181],"product_tag":[],"giftcard-category":[],"class_list":{"0":"post-18187","1":"product","2":"type-product","3":"status-publish","4":"has-post-thumbnail","6":"product_cat-mezgimo-priemoniu-gamintojai","7":"product_cat-knitpro","8":"product_cat-mezgimo-priemones","9":"product_cat-naujienos","10":"product_cat-virbalu-rinkiniai","12":"first","13":"instock","14":"taxable","15":"shipping-taxable","16":"purchasable","17":"product-type-simple"},"_links":{"self":[{"href":"https:\/\/bitessiulai.lt\/de\/wp-json\/wp\/v2\/product\/18187","targetHints":{"allow":["GET"]}}],"collection":[{"href":"https:\/\/bitessiulai.lt\/de\/wp-json\/wp\/v2\/product"}],"about":[{"href":"https:\/\/bitessiulai.lt\/de\/wp-json\/wp\/v2\/types\/product"}],"replies":[{"embeddable":true,"href":"https:\/\/bitessiulai.lt\/de\/wp-json\/wp\/v2\/comments?post=18187"}],"version-history":[{"count":0,"href":"https:\/\/bitessiulai.lt\/de\/wp-json\/wp\/v2\/product\/18187\/revisions"}],"wp:featuredmedia":[{"embeddable":true,"href":"https:\/\/bitessiulai.lt\/de\/wp-json\/wp\/v2\/media\/18190"}],"wp:attachment":[{"href":"https:\/\/bitessiulai.lt\/de\/wp-json\/wp\/v2\/media?parent=18187"}],"wp:term":[{"taxonomy":"product_brand","embeddable":true,"href":"https:\/\/bitessiulai.lt\/de\/wp-json\/wp\/v2\/product_brand?post=18187"},{"taxonomy":"product_cat","embeddable":true,"href":"https:\/\/bitessiulai.lt\/de\/wp-json\/wp\/v2\/product_cat?post=18187"},{"taxonomy":"product_tag","embeddable":true,"href":"https:\/\/bitessiulai.lt\/de\/wp-json\/wp\/v2\/product_tag?post=18187"},{"taxonomy":"giftcard-category","embeddable":true,"href":"https:\/\/bitessiulai.lt\/de\/wp-json\/wp\/v2\/giftcard-category?post=18187"}],"curies":[{"name":"wp","href":"https:\/\/api.w.org\/{rel}","templated":true}]}}