{"id":16802,"date":"2025-09-11T14:22:12","date_gmt":"2025-09-11T11:22:12","guid":{"rendered":"https:\/\/bitessiulai.lt\/?post_type=product&#038;p=16802"},"modified":"2026-04-24T14:46:35","modified_gmt":"2026-04-24T11:46:35","slug":"alize-wooltime","status":"publish","type":"product","link":"https:\/\/bitessiulai.lt\/de\/produkt\/alize-wooltime\/","title":{"rendered":"Alize Wooltime"},"content":{"rendered":"<p><strong>Alize Wooltime<\/strong> \u2013 eine Kombination aus hochwertiger Wolle und Polyamid, die sich perfekt f\u00fcr Ihre Sockenprojekte eignet, aber auch zum Stricken oder H\u00e4keln verschiedener Kleidungsst\u00fccke oder anderer Accessoires. Sie k\u00f6nnen zwischen einfarbigen oder bunten Farben w\u00e4hlen, die sowohl Socken als auch anderen Strickprojekten Einzigartigkeit verleihen.<\/p>\n<p>*Die Farben, die Sie auf Ihrem Bildschirm sehen, k\u00f6nnen leicht von der tats\u00e4chlichen Garnfarbe abweichen.<\/p>","protected":false},"excerpt":{"rendered":"<p>Zusammensetzung: 75% Wolle, 25% Polyamid<\/p>\n<p>Gewicht\/L\u00e4nge: 100 g = ca. 200 m.<\/p>\n<p>Empfohlene Nadelst\u00e4rke: 4 \u2013 5 mm.<\/p>\n<p>Empfohlene Hakengr\u00f6\u00dfe: 3,5 \u2013 4 mm.<\/p>","protected":false},"featured_media":16803,"comment_status":"open","ping_status":"closed","template":"","meta":[],"product_brand":[],"product_cat":[173,2125,177,3718,178,324,3345,174,175,410,3529],"product_tag":[],"giftcard-category":[],"class_list":{"0":"post-16802","1":"product","2":"type-product","3":"status-publish","4":"has-post-thumbnail","6":"product_cat-siulai","7":"product_cat-alize","8":"product_cat-mezgimo-siulai","9":"product_cat-naujienos","10":"product_cat-nerimo-siulai","11":"product_cat-poliamidas","12":"product_cat-siulai-kojinems","13":"product_cat-siulu-gamintojai","14":"product_cat-siulu-pluostai","15":"product_cat-vilna","16":"product_cat-wooltime","18":"first","19":"instock","20":"taxable","21":"shipping-taxable","22":"purchasable","23":"product-type-variable"},"_links":{"self":[{"href":"https:\/\/bitessiulai.lt\/de\/wp-json\/wp\/v2\/product\/16802","targetHints":{"allow":["GET"]}}],"collection":[{"href":"https:\/\/bitessiulai.lt\/de\/wp-json\/wp\/v2\/product"}],"about":[{"href":"https:\/\/bitessiulai.lt\/de\/wp-json\/wp\/v2\/types\/product"}],"replies":[{"embeddable":true,"href":"https:\/\/bitessiulai.lt\/de\/wp-json\/wp\/v2\/comments?post=16802"}],"version-history":[{"count":0,"href":"https:\/\/bitessiulai.lt\/de\/wp-json\/wp\/v2\/product\/16802\/revisions"}],"wp:featuredmedia":[{"embeddable":true,"href":"https:\/\/bitessiulai.lt\/de\/wp-json\/wp\/v2\/media\/16803"}],"wp:attachment":[{"href":"https:\/\/bitessiulai.lt\/de\/wp-json\/wp\/v2\/media?parent=16802"}],"wp:term":[{"taxonomy":"product_brand","embeddable":true,"href":"https:\/\/bitessiulai.lt\/de\/wp-json\/wp\/v2\/product_brand?post=16802"},{"taxonomy":"product_cat","embeddable":true,"href":"https:\/\/bitessiulai.lt\/de\/wp-json\/wp\/v2\/product_cat?post=16802"},{"taxonomy":"product_tag","embeddable":true,"href":"https:\/\/bitessiulai.lt\/de\/wp-json\/wp\/v2\/product_tag?post=16802"},{"taxonomy":"giftcard-category","embeddable":true,"href":"https:\/\/bitessiulai.lt\/de\/wp-json\/wp\/v2\/giftcard-category?post=16802"}],"curies":[{"name":"wp","href":"https:\/\/api.w.org\/{rel}","templated":true}]}}