{"id":16146,"date":"2025-09-06T12:39:15","date_gmt":"2025-09-06T09:39:15","guid":{"rendered":"https:\/\/bitessiulai.lt\/?post_type=product&#038;p=16146"},"modified":"2025-12-19T17:16:12","modified_gmt":"2025-12-19T15:16:12","slug":"gleener-swift-audiniu-prieziuros-priemone-su-trimis-antgaliais","status":"publish","type":"product","link":"https:\/\/bitessiulai.lt\/de\/produkt\/gleener-swift-audiniu-prieziuros-priemone-su-trimis-antgaliais\/","title":{"rendered":"Gleener Swift Textilpflegetool mit drei D\u00fcsen"},"content":{"rendered":"<p>Gleener Swift Textilpflegetool mit drei D\u00fcsen \u2013 <span dir=\"auto\">sorgt daf\u00fcr, dass Ihre Kleidung, M\u00f6bel und Wohnaccessoires l\u00e4nger halten, sch\u00f6ner aussehen und Sie l\u00e4nger Freude daran haben. Es sch\u00fctzt Synthetik-, Baumwoll- und Wollstoffe vor Fusseln. Durch Reibung, Waschen oder Abnutzung kann Stoffpilling entstehen. Dadurch ist die gesamte Oberfl\u00e4che mit Fusseln bedeckt und der Stoff sieht pl\u00f6tzlich alt und abgenutzt aus. Mit diesem Textilpflegeprodukt geh\u00f6ren Fusseln schnell der Vergangenheit an.<\/span><\/p>\n<p><span dir=\"auto\">Das Gleener Swift Textilpflegetool liegt dank seines ergonomischen Designs gut in der Hand und verf\u00fcgt \u00fcber drei verschiedene Aufsatzkanten, die an einem Ende befestigt werden k\u00f6nnen:<\/span><\/p>\n<p>&nbsp;<\/p>\n<ul>\n<li><span dir=\"auto\">Kante 1: Geeignet f\u00fcr dicke Wollstoffe, Teppiche, grob gestrickte Schals und M\u00f6belpolster aus schwereren Stoffen<\/span><\/li>\n<li><span dir=\"auto\">Kante 2: geeignet f\u00fcr Materialien wie Kaschmir, Merinowolle und andere feinere Wollarten<\/span><\/li>\n<li><span dir=\"auto\">Kante 3: geeignet f\u00fcr leichte Sommerpullover, T-Shirts, Seide und andere empfindliche Stoffe<\/span><\/li>\n<\/ul>\n<p>&nbsp;<\/p>\n<p><span dir=\"auto\">Der D\u00fcsenwechsel ist kinderleicht. Die Randd\u00fcse wird durch Dr\u00fccken des schwarzen Knopfes gel\u00f6st. Direkt danach l\u00e4sst sich die gew\u00fcnschte D\u00fcse einfach wieder einklicken. Das andere Ende des Gleener Swift Textilpflegetools dient als Fusselrolle, um beispielsweise Staub, Flusen und Tierhaare von der Kleidung zu entfernen. Das Ger\u00e4t ben\u00f6tigt weder Strom noch Batterien und ist somit umweltfreundlich. Jede Packung enth\u00e4lt das Gleener Swift Textilpflegetool mit 3 Randd\u00fcsen und eine praktische Reise- und Aufbewahrungstasche.\u00a0<\/span><\/p>\n<p><img fetchpriority=\"high\" decoding=\"async\" class=\"alignnone size-medium wp-image-16149\" src=\"http:\/\/bitessiulai.lt\/wp-content\/uploads\/2025\/09\/clb-ct-int-6-300x300.webp\" alt=\"\" width=\"300\" height=\"300\" srcset=\"https:\/\/bitessiulai.lt\/wp-content\/uploads\/2025\/09\/clb-ct-int-6-300x300.webp 300w, https:\/\/bitessiulai.lt\/wp-content\/uploads\/2025\/09\/clb-ct-int-6-150x150.webp 150w, https:\/\/bitessiulai.lt\/wp-content\/uploads\/2025\/09\/clb-ct-int-6-12x12.webp 12w, https:\/\/bitessiulai.lt\/wp-content\/uploads\/2025\/09\/clb-ct-int-6-600x600.webp 600w, https:\/\/bitessiulai.lt\/wp-content\/uploads\/2025\/09\/clb-ct-int-6-96x96.webp 96w, https:\/\/bitessiulai.lt\/wp-content\/uploads\/2025\/09\/clb-ct-int-6.webp 700w\" sizes=\"(max-width: 300px) 100vw, 300px\" \/> <img decoding=\"async\" class=\"alignnone size-medium wp-image-16150\" src=\"http:\/\/bitessiulai.lt\/wp-content\/uploads\/2025\/09\/clb-ct-int-4-300x300.webp\" alt=\"\" width=\"300\" height=\"300\" srcset=\"https:\/\/bitessiulai.lt\/wp-content\/uploads\/2025\/09\/clb-ct-int-4-300x300.webp 300w, https:\/\/bitessiulai.lt\/wp-content\/uploads\/2025\/09\/clb-ct-int-4-150x150.webp 150w, https:\/\/bitessiulai.lt\/wp-content\/uploads\/2025\/09\/clb-ct-int-4-12x12.webp 12w, https:\/\/bitessiulai.lt\/wp-content\/uploads\/2025\/09\/clb-ct-int-4-600x600.webp 600w, https:\/\/bitessiulai.lt\/wp-content\/uploads\/2025\/09\/clb-ct-int-4-96x96.webp 96w, https:\/\/bitessiulai.lt\/wp-content\/uploads\/2025\/09\/clb-ct-int-4.webp 700w\" sizes=\"(max-width: 300px) 100vw, 300px\" \/> <img decoding=\"async\" class=\"alignnone size-medium wp-image-16151\" src=\"http:\/\/bitessiulai.lt\/wp-content\/uploads\/2025\/09\/clb-ct-int-2-300x300.webp\" alt=\"\" width=\"300\" height=\"300\" srcset=\"https:\/\/bitessiulai.lt\/wp-content\/uploads\/2025\/09\/clb-ct-int-2-300x300.webp 300w, https:\/\/bitessiulai.lt\/wp-content\/uploads\/2025\/09\/clb-ct-int-2-150x150.webp 150w, https:\/\/bitessiulai.lt\/wp-content\/uploads\/2025\/09\/clb-ct-int-2-12x12.webp 12w, https:\/\/bitessiulai.lt\/wp-content\/uploads\/2025\/09\/clb-ct-int-2-600x600.webp 600w, https:\/\/bitessiulai.lt\/wp-content\/uploads\/2025\/09\/clb-ct-int-2-96x96.webp 96w, https:\/\/bitessiulai.lt\/wp-content\/uploads\/2025\/09\/clb-ct-int-2.webp 700w\" sizes=\"(max-width: 300px) 100vw, 300px\" \/> <img loading=\"lazy\" decoding=\"async\" class=\"alignnone size-medium wp-image-16152\" src=\"http:\/\/bitessiulai.lt\/wp-content\/uploads\/2025\/09\/clb-ct-int-5-300x300.webp\" alt=\"\" width=\"300\" height=\"300\" srcset=\"https:\/\/bitessiulai.lt\/wp-content\/uploads\/2025\/09\/clb-ct-int-5-300x300.webp 300w, https:\/\/bitessiulai.lt\/wp-content\/uploads\/2025\/09\/clb-ct-int-5-150x150.webp 150w, https:\/\/bitessiulai.lt\/wp-content\/uploads\/2025\/09\/clb-ct-int-5-12x12.webp 12w, https:\/\/bitessiulai.lt\/wp-content\/uploads\/2025\/09\/clb-ct-int-5-600x600.webp 600w, https:\/\/bitessiulai.lt\/wp-content\/uploads\/2025\/09\/clb-ct-int-5-96x96.webp 96w, https:\/\/bitessiulai.lt\/wp-content\/uploads\/2025\/09\/clb-ct-int-5.webp 700w\" sizes=\"(max-width: 300px) 100vw, 300px\" \/><\/p>","protected":false},"excerpt":{"rendered":"<p>Gleener Swift audini\u0173 prie\u017ei\u016bros priemon\u0117 su trimis antgaliais &#8211; u\u017etikrina, kad j\u016bs\u0173 drabu\u017eiai, baldai ir nam\u0173 aksesuarai tarnaut\u0173 ilgiau, atrodyt\u0173 geriau, kad gal\u0117tum\u0117te jais ilgiau d\u017eiaugtis. Jis apsaugo sintetinius, medvilninius ir vilnonius audinius nuo p\u016bkeli\u0173. Trintis, skalbimas ar d\u0117v\u0117jimas gali sukelti audinio pumpuravim\u0105. D\u0117l to visas pavir\u0161ius pasidengia p\u016bkeliais, tod\u0117l audinys staiga atrodo senas ir susid\u0117v\u0117j\u0119s. Su \u0161iuo audini\u0173 prie\u017ei\u016bros priemone p\u016bkeliai greitai taps praeitimi. Gleener Swift audini\u0173 prie\u017ei\u016bros priemon\u0117\u00a0patogiai telpa rankoje d\u0117l savo ergonomi\u0161ko dizaino ir turi tris skirtingus priedus-kra\u0161tus, kuriuos galima pritvirtinti prie vieno galo: &nbsp; 1 kra\u0161tas: tinka storiems, vilnoniams audiniams, kilimams, \u0161iurk\u0161tiems megztiems \u0161alikams ir bald\u0173 apmu\u0161alams, pagamintiems i\u0161 sunkesni\u0173 audini\u0173 2 kra\u0161tas: tinka tokioms med\u017eiagoms kaip ka\u0161myras, merino vilna ir kitos smulkesn\u0117s vilnos r\u016b\u0161ys 3 kra\u0161tas: tinka lengviems vasariniams megztiniams, mar\u0161kin\u0117liams, \u0161ilkui ir kitiems subtiliems audiniams &nbsp; Antgal\u012f pakeisti labai paprasta. Antgalis kra\u0161tams atlaisvinamas paspaudus juod\u0105 mygtuk\u0105. I\u0161kart po to galite tiesiog spustel\u0117ti norim\u0105 antgal\u012f atgal. Kitas Gleener Swift audini\u0173 prie\u017ei\u016bros priemon\u0117s galas tarnauja kaip p\u016bkeli\u0173 volelis, skirtas, pavyzd\u017eiui, dulk\u0117ms, p\u016bkeliams ir namini\u0173 gyv\u016bn\u0117li\u0173 plaukams pa\u0161alinti i\u0161 drabu\u017ei\u0173. \u0160iam prietaisui naudoti nereikia maitinimo ar baterij\u0173, tod\u0117l jis taip pat draugi\u0161kas aplinkai. Kiekvienoje pakuot\u0117je yra Gleener Swift audini\u0173 prie\u017ei\u016bros priemon\u0117 su\u00a0 3 antgaliais kra\u0161tams ir patogus kelioninis, laikymo krep\u0161ys.\u00a0<\/p>","protected":false},"featured_media":16147,"comment_status":"open","ping_status":"closed","template":"","meta":[],"product_brand":[],"product_cat":[192,203,3718],"product_tag":[],"giftcard-category":[],"class_list":{"0":"post-16146","1":"product","2":"type-product","3":"status-publish","4":"has-post-thumbnail","6":"product_cat-priedai-mezgimui","7":"product_cat-mezginiu-prieziura","8":"product_cat-naujienos","10":"first","11":"instock","12":"taxable","13":"shipping-taxable","14":"purchasable","15":"product-type-simple"},"_links":{"self":[{"href":"https:\/\/bitessiulai.lt\/de\/wp-json\/wp\/v2\/product\/16146","targetHints":{"allow":["GET"]}}],"collection":[{"href":"https:\/\/bitessiulai.lt\/de\/wp-json\/wp\/v2\/product"}],"about":[{"href":"https:\/\/bitessiulai.lt\/de\/wp-json\/wp\/v2\/types\/product"}],"replies":[{"embeddable":true,"href":"https:\/\/bitessiulai.lt\/de\/wp-json\/wp\/v2\/comments?post=16146"}],"version-history":[{"count":1,"href":"https:\/\/bitessiulai.lt\/de\/wp-json\/wp\/v2\/product\/16146\/revisions"}],"predecessor-version":[{"id":21001,"href":"https:\/\/bitessiulai.lt\/de\/wp-json\/wp\/v2\/product\/16146\/revisions\/21001"}],"wp:featuredmedia":[{"embeddable":true,"href":"https:\/\/bitessiulai.lt\/de\/wp-json\/wp\/v2\/media\/16147"}],"wp:attachment":[{"href":"https:\/\/bitessiulai.lt\/de\/wp-json\/wp\/v2\/media?parent=16146"}],"wp:term":[{"taxonomy":"product_brand","embeddable":true,"href":"https:\/\/bitessiulai.lt\/de\/wp-json\/wp\/v2\/product_brand?post=16146"},{"taxonomy":"product_cat","embeddable":true,"href":"https:\/\/bitessiulai.lt\/de\/wp-json\/wp\/v2\/product_cat?post=16146"},{"taxonomy":"product_tag","embeddable":true,"href":"https:\/\/bitessiulai.lt\/de\/wp-json\/wp\/v2\/product_tag?post=16146"},{"taxonomy":"giftcard-category","embeddable":true,"href":"https:\/\/bitessiulai.lt\/de\/wp-json\/wp\/v2\/giftcard-category?post=16146"}],"curies":[{"name":"wp","href":"https:\/\/api.w.org\/{rel}","templated":true}]}}