{"id":16113,"date":"2025-09-06T11:10:09","date_gmt":"2025-09-06T08:10:09","guid":{"rendered":"https:\/\/bitessiulai.lt\/?post_type=product&#038;p=16113"},"modified":"2026-02-14T13:09:49","modified_gmt":"2026-02-14T11:09:49","slug":"prym-moheros-sukos","status":"publish","type":"product","link":"https:\/\/bitessiulai.lt\/de\/produkt\/prym-moheros-sukos\/","title":{"rendered":"Prym Mohairkamm"},"content":{"rendered":"<p>Prym Mohairkamm. Die Mohairrolle eignet sich zum Auffrischen von Flaumgarn-Kleidungsst\u00fccken und Mohair-Stoffen, ist aber auch f\u00fcr viele andere Zwecke einsetzbar. Die Mohairb\u00fcrste hat einen Kunststoffgriff und die Kunststoffborsten schonen die Fasern.<\/p>","protected":false},"excerpt":{"rendered":"<p>Prym Mohairkamm. Die Mohairrolle eignet sich zum Auffrischen von Flaumgarn-Kleidungsst\u00fccken und Mohair-Stoffen, ist aber auch f\u00fcr viele andere Zwecke einsetzbar. Die Mohairb\u00fcrste hat einen Kunststoffgriff und die Kunststoffborsten schonen die Fasern.<\/p>","protected":false},"featured_media":16114,"comment_status":"open","ping_status":"closed","template":"","meta":[],"product_brand":[],"product_cat":[192,203,3718],"product_tag":[],"giftcard-category":[],"class_list":{"0":"post-16113","1":"product","2":"type-product","3":"status-publish","4":"has-post-thumbnail","6":"product_cat-priedai-mezgimui","7":"product_cat-mezginiu-prieziura","8":"product_cat-naujienos","10":"first","11":"instock","12":"taxable","13":"shipping-taxable","14":"purchasable","15":"product-type-simple"},"_links":{"self":[{"href":"https:\/\/bitessiulai.lt\/de\/wp-json\/wp\/v2\/product\/16113","targetHints":{"allow":["GET"]}}],"collection":[{"href":"https:\/\/bitessiulai.lt\/de\/wp-json\/wp\/v2\/product"}],"about":[{"href":"https:\/\/bitessiulai.lt\/de\/wp-json\/wp\/v2\/types\/product"}],"replies":[{"embeddable":true,"href":"https:\/\/bitessiulai.lt\/de\/wp-json\/wp\/v2\/comments?post=16113"}],"version-history":[{"count":0,"href":"https:\/\/bitessiulai.lt\/de\/wp-json\/wp\/v2\/product\/16113\/revisions"}],"wp:featuredmedia":[{"embeddable":true,"href":"https:\/\/bitessiulai.lt\/de\/wp-json\/wp\/v2\/media\/16114"}],"wp:attachment":[{"href":"https:\/\/bitessiulai.lt\/de\/wp-json\/wp\/v2\/media?parent=16113"}],"wp:term":[{"taxonomy":"product_brand","embeddable":true,"href":"https:\/\/bitessiulai.lt\/de\/wp-json\/wp\/v2\/product_brand?post=16113"},{"taxonomy":"product_cat","embeddable":true,"href":"https:\/\/bitessiulai.lt\/de\/wp-json\/wp\/v2\/product_cat?post=16113"},{"taxonomy":"product_tag","embeddable":true,"href":"https:\/\/bitessiulai.lt\/de\/wp-json\/wp\/v2\/product_tag?post=16113"},{"taxonomy":"giftcard-category","embeddable":true,"href":"https:\/\/bitessiulai.lt\/de\/wp-json\/wp\/v2\/giftcard-category?post=16113"}],"curies":[{"name":"wp","href":"https:\/\/api.w.org\/{rel}","templated":true}]}}