{"id":15930,"date":"2025-09-04T14:14:44","date_gmt":"2025-09-04T11:14:44","guid":{"rendered":"https:\/\/bitessiulai.lt\/?post_type=product&#038;p=15930"},"modified":"2026-02-20T17:47:12","modified_gmt":"2026-02-20T15:47:12","slug":"mezgimo-zurnalas","status":"publish","type":"product","link":"https:\/\/bitessiulai.lt\/de\/produkt\/mezgimo-zurnalas\/","title":{"rendered":"Strickmagazin"},"content":{"rendered":"<p>Die Winterausgabe des Strickmagazins Made by Me (in englischer Sprache) pr\u00e4sentiert erneut stilvolle Kleidung und Accessoires zum Stricken und H\u00e4keln. Die Kollektion, die sich durch modische Schnitte und komplizierte Details auszeichnet, bietet Muster f\u00fcr Stricker aller Niveaus \u2013 von einfachen Designs f\u00fcr Anf\u00e4nger bis hin zu komplexeren Projekten. Das Magazin konzentriert sich auf die hei\u00dfesten Trends der Saison, wobei Burgunderrot und verschiedene Gr\u00fcnt\u00f6ne die Hauptrolle spielen. Wie immer inspiriert das Magazin zu kreativen Experimenten und begeistert die Leser mit ungew\u00f6hnlichen Kombinationen aus Mustern, Farben und Materialien, die die Lust am Stricken in der kalten Jahreszeit wecken.<\/p>\n<p><span dir=\"auto\">\u2013 36 Modelle<\/span><br \/>\n<span dir=\"auto\">\u2013 96 Seiten, Softcover<\/span><br \/>\n<span dir=\"auto\">\u2013 Format: 23\u00d730 cm<\/span><br \/>\n<span dir=\"auto\">\u2013 Herausgeber: Rico Design<\/span><\/p>\n<p><img fetchpriority=\"high\" decoding=\"async\" class=\"alignnone size-medium wp-image-15939\" src=\"http:\/\/bitessiulai.lt\/wp-content\/uploads\/2025\/09\/1184768-904021.022_ML_Q_1_1920x1920-300x300.jpg\" alt=\"\" width=\"300\" height=\"300\" srcset=\"https:\/\/bitessiulai.lt\/wp-content\/uploads\/2025\/09\/1184768-904021.022_ML_Q_1_1920x1920-300x300.jpg 300w, https:\/\/bitessiulai.lt\/wp-content\/uploads\/2025\/09\/1184768-904021.022_ML_Q_1_1920x1920-1024x1024.jpg 1024w, https:\/\/bitessiulai.lt\/wp-content\/uploads\/2025\/09\/1184768-904021.022_ML_Q_1_1920x1920-150x150.jpg 150w, https:\/\/bitessiulai.lt\/wp-content\/uploads\/2025\/09\/1184768-904021.022_ML_Q_1_1920x1920-768x768.jpg 768w, https:\/\/bitessiulai.lt\/wp-content\/uploads\/2025\/09\/1184768-904021.022_ML_Q_1_1920x1920-12x12.jpg 12w, https:\/\/bitessiulai.lt\/wp-content\/uploads\/2025\/09\/1184768-904021.022_ML_Q_1_1920x1920-600x600.jpg 600w, https:\/\/bitessiulai.lt\/wp-content\/uploads\/2025\/09\/1184768-904021.022_ML_Q_1_1920x1920-96x96.jpg 96w, https:\/\/bitessiulai.lt\/wp-content\/uploads\/2025\/09\/1184768-904021.022_ML_Q_1_1920x1920.jpg 1500w\" sizes=\"(max-width: 300px) 100vw, 300px\" \/> <img decoding=\"async\" class=\"alignnone size-medium wp-image-15941\" src=\"http:\/\/bitessiulai.lt\/wp-content\/uploads\/2025\/09\/1184742-904021.018_ML_Q_3_1920x1920-300x300.jpg\" alt=\"\" width=\"300\" height=\"300\" srcset=\"https:\/\/bitessiulai.lt\/wp-content\/uploads\/2025\/09\/1184742-904021.018_ML_Q_3_1920x1920-300x300.jpg 300w, https:\/\/bitessiulai.lt\/wp-content\/uploads\/2025\/09\/1184742-904021.018_ML_Q_3_1920x1920-1024x1024.jpg 1024w, https:\/\/bitessiulai.lt\/wp-content\/uploads\/2025\/09\/1184742-904021.018_ML_Q_3_1920x1920-150x150.jpg 150w, https:\/\/bitessiulai.lt\/wp-content\/uploads\/2025\/09\/1184742-904021.018_ML_Q_3_1920x1920-768x768.jpg 768w, https:\/\/bitessiulai.lt\/wp-content\/uploads\/2025\/09\/1184742-904021.018_ML_Q_3_1920x1920-12x12.jpg 12w, https:\/\/bitessiulai.lt\/wp-content\/uploads\/2025\/09\/1184742-904021.018_ML_Q_3_1920x1920-600x600.jpg 600w, https:\/\/bitessiulai.lt\/wp-content\/uploads\/2025\/09\/1184742-904021.018_ML_Q_3_1920x1920-96x96.jpg 96w, https:\/\/bitessiulai.lt\/wp-content\/uploads\/2025\/09\/1184742-904021.018_ML_Q_3_1920x1920.jpg 1500w\" sizes=\"(max-width: 300px) 100vw, 300px\" \/> <img decoding=\"async\" class=\"alignnone size-medium wp-image-15942\" src=\"http:\/\/bitessiulai.lt\/wp-content\/uploads\/2025\/09\/1184732-904021.015_ML_Q_1_1920x1920-300x300.jpg\" alt=\"\" width=\"300\" height=\"300\" srcset=\"https:\/\/bitessiulai.lt\/wp-content\/uploads\/2025\/09\/1184732-904021.015_ML_Q_1_1920x1920-300x300.jpg 300w, https:\/\/bitessiulai.lt\/wp-content\/uploads\/2025\/09\/1184732-904021.015_ML_Q_1_1920x1920-1024x1024.jpg 1024w, https:\/\/bitessiulai.lt\/wp-content\/uploads\/2025\/09\/1184732-904021.015_ML_Q_1_1920x1920-150x150.jpg 150w, https:\/\/bitessiulai.lt\/wp-content\/uploads\/2025\/09\/1184732-904021.015_ML_Q_1_1920x1920-768x768.jpg 768w, https:\/\/bitessiulai.lt\/wp-content\/uploads\/2025\/09\/1184732-904021.015_ML_Q_1_1920x1920-12x12.jpg 12w, https:\/\/bitessiulai.lt\/wp-content\/uploads\/2025\/09\/1184732-904021.015_ML_Q_1_1920x1920-600x600.jpg 600w, https:\/\/bitessiulai.lt\/wp-content\/uploads\/2025\/09\/1184732-904021.015_ML_Q_1_1920x1920-96x96.jpg 96w, https:\/\/bitessiulai.lt\/wp-content\/uploads\/2025\/09\/1184732-904021.015_ML_Q_1_1920x1920.jpg 1500w\" sizes=\"(max-width: 300px) 100vw, 300px\" \/> <img loading=\"lazy\" decoding=\"async\" class=\"alignnone size-medium wp-image-15943\" src=\"http:\/\/bitessiulai.lt\/wp-content\/uploads\/2025\/09\/1184694-904021.005_ML_Q_1_1920x1920-300x300.jpg\" alt=\"\" width=\"300\" height=\"300\" srcset=\"https:\/\/bitessiulai.lt\/wp-content\/uploads\/2025\/09\/1184694-904021.005_ML_Q_1_1920x1920-300x300.jpg 300w, https:\/\/bitessiulai.lt\/wp-content\/uploads\/2025\/09\/1184694-904021.005_ML_Q_1_1920x1920-1024x1024.jpg 1024w, https:\/\/bitessiulai.lt\/wp-content\/uploads\/2025\/09\/1184694-904021.005_ML_Q_1_1920x1920-150x150.jpg 150w, https:\/\/bitessiulai.lt\/wp-content\/uploads\/2025\/09\/1184694-904021.005_ML_Q_1_1920x1920-768x768.jpg 768w, https:\/\/bitessiulai.lt\/wp-content\/uploads\/2025\/09\/1184694-904021.005_ML_Q_1_1920x1920-12x12.jpg 12w, https:\/\/bitessiulai.lt\/wp-content\/uploads\/2025\/09\/1184694-904021.005_ML_Q_1_1920x1920-600x600.jpg 600w, https:\/\/bitessiulai.lt\/wp-content\/uploads\/2025\/09\/1184694-904021.005_ML_Q_1_1920x1920-96x96.jpg 96w, https:\/\/bitessiulai.lt\/wp-content\/uploads\/2025\/09\/1184694-904021.005_ML_Q_1_1920x1920.jpg 1500w\" sizes=\"(max-width: 300px) 100vw, 300px\" \/> <img loading=\"lazy\" decoding=\"async\" class=\"alignnone size-medium wp-image-15944\" src=\"http:\/\/bitessiulai.lt\/wp-content\/uploads\/2025\/09\/1185807-MBM_21_Seite_63_STS_Q_1920x1920-300x300.jpg\" alt=\"\" width=\"300\" height=\"300\" srcset=\"https:\/\/bitessiulai.lt\/wp-content\/uploads\/2025\/09\/1185807-MBM_21_Seite_63_STS_Q_1920x1920-300x300.jpg 300w, https:\/\/bitessiulai.lt\/wp-content\/uploads\/2025\/09\/1185807-MBM_21_Seite_63_STS_Q_1920x1920-1024x1024.jpg 1024w, https:\/\/bitessiulai.lt\/wp-content\/uploads\/2025\/09\/1185807-MBM_21_Seite_63_STS_Q_1920x1920-150x150.jpg 150w, https:\/\/bitessiulai.lt\/wp-content\/uploads\/2025\/09\/1185807-MBM_21_Seite_63_STS_Q_1920x1920-768x768.jpg 768w, https:\/\/bitessiulai.lt\/wp-content\/uploads\/2025\/09\/1185807-MBM_21_Seite_63_STS_Q_1920x1920-12x12.jpg 12w, https:\/\/bitessiulai.lt\/wp-content\/uploads\/2025\/09\/1185807-MBM_21_Seite_63_STS_Q_1920x1920-600x600.jpg 600w, https:\/\/bitessiulai.lt\/wp-content\/uploads\/2025\/09\/1185807-MBM_21_Seite_63_STS_Q_1920x1920-96x96.jpg 96w, https:\/\/bitessiulai.lt\/wp-content\/uploads\/2025\/09\/1185807-MBM_21_Seite_63_STS_Q_1920x1920.jpg 1500w\" sizes=\"(max-width: 300px) 100vw, 300px\" \/><\/p>","protected":false},"excerpt":{"rendered":"<p>Mezgimo \u017eurnalas \u201eMade by Me\u201c \u017eiemos leidimas (angl\u0173 kalba) v\u0117l pristato stilingus drabu\u017eius ir aksesuarus mezgimui ir n\u0117rimui. Madingais kirpimais ir \u012fmantriomis detal\u0117mis pasi\u017eyminti kolekcija, kuri si\u016blo modelius vis\u0173 lygi\u0173 mezg\u0117jams \u2013 nuo \u200b\u200bpaprast\u0173 dizain\u0173 pradedantiesiems iki sud\u0117tingesni\u0173 projekt\u0173. \u017durnalas daugiausia d\u0117mesio skiria kar\u0161\u010diausioms sezono tendencijoms, o pagrindin\u012f vaidmen\u012f atlieka bordo raudona ir \u012fvair\u016bs \u017ealios spalvos atspalviai. Kaip visada, \u017eurnalas \u012fkvepia k\u016brybiniams eksperimentams ir d\u017eiugina skaitytojus ne\u012fprastais ra\u0161t\u0173, spalv\u0173 ir med\u017eiag\u0173 deriniais, kurie su\u017eadina nor\u0105 megzti \u0161altuoju met\u0173 laiku. &#8211; 36 modeliai &#8211; 96 puslapiai mink\u0161tais vir\u0161eliais &#8211; Formatas: 23&#215;30 cm &#8211; Leid\u0117jas: \u201eRico Design\u201c<\/p>","protected":false},"featured_media":15931,"comment_status":"open","ping_status":"closed","template":"","meta":[],"product_brand":[],"product_cat":[192,3352,3718],"product_tag":[],"giftcard-category":[],"class_list":{"0":"post-15930","1":"product","2":"type-product","3":"status-publish","4":"has-post-thumbnail","6":"product_cat-priedai-mezgimui","7":"product_cat-knygos-zurnalai","8":"product_cat-naujienos","10":"first","11":"instock","12":"taxable","13":"shipping-taxable","14":"purchasable","15":"product-type-simple"},"_links":{"self":[{"href":"https:\/\/bitessiulai.lt\/de\/wp-json\/wp\/v2\/product\/15930","targetHints":{"allow":["GET"]}}],"collection":[{"href":"https:\/\/bitessiulai.lt\/de\/wp-json\/wp\/v2\/product"}],"about":[{"href":"https:\/\/bitessiulai.lt\/de\/wp-json\/wp\/v2\/types\/product"}],"replies":[{"embeddable":true,"href":"https:\/\/bitessiulai.lt\/de\/wp-json\/wp\/v2\/comments?post=15930"}],"version-history":[{"count":0,"href":"https:\/\/bitessiulai.lt\/de\/wp-json\/wp\/v2\/product\/15930\/revisions"}],"wp:featuredmedia":[{"embeddable":true,"href":"https:\/\/bitessiulai.lt\/de\/wp-json\/wp\/v2\/media\/15931"}],"wp:attachment":[{"href":"https:\/\/bitessiulai.lt\/de\/wp-json\/wp\/v2\/media?parent=15930"}],"wp:term":[{"taxonomy":"product_brand","embeddable":true,"href":"https:\/\/bitessiulai.lt\/de\/wp-json\/wp\/v2\/product_brand?post=15930"},{"taxonomy":"product_cat","embeddable":true,"href":"https:\/\/bitessiulai.lt\/de\/wp-json\/wp\/v2\/product_cat?post=15930"},{"taxonomy":"product_tag","embeddable":true,"href":"https:\/\/bitessiulai.lt\/de\/wp-json\/wp\/v2\/product_tag?post=15930"},{"taxonomy":"giftcard-category","embeddable":true,"href":"https:\/\/bitessiulai.lt\/de\/wp-json\/wp\/v2\/giftcard-category?post=15930"}],"curies":[{"name":"wp","href":"https:\/\/api.w.org\/{rel}","templated":true}]}}