{"id":14570,"date":"2025-07-31T13:28:59","date_gmt":"2025-07-31T10:28:59","guid":{"rendered":"https:\/\/bitessiulai.lt\/?post_type=product&#038;p=14570"},"modified":"2026-04-10T13:44:39","modified_gmt":"2026-04-10T10:44:39","slug":"midara-silk-mohair","status":"publish","type":"product","link":"https:\/\/bitessiulai.lt\/de\/produkt\/midara-silk-mohair\/","title":{"rendered":"Midara Seidenmohair"},"content":{"rendered":"<p>Midara Silk Mohair ist ein sehr beliebtes, d\u00fcnnes, flauschiges Garn, das sich f\u00fcr verschiedene Projekte eignet und jedem Anlass einen besonderen Charme verleiht. Es ist sehr weich, kann allein gestrickt werden und l\u00e4sst sich gut mit anderen Garnen kombinieren. Es ist in einer gro\u00dfen Farbpalette erh\u00e4ltlich.<\/p>\n<p>&nbsp;<\/p>\n<p>*Die Farben, die Sie auf Ihrem Bildschirm sehen, k\u00f6nnen leicht von der tats\u00e4chlichen Garnfarbe abweichen.<\/p>","protected":false},"excerpt":{"rendered":"<p>Zusammensetzung: 72% Kid Mohair, 28% Maulbeerseide<\/p>\n<p>Gewicht\/L\u00e4nge: 25 g = ca. 210 m.<\/p>\n<p>Empfohlene Nadelst\u00e4rke: 1,5 \u2013 4 mm.<\/p>","protected":false},"featured_media":14571,"comment_status":"open","ping_status":"closed","template":"","meta":[],"product_brand":[],"product_cat":[173,177,3096,362,3342,1283,174,175],"product_tag":[],"giftcard-category":[],"class_list":{"0":"post-14570","1":"product","2":"type-product","3":"status-publish","4":"has-post-thumbnail","6":"product_cat-siulai","7":"product_cat-mezgimo-siulai","8":"product_cat-midara","9":"product_cat-mohera","10":"product_cat-silk-mohair","11":"product_cat-silkas","12":"product_cat-siulu-gamintojai","13":"product_cat-siulu-pluostai","15":"first","16":"instock","17":"taxable","18":"shipping-taxable","19":"purchasable","20":"product-type-variable"},"_links":{"self":[{"href":"https:\/\/bitessiulai.lt\/de\/wp-json\/wp\/v2\/product\/14570","targetHints":{"allow":["GET"]}}],"collection":[{"href":"https:\/\/bitessiulai.lt\/de\/wp-json\/wp\/v2\/product"}],"about":[{"href":"https:\/\/bitessiulai.lt\/de\/wp-json\/wp\/v2\/types\/product"}],"replies":[{"embeddable":true,"href":"https:\/\/bitessiulai.lt\/de\/wp-json\/wp\/v2\/comments?post=14570"}],"version-history":[{"count":0,"href":"https:\/\/bitessiulai.lt\/de\/wp-json\/wp\/v2\/product\/14570\/revisions"}],"wp:featuredmedia":[{"embeddable":true,"href":"https:\/\/bitessiulai.lt\/de\/wp-json\/wp\/v2\/media\/14571"}],"wp:attachment":[{"href":"https:\/\/bitessiulai.lt\/de\/wp-json\/wp\/v2\/media?parent=14570"}],"wp:term":[{"taxonomy":"product_brand","embeddable":true,"href":"https:\/\/bitessiulai.lt\/de\/wp-json\/wp\/v2\/product_brand?post=14570"},{"taxonomy":"product_cat","embeddable":true,"href":"https:\/\/bitessiulai.lt\/de\/wp-json\/wp\/v2\/product_cat?post=14570"},{"taxonomy":"product_tag","embeddable":true,"href":"https:\/\/bitessiulai.lt\/de\/wp-json\/wp\/v2\/product_tag?post=14570"},{"taxonomy":"giftcard-category","embeddable":true,"href":"https:\/\/bitessiulai.lt\/de\/wp-json\/wp\/v2\/giftcard-category?post=14570"}],"curies":[{"name":"wp","href":"https:\/\/api.w.org\/{rel}","templated":true}]}}